{"id":77245,"date":"2025-07-14T15:03:25","date_gmt":"2025-07-14T12:03:25","guid":{"rendered":"https:\/\/demo8.ecube.lv\/sezona.lv\/products\/leduscirtna-certe-edelrid-adze\/"},"modified":"2025-07-14T15:03:25","modified_gmt":"2025-07-14T12:03:25","slug":"leduscirtna-certe-edelrid-adze","status":"publish","type":"product","link":"https:\/\/sezona.lv\/en\/products\/leduscirtna-certe-edelrid-adze\/","title":{"rendered":"Leduscirt\u0146a c\u0113rte Edelrid Adze"},"content":{"rendered":"<p><label>M\u0113rvien\u012bba: gabali<\/label><\/p>\n<p><label>Vid\u0113jais svars: 0.08 kg<\/label><\/p>\n<p id=\"item-colors\">Leduscirt\u0146a c\u0113rte. Piem\u0113rota Rage, Riot un Raid leduscirt\u0146iem.<\/p>\n","protected":false},"excerpt":{"rendered":"<p>M\u0113rvien\u012bba: gabali Vid\u0113jais svars: 0.08 kg Leduscirt\u0146a c\u0113rte. Piem\u0113rota Rage, Riot un Raid leduscirt\u0146iem.<\/p>\n","protected":false},"featured_media":0,"template":"","meta":[],"product_brand":[3348],"product_cat":[4851,4859,4868],"product_tag":[],"class_list":{"0":"post-77245","1":"product","2":"type-product","3":"status-publish","5":"product_brand-edelrid","6":"product_cat-mountaineering-equipment-recreation","7":"product_cat-for-rock-climbing-mountaineering-mountaineering-equipment-recreation","8":"product_cat-ice-axes-for-rock-climbing-mountaineering-mountaineering-equipment-recreation","10":"first","11":"instock","12":"shipping-taxable","13":"purchasable","14":"product-type-simple"},"_links":{"self":[{"href":"https:\/\/sezona.lv\/en\/wp-json\/wp\/v2\/product\/77245","targetHints":{"allow":["GET"]}}],"collection":[{"href":"https:\/\/sezona.lv\/en\/wp-json\/wp\/v2\/product"}],"about":[{"href":"https:\/\/sezona.lv\/en\/wp-json\/wp\/v2\/types\/product"}],"wp:attachment":[{"href":"https:\/\/sezona.lv\/en\/wp-json\/wp\/v2\/media?parent=77245"}],"wp:term":[{"taxonomy":"product_brand","embeddable":true,"href":"https:\/\/sezona.lv\/en\/wp-json\/wp\/v2\/product_brand?post=77245"},{"taxonomy":"product_cat","embeddable":true,"href":"https:\/\/sezona.lv\/en\/wp-json\/wp\/v2\/product_cat?post=77245"},{"taxonomy":"product_tag","embeddable":true,"href":"https:\/\/sezona.lv\/en\/wp-json\/wp\/v2\/product_tag?post=77245"}],"curies":[{"name":"wp","href":"https:\/\/api.w.org\/{rel}","templated":true}]}}