{"id":77246,"date":"2025-07-14T15:03:26","date_gmt":"2025-07-14T12:03:26","guid":{"rendered":"https:\/\/demo8.ecube.lv\/sezona.lv\/products\/ledus-cirtna-amurs-petzl-u19-mlt\/"},"modified":"2025-07-14T15:03:26","modified_gmt":"2025-07-14T12:03:26","slug":"ledus-cirtna-amurs-petzl-u19-mlt","status":"publish","type":"product","link":"https:\/\/sezona.lv\/en\/products\/ledus-cirtna-amurs-petzl-u19-mlt\/","title":{"rendered":"Ledus cirt\u0146a \u0101murs Petzl U19 MLT"},"content":{"rendered":"<p><label>M\u0113rvien\u012bba: gabali<\/label><\/p>\n<p><label>Vid\u0113jais svars: 0.02 kg<\/label><\/p>\n<p id=\"item-description\">Viegls un iztur\u012bgs leduscirt\u0146a \u0101murs, kas piem\u0113rots Ergo, Nomic un Quark leduscirt\u0146iem. &Scaron;\u012b \u0101mura trapecveida formas saskares virsma \u012bpa&scaron;i piem\u0113rota ledus k\u0101p&scaron;anas leduscirt\u0146iem. Materi\u0101ls: t\u0113rauds.<\/p>\n","protected":false},"excerpt":{"rendered":"<p>M\u0113rvien\u012bba: gabali Vid\u0113jais svars: 0.02 kg Viegls un iztur\u012bgs leduscirt\u0146a \u0101murs, kas piem\u0113rots Ergo, Nomic un Quark leduscirt\u0146iem. &Scaron;\u012b \u0101mura trapecveida formas saskares virsma \u012bpa&scaron;i piem\u0113rota ledus k\u0101p&scaron;anas leduscirt\u0146iem. Materi\u0101ls: t\u0113rauds.<\/p>\n","protected":false},"featured_media":0,"template":"","meta":[],"product_brand":[957],"product_cat":[4851,4859,4868],"product_tag":[],"class_list":{"0":"post-77246","1":"product","2":"type-product","3":"status-publish","5":"product_brand-petzl","6":"product_cat-mountaineering-equipment-recreation","7":"product_cat-for-rock-climbing-mountaineering-mountaineering-equipment-recreation","8":"product_cat-ice-axes-for-rock-climbing-mountaineering-mountaineering-equipment-recreation","10":"first","11":"instock","12":"shipping-taxable","13":"purchasable","14":"product-type-simple"},"_links":{"self":[{"href":"https:\/\/sezona.lv\/en\/wp-json\/wp\/v2\/product\/77246","targetHints":{"allow":["GET"]}}],"collection":[{"href":"https:\/\/sezona.lv\/en\/wp-json\/wp\/v2\/product"}],"about":[{"href":"https:\/\/sezona.lv\/en\/wp-json\/wp\/v2\/types\/product"}],"wp:attachment":[{"href":"https:\/\/sezona.lv\/en\/wp-json\/wp\/v2\/media?parent=77246"}],"wp:term":[{"taxonomy":"product_brand","embeddable":true,"href":"https:\/\/sezona.lv\/en\/wp-json\/wp\/v2\/product_brand?post=77246"},{"taxonomy":"product_cat","embeddable":true,"href":"https:\/\/sezona.lv\/en\/wp-json\/wp\/v2\/product_cat?post=77246"},{"taxonomy":"product_tag","embeddable":true,"href":"https:\/\/sezona.lv\/en\/wp-json\/wp\/v2\/product_tag?post=77246"}],"curies":[{"name":"wp","href":"https:\/\/api.w.org\/{rel}","templated":true}]}}