{"id":77247,"date":"2025-07-14T15:03:27","date_gmt":"2025-07-14T12:03:27","guid":{"rendered":"https:\/\/demo8.ecube.lv\/sezona.lv\/products\/cilpa-leduscirtnim-edelrid-spinner-leash\/"},"modified":"2025-07-14T15:03:27","modified_gmt":"2025-07-14T12:03:27","slug":"cilpa-leduscirtnim-edelrid-spinner-leash","status":"publish","type":"product","link":"https:\/\/sezona.lv\/en\/products\/cilpa-leduscirtnim-edelrid-spinner-leash\/","title":{"rendered":"Cilpa leduscirtnim Edelrid Spinner Leash"},"content":{"rendered":"<p><label>M\u0113rvien\u012bba: gabali<\/label><\/p>\n<p><label>Vid\u0113jais svars: 0.05 kg<\/label><\/p>\n<p id=\"item-description\">Elast\u012bga, Y-formas leduscirt\u0146a cilpa. Elast\u012bgie cilpas gali \u013cauj tur\u0113t leduscirtni paroc\u012bg\u0101 poz\u012bcij\u0101, taj\u0101 pa&scaron;\u0101 laik\u0101 pie\u013caujot kust\u012bbu br\u012bv\u012bbu un elast\u012bbu. Cilpas galos divas alum\u012bnija stiprin\u0101&scaron;anas karab\u012bnes. Iztur\u012bba: 350 kg.<\/p>\n","protected":false},"excerpt":{"rendered":"<p>M\u0113rvien\u012bba: gabali Vid\u0113jais svars: 0.05 kg Elast\u012bga, Y-formas leduscirt\u0146a cilpa. Elast\u012bgie cilpas gali \u013cauj tur\u0113t leduscirtni paroc\u012bg\u0101 poz\u012bcij\u0101, taj\u0101 pa&scaron;\u0101 laik\u0101 pie\u013caujot kust\u012bbu br\u012bv\u012bbu un elast\u012bbu. Cilpas galos divas alum\u012bnija stiprin\u0101&scaron;anas karab\u012bnes. Iztur\u012bba: 350 kg.<\/p>\n","protected":false},"featured_media":0,"template":"","meta":[],"product_brand":[3348],"product_cat":[4851,4859,4868],"product_tag":[],"class_list":{"0":"post-77247","1":"product","2":"type-product","3":"status-publish","5":"product_brand-edelrid","6":"product_cat-mountaineering-equipment-recreation","7":"product_cat-for-rock-climbing-mountaineering-mountaineering-equipment-recreation","8":"product_cat-ice-axes-for-rock-climbing-mountaineering-mountaineering-equipment-recreation","10":"first","11":"instock","12":"shipping-taxable","13":"purchasable","14":"product-type-simple"},"_links":{"self":[{"href":"https:\/\/sezona.lv\/en\/wp-json\/wp\/v2\/product\/77247","targetHints":{"allow":["GET"]}}],"collection":[{"href":"https:\/\/sezona.lv\/en\/wp-json\/wp\/v2\/product"}],"about":[{"href":"https:\/\/sezona.lv\/en\/wp-json\/wp\/v2\/types\/product"}],"wp:attachment":[{"href":"https:\/\/sezona.lv\/en\/wp-json\/wp\/v2\/media?parent=77247"}],"wp:term":[{"taxonomy":"product_brand","embeddable":true,"href":"https:\/\/sezona.lv\/en\/wp-json\/wp\/v2\/product_brand?post=77247"},{"taxonomy":"product_cat","embeddable":true,"href":"https:\/\/sezona.lv\/en\/wp-json\/wp\/v2\/product_cat?post=77247"},{"taxonomy":"product_tag","embeddable":true,"href":"https:\/\/sezona.lv\/en\/wp-json\/wp\/v2\/product_tag?post=77247"}],"curies":[{"name":"wp","href":"https:\/\/api.w.org\/{rel}","templated":true}]}}