{"id":77249,"date":"2025-07-14T15:03:29","date_gmt":"2025-07-14T12:03:29","guid":{"rendered":"https:\/\/demo8.ecube.lv\/sezona.lv\/products\/leduscirtna-asmens-edelrid-alpine-blade\/"},"modified":"2025-07-14T15:03:29","modified_gmt":"2025-07-14T12:03:29","slug":"leduscirtna-asmens-edelrid-alpine-blade","status":"publish","type":"product","link":"https:\/\/sezona.lv\/en\/products\/leduscirtna-asmens-edelrid-alpine-blade\/","title":{"rendered":"Leduscirt\u0146a asmens Edelrid Alpine Blade"},"content":{"rendered":"<p><label>M\u0113rvien\u012bba: gabali<\/label><\/p>\n<p><label>Vid\u0113jais svars: 0.15 kg<\/label><\/p>\n<p id=\"item-description\">Leduscirt\u0146a asmens, kas piem\u0113rots kalnu mar&scaron;rutiem, iek\u013caujot gan ledus k\u0101p&scaron;anu, gan ar\u012b klin&scaron;u mar&scaron;rutus (kombin\u0113tie mar&scaron;ruti). Nodro&scaron;ina labu iecirtienu. Paredz\u0113ts Raid, Riot un Rage leduscirt\u0146iem.<\/p>\n","protected":false},"excerpt":{"rendered":"<p>M\u0113rvien\u012bba: gabali Vid\u0113jais svars: 0.15 kg Leduscirt\u0146a asmens, kas piem\u0113rots kalnu mar&scaron;rutiem, iek\u013caujot gan ledus k\u0101p&scaron;anu, gan ar\u012b klin&scaron;u mar&scaron;rutus (kombin\u0113tie mar&scaron;ruti). Nodro&scaron;ina labu iecirtienu. Paredz\u0113ts Raid, Riot un Rage leduscirt\u0146iem.<\/p>\n","protected":false},"featured_media":0,"template":"","meta":[],"product_brand":[3348],"product_cat":[4851,4859,4868],"product_tag":[],"class_list":{"0":"post-77249","1":"product","2":"type-product","3":"status-publish","5":"product_brand-edelrid","6":"product_cat-mountaineering-equipment-recreation","7":"product_cat-for-rock-climbing-mountaineering-mountaineering-equipment-recreation","8":"product_cat-ice-axes-for-rock-climbing-mountaineering-mountaineering-equipment-recreation","10":"first","11":"instock","12":"shipping-taxable","13":"purchasable","14":"product-type-simple"},"_links":{"self":[{"href":"https:\/\/sezona.lv\/en\/wp-json\/wp\/v2\/product\/77249","targetHints":{"allow":["GET"]}}],"collection":[{"href":"https:\/\/sezona.lv\/en\/wp-json\/wp\/v2\/product"}],"about":[{"href":"https:\/\/sezona.lv\/en\/wp-json\/wp\/v2\/types\/product"}],"wp:attachment":[{"href":"https:\/\/sezona.lv\/en\/wp-json\/wp\/v2\/media?parent=77249"}],"wp:term":[{"taxonomy":"product_brand","embeddable":true,"href":"https:\/\/sezona.lv\/en\/wp-json\/wp\/v2\/product_brand?post=77249"},{"taxonomy":"product_cat","embeddable":true,"href":"https:\/\/sezona.lv\/en\/wp-json\/wp\/v2\/product_cat?post=77249"},{"taxonomy":"product_tag","embeddable":true,"href":"https:\/\/sezona.lv\/en\/wp-json\/wp\/v2\/product_tag?post=77249"}],"curies":[{"name":"wp","href":"https:\/\/api.w.org\/{rel}","templated":true}]}}