{"id":77252,"date":"2025-07-14T15:03:32","date_gmt":"2025-07-14T12:03:32","guid":{"rendered":"https:\/\/demo8.ecube.lv\/sezona.lv\/products\/leduscirtna-asmens-petzl-dry\/"},"modified":"2025-07-14T15:03:32","modified_gmt":"2025-07-14T12:03:32","slug":"leduscirtna-asmens-petzl-dry","status":"publish","type":"product","link":"https:\/\/sezona.lv\/en\/products\/leduscirtna-asmens-petzl-dry\/","title":{"rendered":"Leduscirt\u0146a asmens Petzl Dry"},"content":{"rendered":"<p><label>M\u0113rvien\u012bba: gabali<\/label><\/p>\n<p><label>Svars: 0.13 kg<\/label><\/p>\n<p id=\"item-description\">Drait\u016blingam (Dry tooling) piem\u0113rots ledus cirt\u0146a asmens. Asmens (4 mm biezs) \u012bpa&scaron;i paredz\u0113ts drait\u016blingam un ekstr\u0113mai ledus k\u0101p&scaron;anai. Tam ir zobi zem\u0101kaj\u0101 da\u013c\u0101 ie\u0101\u0137\u0113&scaron;anai un aug&scaron;\u0113j\u0101 da\u013c\u0101 reversajai poz\u012bcijai. Asmens tips: T; Materi\u0101ls: T\u0113rauds; Savietojams ar sekojo&scaron;iem leduscirt\u0146iem: Quark (U19 M2, U19 P2), Nomic (U21, U21 2, U21 3), Ergo (U22, U22 2); Sertifik\u0101cija: CE, UIAA.<\/p>\n","protected":false},"excerpt":{"rendered":"<p>M\u0113rvien\u012bba: gabali Svars: 0.13 kg Drait\u016blingam (Dry tooling) piem\u0113rots ledus cirt\u0146a asmens. Asmens (4 mm biezs) \u012bpa&scaron;i paredz\u0113ts drait\u016blingam un ekstr\u0113mai ledus k\u0101p&scaron;anai. Tam ir zobi zem\u0101kaj\u0101 da\u013c\u0101 ie\u0101\u0137\u0113&scaron;anai un aug&scaron;\u0113j\u0101 da\u013c\u0101 reversajai poz\u012bcijai. Asmens tips: T; Materi\u0101ls: T\u0113rauds; Savietojams ar sekojo&scaron;iem leduscirt\u0146iem: Quark (U19 M2, U19 P2), Nomic (U21, U21 2, U21 3), Ergo [&hellip;]<\/p>\n","protected":false},"featured_media":0,"template":"","meta":[],"product_brand":[957],"product_cat":[4851,4859,4868],"product_tag":[],"class_list":{"0":"post-77252","1":"product","2":"type-product","3":"status-publish","5":"product_brand-petzl","6":"product_cat-mountaineering-equipment-recreation","7":"product_cat-for-rock-climbing-mountaineering-mountaineering-equipment-recreation","8":"product_cat-ice-axes-for-rock-climbing-mountaineering-mountaineering-equipment-recreation","10":"first","11":"instock","12":"shipping-taxable","13":"purchasable","14":"product-type-simple"},"_links":{"self":[{"href":"https:\/\/sezona.lv\/en\/wp-json\/wp\/v2\/product\/77252","targetHints":{"allow":["GET"]}}],"collection":[{"href":"https:\/\/sezona.lv\/en\/wp-json\/wp\/v2\/product"}],"about":[{"href":"https:\/\/sezona.lv\/en\/wp-json\/wp\/v2\/types\/product"}],"wp:attachment":[{"href":"https:\/\/sezona.lv\/en\/wp-json\/wp\/v2\/media?parent=77252"}],"wp:term":[{"taxonomy":"product_brand","embeddable":true,"href":"https:\/\/sezona.lv\/en\/wp-json\/wp\/v2\/product_brand?post=77252"},{"taxonomy":"product_cat","embeddable":true,"href":"https:\/\/sezona.lv\/en\/wp-json\/wp\/v2\/product_cat?post=77252"},{"taxonomy":"product_tag","embeddable":true,"href":"https:\/\/sezona.lv\/en\/wp-json\/wp\/v2\/product_tag?post=77252"}],"curies":[{"name":"wp","href":"https:\/\/api.w.org\/{rel}","templated":true}]}}