{"id":77253,"date":"2025-07-14T15:03:33","date_gmt":"2025-07-14T12:03:33","guid":{"rendered":"https:\/\/demo8.ecube.lv\/sezona.lv\/products\/cilpa-ledus-cirtnim-petzl-clipper\/"},"modified":"2025-07-14T15:03:33","modified_gmt":"2025-07-14T12:03:33","slug":"cilpa-ledus-cirtnim-petzl-clipper","status":"publish","type":"product","link":"https:\/\/sezona.lv\/en\/products\/cilpa-ledus-cirtnim-petzl-clipper\/","title":{"rendered":"Cilpa ledus cirtnim Petzl Clipper"},"content":{"rendered":"<p><label>M\u0113rvien\u012bba: gabali<\/label><\/p>\n<p><label>Svars: 0.03 kg<\/label><\/p>\n<p id=\"item-description\">Viegli un \u0101tri pieliekama cilpa ledus cirt\u0146iem. Cilp\u0101 iestr\u0101d\u0101ts putu pild\u012bjums, kas nodro&scaron;ina maksim\u0101lu komfortu. Inovat\u012bv\u0101 stiprin\u0101&scaron;anas sist\u0113ma \u013cauj cilpu dro&scaron;i nostiprin\u0101t un \u0113rti un \u0101tri atvienot, k\u0101 ar\u012b t\u0101 ir vienk\u0101r&scaron;i regul\u0113jama. Paredz\u0113ta lieto&scaron;anai ledus cirt\u0146iem Quark, Nomic, Aztar, Pulsar, Axar un Quasar ar 5 mm caurumu k\u0101t\u0101.<br \/>Materi\u0101ls: Neilons, poliesteris, alum\u012bnija klipsis.<\/p>\n","protected":false},"excerpt":{"rendered":"<p>M\u0113rvien\u012bba: gabali Svars: 0.03 kg Viegli un \u0101tri pieliekama cilpa ledus cirt\u0146iem. Cilp\u0101 iestr\u0101d\u0101ts putu pild\u012bjums, kas nodro&scaron;ina maksim\u0101lu komfortu. Inovat\u012bv\u0101 stiprin\u0101&scaron;anas sist\u0113ma \u013cauj cilpu dro&scaron;i nostiprin\u0101t un \u0113rti un \u0101tri atvienot, k\u0101 ar\u012b t\u0101 ir vienk\u0101r&scaron;i regul\u0113jama. Paredz\u0113ta lieto&scaron;anai ledus cirt\u0146iem Quark, Nomic, Aztar, Pulsar, Axar un Quasar ar 5 mm caurumu k\u0101t\u0101.Materi\u0101ls: Neilons, [&hellip;]<\/p>\n","protected":false},"featured_media":0,"template":"","meta":[],"product_brand":[957],"product_cat":[4851,4859,4868],"product_tag":[],"class_list":{"0":"post-77253","1":"product","2":"type-product","3":"status-publish","5":"product_brand-petzl","6":"product_cat-mountaineering-equipment-recreation","7":"product_cat-for-rock-climbing-mountaineering-mountaineering-equipment-recreation","8":"product_cat-ice-axes-for-rock-climbing-mountaineering-mountaineering-equipment-recreation","10":"first","11":"instock","12":"shipping-taxable","13":"purchasable","14":"product-type-simple"},"_links":{"self":[{"href":"https:\/\/sezona.lv\/en\/wp-json\/wp\/v2\/product\/77253","targetHints":{"allow":["GET"]}}],"collection":[{"href":"https:\/\/sezona.lv\/en\/wp-json\/wp\/v2\/product"}],"about":[{"href":"https:\/\/sezona.lv\/en\/wp-json\/wp\/v2\/types\/product"}],"wp:attachment":[{"href":"https:\/\/sezona.lv\/en\/wp-json\/wp\/v2\/media?parent=77253"}],"wp:term":[{"taxonomy":"product_brand","embeddable":true,"href":"https:\/\/sezona.lv\/en\/wp-json\/wp\/v2\/product_brand?post=77253"},{"taxonomy":"product_cat","embeddable":true,"href":"https:\/\/sezona.lv\/en\/wp-json\/wp\/v2\/product_cat?post=77253"},{"taxonomy":"product_tag","embeddable":true,"href":"https:\/\/sezona.lv\/en\/wp-json\/wp\/v2\/product_tag?post=77253"}],"curies":[{"name":"wp","href":"https:\/\/api.w.org\/{rel}","templated":true}]}}