{"id":77254,"date":"2025-07-14T15:03:34","date_gmt":"2025-07-14T12:03:34","guid":{"rendered":"https:\/\/demo8.ecube.lv\/sezona.lv\/products\/leduscirtnis-petzl-snowracer-50cm\/"},"modified":"2025-07-14T15:03:34","modified_gmt":"2025-07-14T12:03:34","slug":"leduscirtnis-petzl-snowracer-50cm","status":"publish","type":"product","link":"https:\/\/sezona.lv\/en\/products\/leduscirtnis-petzl-snowracer-50cm\/","title":{"rendered":"Leduscirtnis Petzl Snowracer 50cm"},"content":{"rendered":"<p><span>\u013boti viegls un \u012bss klasiskais leduscirtnis, paredz\u0113ts kalnu sl\u0113pot\u0101jiem \u0101rpus tras\u0113m.<\/span><\/p>\n<ul class=\"item_traits\">\n<li class=\"odd\"><label>Garums:<\/label>50 cm<\/li>\n<li><label>K\u0101ta tips:<\/label>B<\/li>\n<li class=\"odd\"><label>Rokas cilpa:<\/label>Nav<\/li>\n<li><label>Svars:<\/label>340 g<\/li>\n<\/ul>\n","protected":false},"excerpt":{"rendered":"<p>\u013boti viegls un \u012bss klasiskais leduscirtnis, paredz\u0113ts kalnu sl\u0113pot\u0101jiem \u0101rpus tras\u0113m. Garums:50 cm K\u0101ta tips:B Rokas cilpa:Nav Svars:340 g<\/p>\n","protected":false},"featured_media":0,"template":"","meta":[],"product_brand":[957],"product_cat":[4851,4859,4868],"product_tag":[],"class_list":{"0":"post-77254","1":"product","2":"type-product","3":"status-publish","5":"product_brand-petzl","6":"product_cat-mountaineering-equipment-recreation","7":"product_cat-for-rock-climbing-mountaineering-mountaineering-equipment-recreation","8":"product_cat-ice-axes-for-rock-climbing-mountaineering-mountaineering-equipment-recreation","10":"first","11":"instock","12":"shipping-taxable","13":"purchasable","14":"product-type-simple"},"_links":{"self":[{"href":"https:\/\/sezona.lv\/en\/wp-json\/wp\/v2\/product\/77254","targetHints":{"allow":["GET"]}}],"collection":[{"href":"https:\/\/sezona.lv\/en\/wp-json\/wp\/v2\/product"}],"about":[{"href":"https:\/\/sezona.lv\/en\/wp-json\/wp\/v2\/types\/product"}],"wp:attachment":[{"href":"https:\/\/sezona.lv\/en\/wp-json\/wp\/v2\/media?parent=77254"}],"wp:term":[{"taxonomy":"product_brand","embeddable":true,"href":"https:\/\/sezona.lv\/en\/wp-json\/wp\/v2\/product_brand?post=77254"},{"taxonomy":"product_cat","embeddable":true,"href":"https:\/\/sezona.lv\/en\/wp-json\/wp\/v2\/product_cat?post=77254"},{"taxonomy":"product_tag","embeddable":true,"href":"https:\/\/sezona.lv\/en\/wp-json\/wp\/v2\/product_tag?post=77254"}],"curies":[{"name":"wp","href":"https:\/\/api.w.org\/{rel}","templated":true}]}}