{"id":77256,"date":"2025-07-14T15:03:36","date_gmt":"2025-07-14T12:03:36","guid":{"rendered":"https:\/\/demo8.ecube.lv\/sezona.lv\/products\/leduscirtnis-petzl-snowalker-68cm\/"},"modified":"2025-07-14T15:03:36","modified_gmt":"2025-07-14T12:03:36","slug":"leduscirtnis-petzl-snowalker-68cm","status":"publish","type":"product","link":"https:\/\/sezona.lv\/en\/products\/leduscirtnis-petzl-snowalker-68cm\/","title":{"rendered":"Leduscirtnis Petzl Snowalker 68cm"},"content":{"rendered":"<p><span>Viegls, klasiska dizaina leduscirtnis led\u0101ju &scaron;\u0137\u0113rso&scaron;anai un viegliem sniegotu nog\u0101\u017eu mar&scaron;rutiem.&nbsp;<\/span><br \/><span>Leduscirt\u0146a t\u0113rauda asmens darbosies pat ciet\u0101 snieg\u0101 un led\u016b. Leduscirtnim ir plata un efekt\u012bva c\u0113rte. Anodiz\u0113tais k\u0101ts izgatavots no augstas kvalit\u0101tes un iztur\u012bbas 7075 alum\u012bnija. Apr\u012bkots ar RANDO rokas cilpu. C\u0113rt\u0113 iesp\u0113jams ievietot karab\u012bnes vai cilpas.<\/span><\/p>\n<ul id=\"traits_1519\" class=\"item_traits\">\n<li class=\"odd\"><label>Kr\u0101sa:<\/label>Sudraba<\/li>\n<li><label>Garums:<\/label>68 cm<\/li>\n<li class=\"odd\"><label>Garums:<\/label>68 cm<\/li>\n<li><label>K\u0101ta tips:<\/label>B<\/li>\n<li class=\"odd\"><label>Rokas cilpa:<\/label>RANDO<\/li>\n<li><label>Svars:<\/label>440 g<\/li>\n<\/ul>\n","protected":false},"excerpt":{"rendered":"<p>Viegls, klasiska dizaina leduscirtnis led\u0101ju &scaron;\u0137\u0113rso&scaron;anai un viegliem sniegotu nog\u0101\u017eu mar&scaron;rutiem.&nbsp;Leduscirt\u0146a t\u0113rauda asmens darbosies pat ciet\u0101 snieg\u0101 un led\u016b. Leduscirtnim ir plata un efekt\u012bva c\u0113rte. Anodiz\u0113tais k\u0101ts izgatavots no augstas kvalit\u0101tes un iztur\u012bbas 7075 alum\u012bnija. Apr\u012bkots ar RANDO rokas cilpu. C\u0113rt\u0113 iesp\u0113jams ievietot karab\u012bnes vai cilpas. Kr\u0101sa:Sudraba Garums:68 cm Garums:68 cm K\u0101ta tips:B Rokas cilpa:RANDO [&hellip;]<\/p>\n","protected":false},"featured_media":0,"template":"","meta":[],"product_brand":[957],"product_cat":[4851,4859,4868],"product_tag":[],"class_list":{"0":"post-77256","1":"product","2":"type-product","3":"status-publish","5":"product_brand-petzl","6":"product_cat-mountaineering-equipment-recreation","7":"product_cat-for-rock-climbing-mountaineering-mountaineering-equipment-recreation","8":"product_cat-ice-axes-for-rock-climbing-mountaineering-mountaineering-equipment-recreation","10":"first","11":"instock","12":"shipping-taxable","13":"purchasable","14":"product-type-simple"},"_links":{"self":[{"href":"https:\/\/sezona.lv\/en\/wp-json\/wp\/v2\/product\/77256","targetHints":{"allow":["GET"]}}],"collection":[{"href":"https:\/\/sezona.lv\/en\/wp-json\/wp\/v2\/product"}],"about":[{"href":"https:\/\/sezona.lv\/en\/wp-json\/wp\/v2\/types\/product"}],"wp:attachment":[{"href":"https:\/\/sezona.lv\/en\/wp-json\/wp\/v2\/media?parent=77256"}],"wp:term":[{"taxonomy":"product_brand","embeddable":true,"href":"https:\/\/sezona.lv\/en\/wp-json\/wp\/v2\/product_brand?post=77256"},{"taxonomy":"product_cat","embeddable":true,"href":"https:\/\/sezona.lv\/en\/wp-json\/wp\/v2\/product_cat?post=77256"},{"taxonomy":"product_tag","embeddable":true,"href":"https:\/\/sezona.lv\/en\/wp-json\/wp\/v2\/product_tag?post=77256"}],"curies":[{"name":"wp","href":"https:\/\/api.w.org\/{rel}","templated":true}]}}