{"id":77262,"date":"2025-07-14T15:03:42","date_gmt":"2025-07-14T12:03:42","guid":{"rendered":"https:\/\/demo8.ecube.lv\/sezona.lv\/products\/leduscirtnis-petzl-summit-59cm\/"},"modified":"2025-07-14T15:03:42","modified_gmt":"2025-07-14T12:03:42","slug":"leduscirtnis-petzl-summit-59cm","status":"publish","type":"product","link":"https:\/\/sezona.lv\/en\/products\/leduscirtnis-petzl-summit-59cm\/","title":{"rendered":"Leduscirtnis Petzl Summit 59cm"},"content":{"rendered":"<p><span>Moderns klasiskais ledus cirtnis alp\u012bnismam. Nelielais ieliekums \u013caus viegl\u0101k p\u0101rvar\u0113t st\u0101v\u0101kus vai ledain\u0101kus posmus. Ledus cirtnim ir ar\u012b rokas cilpa dro&scaron;\u012bbai.<\/span><\/p>\n","protected":false},"excerpt":{"rendered":"<p>Moderns klasiskais ledus cirtnis alp\u012bnismam. Nelielais ieliekums \u013caus viegl\u0101k p\u0101rvar\u0113t st\u0101v\u0101kus vai ledain\u0101kus posmus. Ledus cirtnim ir ar\u012b rokas cilpa dro&scaron;\u012bbai.<\/p>\n","protected":false},"featured_media":0,"template":"","meta":[],"product_brand":[957],"product_cat":[4851,4859,4868],"product_tag":[],"class_list":{"0":"post-77262","1":"product","2":"type-product","3":"status-publish","5":"product_brand-petzl","6":"product_cat-mountaineering-equipment-recreation","7":"product_cat-for-rock-climbing-mountaineering-mountaineering-equipment-recreation","8":"product_cat-ice-axes-for-rock-climbing-mountaineering-mountaineering-equipment-recreation","10":"first","11":"instock","12":"shipping-taxable","13":"purchasable","14":"product-type-simple"},"_links":{"self":[{"href":"https:\/\/sezona.lv\/en\/wp-json\/wp\/v2\/product\/77262","targetHints":{"allow":["GET"]}}],"collection":[{"href":"https:\/\/sezona.lv\/en\/wp-json\/wp\/v2\/product"}],"about":[{"href":"https:\/\/sezona.lv\/en\/wp-json\/wp\/v2\/types\/product"}],"wp:attachment":[{"href":"https:\/\/sezona.lv\/en\/wp-json\/wp\/v2\/media?parent=77262"}],"wp:term":[{"taxonomy":"product_brand","embeddable":true,"href":"https:\/\/sezona.lv\/en\/wp-json\/wp\/v2\/product_brand?post=77262"},{"taxonomy":"product_cat","embeddable":true,"href":"https:\/\/sezona.lv\/en\/wp-json\/wp\/v2\/product_cat?post=77262"},{"taxonomy":"product_tag","embeddable":true,"href":"https:\/\/sezona.lv\/en\/wp-json\/wp\/v2\/product_tag?post=77262"}],"curies":[{"name":"wp","href":"https:\/\/api.w.org\/{rel}","templated":true}]}}