{"id":77263,"date":"2025-07-14T15:03:43","date_gmt":"2025-07-14T12:03:43","guid":{"rendered":"https:\/\/demo8.ecube.lv\/sezona.lv\/products\/leduscirtnis-petzl-summit-66cm\/"},"modified":"2025-07-14T15:03:43","modified_gmt":"2025-07-14T12:03:43","slug":"leduscirtnis-petzl-summit-66cm","status":"publish","type":"product","link":"https:\/\/sezona.lv\/en\/products\/leduscirtnis-petzl-summit-66cm\/","title":{"rendered":"Leduscirtnis Petzl Summit 66cm"},"content":{"rendered":"<p><span>Moderns klasiskais ledus cirtnis alp\u012bnismam. Nelielais ieliekums \u013caus viegl\u0101k p\u0101rvar\u0113t st\u0101v\u0101kus vai ledain\u0101kus posmus. Ledus cirtnim ir ar\u012b rokas cilpa dro&scaron;\u012bbai.<\/span><\/p>\n<ul id=\"traits_3495\" class=\"item_traits\">\n<li class=\"odd\"><label>Kr\u0101sa:<\/label>Melna<\/li>\n<li><label>Garums:<\/label>66 cm<\/li>\n<li class=\"odd\"><label>Garums:<\/label>66 cm<\/li>\n<li><label>K\u0101ta tips:<\/label>B<\/li>\n<li class=\"odd\"><label>Rokas cilpa:<\/label>FREELOCK<\/li>\n<li><label>Svars:<\/label>570 g<\/li>\n<\/ul>\n","protected":false},"excerpt":{"rendered":"<p>Moderns klasiskais ledus cirtnis alp\u012bnismam. Nelielais ieliekums \u013caus viegl\u0101k p\u0101rvar\u0113t st\u0101v\u0101kus vai ledain\u0101kus posmus. Ledus cirtnim ir ar\u012b rokas cilpa dro&scaron;\u012bbai. Kr\u0101sa:Melna Garums:66 cm Garums:66 cm K\u0101ta tips:B Rokas cilpa:FREELOCK Svars:570 g<\/p>\n","protected":false},"featured_media":0,"template":"","meta":[],"product_brand":[957],"product_cat":[4851,4859,4868],"product_tag":[],"class_list":{"0":"post-77263","1":"product","2":"type-product","3":"status-publish","5":"product_brand-petzl","6":"product_cat-mountaineering-equipment-recreation","7":"product_cat-for-rock-climbing-mountaineering-mountaineering-equipment-recreation","8":"product_cat-ice-axes-for-rock-climbing-mountaineering-mountaineering-equipment-recreation","10":"first","11":"instock","12":"shipping-taxable","13":"purchasable","14":"product-type-simple"},"_links":{"self":[{"href":"https:\/\/sezona.lv\/en\/wp-json\/wp\/v2\/product\/77263","targetHints":{"allow":["GET"]}}],"collection":[{"href":"https:\/\/sezona.lv\/en\/wp-json\/wp\/v2\/product"}],"about":[{"href":"https:\/\/sezona.lv\/en\/wp-json\/wp\/v2\/types\/product"}],"wp:attachment":[{"href":"https:\/\/sezona.lv\/en\/wp-json\/wp\/v2\/media?parent=77263"}],"wp:term":[{"taxonomy":"product_brand","embeddable":true,"href":"https:\/\/sezona.lv\/en\/wp-json\/wp\/v2\/product_brand?post=77263"},{"taxonomy":"product_cat","embeddable":true,"href":"https:\/\/sezona.lv\/en\/wp-json\/wp\/v2\/product_cat?post=77263"},{"taxonomy":"product_tag","embeddable":true,"href":"https:\/\/sezona.lv\/en\/wp-json\/wp\/v2\/product_tag?post=77263"}],"curies":[{"name":"wp","href":"https:\/\/api.w.org\/{rel}","templated":true}]}}