{"id":77264,"date":"2025-07-14T15:03:46","date_gmt":"2025-07-14T12:03:46","guid":{"rendered":"https:\/\/demo8.ecube.lv\/sezona.lv\/products\/leduscirtnis-petzl-sum-tec-43-cm\/"},"modified":"2025-07-14T15:03:46","modified_gmt":"2025-07-14T12:03:46","slug":"leduscirtnis-petzl-sum-tec-43-cm","status":"publish","type":"product","link":"https:\/\/sezona.lv\/en\/products\/leduscirtnis-petzl-sum-tec-43-cm\/","title":{"rendered":"Leduscirtnis Petzl Sum`Tec 43 cm"},"content":{"rendered":"<p><span>\u012apa&scaron;i viegls un kompakts ledus cirtnis ar \u0101muru, kas piem\u0113rots tehniskajam alp\u012bnismam. Pateicoties t\u0101 mazajam svaram un kompaktajam dizainam, to pavisam \u0113rti iesp\u0113jams n\u0113s\u0101t l\u012bdzi mugursom\u0101, lai izmantotu to situ\u0101cij\u0101s, kad nepiecie&scaron;ams iesist atpaka\u013c \u0101\u0137i, pievilkt enkuru vai kad nepiecie&scaron;ams otrs instruments neparedz\u0113t\u0101s ledus ieplak\u0101s. T\u0101 liektais B tipa Alpix uzgalis un jaunais Trigrest rokas balsts (regul\u0113jams bez instrumentiem) nodro&scaron;ina efektivit\u0101ti, ko pieprasa tehniski instrumenti. Ledus cirt\u0146a vieglais \u0101murs apr\u012bkots ar liel\u0101m, integr\u0113t\u0101m atsl\u0113g\u0101m 8 l\u012bdz 10 mm skr\u016bvju pievilk&scaron;anai. Ledus cirt\u0146a sl\u012bple\u0146\u0137a gals ar tapu ierobe\u017eo sniega uzkr\u0101&scaron;anos un samazina svaru.&nbsp;<\/span><br \/><span>Smalkais cirt\u0146a uzgalis (3.5 mm) izgatavots t\u0101, lai nodro&scaron;in\u0101tu efekt\u012bvu t\u0101 iedz\u012b&scaron;anu led\u016b. Pateicoties unik\u0101lajai Screw Lock sist\u0113mai to ir ar\u012b \u0101tru un dro&scaron;i nomain\u012bt. Platie, ov\u0101lie caurumi ledus cirt\u0146a galv\u0101 un apak&scaron;da\u013c\u0101 \u013cauj ievietot karab\u012bni.<\/span><br \/><span>Sertifik\u0101cija: CE, UIAA<\/span><\/p>\n<ul class=\"item_traits\">\n<li class=\"odd\"><label>Garums:<\/label>43 cm<\/li>\n<li><label>K\u0101ta tips:<\/label>T<\/li>\n<li class=\"odd\"><label>Svars:<\/label>430 g<\/li>\n<\/ul>\n","protected":false},"excerpt":{"rendered":"<p>\u012apa&scaron;i viegls un kompakts ledus cirtnis ar \u0101muru, kas piem\u0113rots tehniskajam alp\u012bnismam. Pateicoties t\u0101 mazajam svaram un kompaktajam dizainam, to pavisam \u0113rti iesp\u0113jams n\u0113s\u0101t l\u012bdzi mugursom\u0101, lai izmantotu to situ\u0101cij\u0101s, kad nepiecie&scaron;ams iesist atpaka\u013c \u0101\u0137i, pievilkt enkuru vai kad nepiecie&scaron;ams otrs instruments neparedz\u0113t\u0101s ledus ieplak\u0101s. T\u0101 liektais B tipa Alpix uzgalis un jaunais Trigrest rokas [&hellip;]<\/p>\n","protected":false},"featured_media":0,"template":"","meta":[],"product_brand":[957],"product_cat":[4851,4859,4868],"product_tag":[],"class_list":{"0":"post-77264","1":"product","2":"type-product","3":"status-publish","5":"product_brand-petzl","6":"product_cat-mountaineering-equipment-recreation","7":"product_cat-for-rock-climbing-mountaineering-mountaineering-equipment-recreation","8":"product_cat-ice-axes-for-rock-climbing-mountaineering-mountaineering-equipment-recreation","10":"first","11":"instock","12":"shipping-taxable","13":"purchasable","14":"product-type-simple"},"_links":{"self":[{"href":"https:\/\/sezona.lv\/en\/wp-json\/wp\/v2\/product\/77264","targetHints":{"allow":["GET"]}}],"collection":[{"href":"https:\/\/sezona.lv\/en\/wp-json\/wp\/v2\/product"}],"about":[{"href":"https:\/\/sezona.lv\/en\/wp-json\/wp\/v2\/types\/product"}],"wp:attachment":[{"href":"https:\/\/sezona.lv\/en\/wp-json\/wp\/v2\/media?parent=77264"}],"wp:term":[{"taxonomy":"product_brand","embeddable":true,"href":"https:\/\/sezona.lv\/en\/wp-json\/wp\/v2\/product_brand?post=77264"},{"taxonomy":"product_cat","embeddable":true,"href":"https:\/\/sezona.lv\/en\/wp-json\/wp\/v2\/product_cat?post=77264"},{"taxonomy":"product_tag","embeddable":true,"href":"https:\/\/sezona.lv\/en\/wp-json\/wp\/v2\/product_tag?post=77264"}],"curies":[{"name":"wp","href":"https:\/\/api.w.org\/{rel}","templated":true}]}}