{"id":77265,"date":"2025-07-14T15:03:47","date_gmt":"2025-07-14T12:03:47","guid":{"rendered":"https:\/\/demo8.ecube.lv\/sezona.lv\/products\/leduscirtnis-petzl-sum-tec-52-cm\/"},"modified":"2025-07-14T15:03:47","modified_gmt":"2025-07-14T12:03:47","slug":"leduscirtnis-petzl-sum-tec-52-cm","status":"publish","type":"product","link":"https:\/\/sezona.lv\/en\/products\/leduscirtnis-petzl-sum-tec-52-cm\/","title":{"rendered":"Leduscirtnis Petzl Sum`Tec 52 cm"},"content":{"rendered":"<p><span>Daudzpus\u012bgs, viegls tehniskais ledus cirtnis, kas piem\u0113rots tehniskajam alp\u012bnismam. Tas izgatavots k\u0101 kompromiss starp klasisku alp\u012bnisma ledus cirtni un ledus k\u0101p&scaron;anas cirtni. Pateicoties t\u0101 nedaudz ieliektajam k\u0101tam un ner\u016bs\u0113jo&scaron;\u0101 t\u0113rauda galam, ledus cirtni viegli izmantot atbalstoties.<\/span><br \/><span>K\u0101p&scaron;anas re\u017e\u012bm\u0101, Alpix uzgalis (liekt\u0101 form\u0101) un jaunais Trigrest rokas balsts (iesp\u0113jams regul\u0113t bez instrumentiem), kas pie\u013cauj da\u017e\u0101das, rokai komfortablas poz\u012bcijas, nodro&scaron;ina efektivit\u0101ti, ko pieprasa tehniski instrumenti. Sum`Tec ledus cirtnis apr\u012bkots ar \u0101muru, kas atvieglo stiprin\u0101jumu iedz\u012b&scaron;anu. Ledus cirt\u0146a vieglais \u0101murs apr\u012bkots ar liel\u0101m, integr\u0113t\u0101m atsl\u0113g\u0101m 8 l\u012bdz 10 mm skr\u016bvju pievilk&scaron;anai. Smalkais cirt\u0146a uzgalis (3.5 mm) izgatavots t\u0101, lai nodro&scaron;in\u0101tu efekt\u012bvu t\u0101 iedz\u012b&scaron;anu led\u016b. Pateicoties unik\u0101lajai Screw Lock sist\u0113mai to ir ar\u012b \u0101tru un dro&scaron;i nomain\u012bt. Platie, ov\u0101lie caurumi ledus cirt\u0146a galv\u0101 un apak&scaron;da\u013c\u0101 \u013cauj ievietot karab\u012bni. Ner\u016bs\u0113jo&scaron;\u0101 t\u0113rauda cirt\u0146a apak&scaron;da\u013cas asmens nodro&scaron;ina lielisku sa\u0137eri. Nedaudz ieliektais T tipa rokturis pasarg\u0101 rokas k\u0101p&scaron;anas laik\u0101.<\/span><br \/><span>Sertifik\u0101cija: CE, UIAA<\/span><\/p>\n<ul class=\"item_traits\">\n<li class=\"odd\"><label>Garums:<\/label>52 cm<\/li>\n<li><label>K\u0101ta tips:<\/label>T<\/li>\n<li class=\"odd\"><label>Svars:<\/label>500 g<\/li>\n<\/ul>\n","protected":false},"excerpt":{"rendered":"<p>Daudzpus\u012bgs, viegls tehniskais ledus cirtnis, kas piem\u0113rots tehniskajam alp\u012bnismam. Tas izgatavots k\u0101 kompromiss starp klasisku alp\u012bnisma ledus cirtni un ledus k\u0101p&scaron;anas cirtni. Pateicoties t\u0101 nedaudz ieliektajam k\u0101tam un ner\u016bs\u0113jo&scaron;\u0101 t\u0113rauda galam, ledus cirtni viegli izmantot atbalstoties.K\u0101p&scaron;anas re\u017e\u012bm\u0101, Alpix uzgalis (liekt\u0101 form\u0101) un jaunais Trigrest rokas balsts (iesp\u0113jams regul\u0113t bez instrumentiem), kas pie\u013cauj da\u017e\u0101das, rokai komfortablas [&hellip;]<\/p>\n","protected":false},"featured_media":0,"template":"","meta":[],"product_brand":[957],"product_cat":[4851,4859,4868],"product_tag":[],"class_list":{"0":"post-77265","1":"product","2":"type-product","3":"status-publish","5":"product_brand-petzl","6":"product_cat-mountaineering-equipment-recreation","7":"product_cat-for-rock-climbing-mountaineering-mountaineering-equipment-recreation","8":"product_cat-ice-axes-for-rock-climbing-mountaineering-mountaineering-equipment-recreation","10":"first","11":"instock","12":"shipping-taxable","13":"purchasable","14":"product-type-simple"},"_links":{"self":[{"href":"https:\/\/sezona.lv\/en\/wp-json\/wp\/v2\/product\/77265","targetHints":{"allow":["GET"]}}],"collection":[{"href":"https:\/\/sezona.lv\/en\/wp-json\/wp\/v2\/product"}],"about":[{"href":"https:\/\/sezona.lv\/en\/wp-json\/wp\/v2\/types\/product"}],"wp:attachment":[{"href":"https:\/\/sezona.lv\/en\/wp-json\/wp\/v2\/media?parent=77265"}],"wp:term":[{"taxonomy":"product_brand","embeddable":true,"href":"https:\/\/sezona.lv\/en\/wp-json\/wp\/v2\/product_brand?post=77265"},{"taxonomy":"product_cat","embeddable":true,"href":"https:\/\/sezona.lv\/en\/wp-json\/wp\/v2\/product_cat?post=77265"},{"taxonomy":"product_tag","embeddable":true,"href":"https:\/\/sezona.lv\/en\/wp-json\/wp\/v2\/product_tag?post=77265"}],"curies":[{"name":"wp","href":"https:\/\/api.w.org\/{rel}","templated":true}]}}