{"id":77266,"date":"2025-07-14T15:03:48","date_gmt":"2025-07-14T12:03:48","guid":{"rendered":"https:\/\/demo8.ecube.lv\/sezona.lv\/products\/leduscirtnis-petzl-sum-tec-59cm\/"},"modified":"2025-07-14T15:03:48","modified_gmt":"2025-07-14T12:03:48","slug":"leduscirtnis-petzl-sum-tec-59cm","status":"publish","type":"product","link":"https:\/\/sezona.lv\/en\/products\/leduscirtnis-petzl-sum-tec-59cm\/","title":{"rendered":"Leduscirtnis Petzl Sum&#8217;Tec 59cm"},"content":{"rendered":"<p><span>\u013boti viegls tehnisks klasiskais ledus cirtnis alp\u012bnisma mar&scaron;rutiem. Tas ir \u012bpa&scaron;i iztur\u012bgs un dro&scaron;s. Apr\u012bkots ar regul\u0113jama augstuma TRIGREST rokas atbalsta punktu, ko iesp\u0113jams \u0113rti regul\u0113t bez jebk\u0101diem instrumentiem. Ledus cirt\u0146a asmens ir main\u0101ms un piem\u0113rots ar\u012b gr\u016btiem alp\u012bnisma mar&scaron;rutiem. Cirt\u0146a spals izgatavots no pres\u0113ta neatk\u0101rtojami viegla alum\u012bnija ar izliektu aug&scaron;\u0113jo da\u013cu. Asmens ir 3.5 mm gar&scaron; un nodro&scaron;ina efekt\u012bvu iespie&scaron;anos led\u016b, k\u0101 ar\u012b garant\u0113 stigru ie\u0101\u0137\u0113&scaron;anos klint\u012b. Noliektas formas c\u0113rtne iec\u0113rtas tie&scaron;i snieg\u0101.<\/span><\/p>\n<ul class=\"item_traits\">\n<li class=\"odd\"><label>Garums:<\/label><span>59 cm<\/span><\/li>\n<li><label>K\u0101ta tips:<\/label><span>T<\/span><\/li>\n<li class=\"odd\"><label>Svars:<\/label><span>510 g<\/span><\/li>\n<\/ul>\n","protected":false},"excerpt":{"rendered":"<p>\u013boti viegls tehnisks klasiskais ledus cirtnis alp\u012bnisma mar&scaron;rutiem. Tas ir \u012bpa&scaron;i iztur\u012bgs un dro&scaron;s. Apr\u012bkots ar regul\u0113jama augstuma TRIGREST rokas atbalsta punktu, ko iesp\u0113jams \u0113rti regul\u0113t bez jebk\u0101diem instrumentiem. Ledus cirt\u0146a asmens ir main\u0101ms un piem\u0113rots ar\u012b gr\u016btiem alp\u012bnisma mar&scaron;rutiem. Cirt\u0146a spals izgatavots no pres\u0113ta neatk\u0101rtojami viegla alum\u012bnija ar izliektu aug&scaron;\u0113jo da\u013cu. Asmens ir 3.5 [&hellip;]<\/p>\n","protected":false},"featured_media":0,"template":"","meta":[],"product_brand":[957],"product_cat":[4851,4859,4868],"product_tag":[],"class_list":{"0":"post-77266","1":"product","2":"type-product","3":"status-publish","5":"product_brand-petzl","6":"product_cat-mountaineering-equipment-recreation","7":"product_cat-for-rock-climbing-mountaineering-mountaineering-equipment-recreation","8":"product_cat-ice-axes-for-rock-climbing-mountaineering-mountaineering-equipment-recreation","10":"first","11":"instock","12":"shipping-taxable","13":"purchasable","14":"product-type-simple"},"_links":{"self":[{"href":"https:\/\/sezona.lv\/en\/wp-json\/wp\/v2\/product\/77266","targetHints":{"allow":["GET"]}}],"collection":[{"href":"https:\/\/sezona.lv\/en\/wp-json\/wp\/v2\/product"}],"about":[{"href":"https:\/\/sezona.lv\/en\/wp-json\/wp\/v2\/types\/product"}],"wp:attachment":[{"href":"https:\/\/sezona.lv\/en\/wp-json\/wp\/v2\/media?parent=77266"}],"wp:term":[{"taxonomy":"product_brand","embeddable":true,"href":"https:\/\/sezona.lv\/en\/wp-json\/wp\/v2\/product_brand?post=77266"},{"taxonomy":"product_cat","embeddable":true,"href":"https:\/\/sezona.lv\/en\/wp-json\/wp\/v2\/product_cat?post=77266"},{"taxonomy":"product_tag","embeddable":true,"href":"https:\/\/sezona.lv\/en\/wp-json\/wp\/v2\/product_tag?post=77266"}],"curies":[{"name":"wp","href":"https:\/\/api.w.org\/{rel}","templated":true}]}}