{"id":77267,"date":"2025-07-14T15:03:48","date_gmt":"2025-07-14T12:03:48","guid":{"rendered":"https:\/\/demo8.ecube.lv\/sezona.lv\/products\/leduscirtnis-edelrid-rage-50cm\/"},"modified":"2025-07-14T15:03:48","modified_gmt":"2025-07-14T12:03:48","slug":"leduscirtnis-edelrid-rage-50cm","status":"publish","type":"product","link":"https:\/\/sezona.lv\/en\/products\/leduscirtnis-edelrid-rage-50cm\/","title":{"rendered":"Leduscirtnis Edelrid Rage 50cm"},"content":{"rendered":"<p>Iztur\u012bgs leduscirtnis, kas piem\u0113rots pras\u012bgiem jauktiem mar&scaron;rutiem un st\u0101vam ledum. Leduscirt\u0146a izteikti liektais k\u0101ts nodro&scaron;ina papildus atstarpi, vienlaikus l\u012bdzsvarot\u0101 konstrukcija nodro&scaron;ina prec\u012bzu novietojumu un iecirtumu klint\u012b un led\u016b. Ergonomiskais tr\u012bs komponentu rokturis nodro&scaron;ina daudzveid\u012bgu satv\u0113riena poz\u012bciju un \u0113rtu roku mai\u0146u. Stiprin\u0101t\u0101 t\u0113rauda 4mm asmens nodro&scaron;ina optim\u0101lu precizit\u0101ti un kontroli, t\u0101 le\u0146\u0137is ir viegli un \u0113rti piel\u0101gojams ar no\u0146emama akseleratora pal\u012bdz\u012bbu. Pateicoties t\u0101 modul\u0101rajai konstrukcijai, &scaron;o leduscirtni iesp\u0113jams piel\u0101got da\u017e\u0101diem apst\u0101k\u013ciem.<\/p>\n<ul class=\"item_traits\">\n<li class=\"odd\"><label>Garums:<\/label>50 cm<\/li>\n<li><label>Svars:<\/label>660 g<\/li>\n<\/ul>\n","protected":false},"excerpt":{"rendered":"<p>Iztur\u012bgs leduscirtnis, kas piem\u0113rots pras\u012bgiem jauktiem mar&scaron;rutiem un st\u0101vam ledum. Leduscirt\u0146a izteikti liektais k\u0101ts nodro&scaron;ina papildus atstarpi, vienlaikus l\u012bdzsvarot\u0101 konstrukcija nodro&scaron;ina prec\u012bzu novietojumu un iecirtumu klint\u012b un led\u016b. Ergonomiskais tr\u012bs komponentu rokturis nodro&scaron;ina daudzveid\u012bgu satv\u0113riena poz\u012bciju un \u0113rtu roku mai\u0146u. Stiprin\u0101t\u0101 t\u0113rauda 4mm asmens nodro&scaron;ina optim\u0101lu precizit\u0101ti un kontroli, t\u0101 le\u0146\u0137is ir viegli un \u0113rti [&hellip;]<\/p>\n","protected":false},"featured_media":0,"template":"","meta":[],"product_brand":[3348],"product_cat":[4851,4859,4868],"product_tag":[],"class_list":{"0":"post-77267","1":"product","2":"type-product","3":"status-publish","5":"product_brand-edelrid","6":"product_cat-mountaineering-equipment-recreation","7":"product_cat-for-rock-climbing-mountaineering-mountaineering-equipment-recreation","8":"product_cat-ice-axes-for-rock-climbing-mountaineering-mountaineering-equipment-recreation","10":"first","11":"instock","12":"shipping-taxable","13":"purchasable","14":"product-type-simple"},"_links":{"self":[{"href":"https:\/\/sezona.lv\/en\/wp-json\/wp\/v2\/product\/77267","targetHints":{"allow":["GET"]}}],"collection":[{"href":"https:\/\/sezona.lv\/en\/wp-json\/wp\/v2\/product"}],"about":[{"href":"https:\/\/sezona.lv\/en\/wp-json\/wp\/v2\/types\/product"}],"wp:attachment":[{"href":"https:\/\/sezona.lv\/en\/wp-json\/wp\/v2\/media?parent=77267"}],"wp:term":[{"taxonomy":"product_brand","embeddable":true,"href":"https:\/\/sezona.lv\/en\/wp-json\/wp\/v2\/product_brand?post=77267"},{"taxonomy":"product_cat","embeddable":true,"href":"https:\/\/sezona.lv\/en\/wp-json\/wp\/v2\/product_cat?post=77267"},{"taxonomy":"product_tag","embeddable":true,"href":"https:\/\/sezona.lv\/en\/wp-json\/wp\/v2\/product_tag?post=77267"}],"curies":[{"name":"wp","href":"https:\/\/api.w.org\/{rel}","templated":true}]}}