{"id":77269,"date":"2025-07-14T15:03:50","date_gmt":"2025-07-14T12:03:50","guid":{"rendered":"https:\/\/demo8.ecube.lv\/sezona.lv\/products\/leduscirtnis-ar-certi-petzl-quark-u19-p2\/"},"modified":"2025-07-14T15:03:50","modified_gmt":"2025-07-14T12:03:50","slug":"leduscirtnis-ar-certi-petzl-quark-u19-p2","status":"publish","type":"product","link":"https:\/\/sezona.lv\/en\/products\/leduscirtnis-ar-certi-petzl-quark-u19-p2\/","title":{"rendered":"Leduscirtnis ar c\u0113rti Petzl Quark U19 P2"},"content":{"rendered":"<p><span>Visa veida reljefa cirtnis ar c\u0113rti, sare\u017e\u0123\u012btiem kalnu mar&scaron;rutiem, vertik\u0101liem ledus posmiem, miks\u0113tiem klin&scaron;u, sniega un ledus mar&scaron;rutiem. Viegli no\u0146emamas rokas cilpas. Pirkstu aizsargi, kurus iesp\u0113jams no\u0146emt un atvieglot cirt\u0146a lieto&scaron;anu un dro&scaron;in\u0101&scaron;anas veido&scaron;anu sniega nog\u0101z\u0113s.<\/span><\/p>\n<ul class=\"item_traits\">\n<li class=\"odd\"><label>Garums:<\/label>50 cm<\/li>\n<li><label>K\u0101ta tips:<\/label>T<\/li>\n<li class=\"odd\"><label>Rokas cilpa:<\/label>CLIPPER<\/li>\n<li><label>Svars:<\/label>650 g<\/li>\n<\/ul>\n","protected":false},"excerpt":{"rendered":"<p>Visa veida reljefa cirtnis ar c\u0113rti, sare\u017e\u0123\u012btiem kalnu mar&scaron;rutiem, vertik\u0101liem ledus posmiem, miks\u0113tiem klin&scaron;u, sniega un ledus mar&scaron;rutiem. Viegli no\u0146emamas rokas cilpas. Pirkstu aizsargi, kurus iesp\u0113jams no\u0146emt un atvieglot cirt\u0146a lieto&scaron;anu un dro&scaron;in\u0101&scaron;anas veido&scaron;anu sniega nog\u0101z\u0113s. Garums:50 cm K\u0101ta tips:T Rokas cilpa:CLIPPER Svars:650 g<\/p>\n","protected":false},"featured_media":0,"template":"","meta":[],"product_brand":[957],"product_cat":[4851,4859,4868],"product_tag":[],"class_list":{"0":"post-77269","1":"product","2":"type-product","3":"status-publish","5":"product_brand-petzl","6":"product_cat-mountaineering-equipment-recreation","7":"product_cat-for-rock-climbing-mountaineering-mountaineering-equipment-recreation","8":"product_cat-ice-axes-for-rock-climbing-mountaineering-mountaineering-equipment-recreation","10":"first","11":"instock","12":"shipping-taxable","13":"purchasable","14":"product-type-simple"},"_links":{"self":[{"href":"https:\/\/sezona.lv\/en\/wp-json\/wp\/v2\/product\/77269","targetHints":{"allow":["GET"]}}],"collection":[{"href":"https:\/\/sezona.lv\/en\/wp-json\/wp\/v2\/product"}],"about":[{"href":"https:\/\/sezona.lv\/en\/wp-json\/wp\/v2\/types\/product"}],"wp:attachment":[{"href":"https:\/\/sezona.lv\/en\/wp-json\/wp\/v2\/media?parent=77269"}],"wp:term":[{"taxonomy":"product_brand","embeddable":true,"href":"https:\/\/sezona.lv\/en\/wp-json\/wp\/v2\/product_brand?post=77269"},{"taxonomy":"product_cat","embeddable":true,"href":"https:\/\/sezona.lv\/en\/wp-json\/wp\/v2\/product_cat?post=77269"},{"taxonomy":"product_tag","embeddable":true,"href":"https:\/\/sezona.lv\/en\/wp-json\/wp\/v2\/product_tag?post=77269"}],"curies":[{"name":"wp","href":"https:\/\/api.w.org\/{rel}","templated":true}]}}