{"id":77270,"date":"2025-07-14T15:03:51","date_gmt":"2025-07-14T12:03:51","guid":{"rendered":"https:\/\/demo8.ecube.lv\/sezona.lv\/products\/leduscirtnis-petzl-ergo-u22\/"},"modified":"2025-07-14T15:03:51","modified_gmt":"2025-07-14T12:03:51","slug":"leduscirtnis-petzl-ergo-u22","status":"publish","type":"product","link":"https:\/\/sezona.lv\/en\/products\/leduscirtnis-petzl-ergo-u22\/","title":{"rendered":"Leduscirtnis Petzl Ergo U22"},"content":{"rendered":"<p><span>Augstas iztur\u012bbas ledus cirtnis drait\u016blingam (dry tooling) un ledus kl\u0101tiem mar&scaron;rutiem. Ergo ledus cirtnis ir ide\u0101l\u0101kais instruments visgr\u016bt\u0101kajiem mar&scaron;rutiem. \u012apa&scaron;i izliektais k\u0101ts nodro&scaron;ina lielisku kust\u012bbu br\u012bv\u012bbu. Regul\u0113jamais k\u0101ta rokturis nodro&scaron;ina poz\u012bciju daudzveid\u012bgumu un lielisku komfortu.&nbsp;<\/span><br \/><span>Main\u0101mais DRY k\u0101ta uzgalis ir smails pa&scaron;\u0101 gal\u0101 (3mm), lai tas lab\u0101k iespiestos ar\u012b \u013coti ciet\u0101 led\u016b. T\u0101 biezums (4mm) padara to \u013coti iztur\u012bgu. GRIPTAPE lenta uz roktura nodro&scaron;ina lab\u0101ku satv\u0113rienu un siltuma izol\u0101ciju. Tre&scaron;ais regul\u0113jamais TRIGREST rokturis k\u0101p&scaron;anai liel\u0101kos augstumos vai viegl\u0101kai roku mai\u0146ai.<\/span><\/p>\n<ul class=\"item_traits\">\n<li><label>K\u0101ta tips:<\/label>T<\/li>\n<\/ul>\n","protected":false},"excerpt":{"rendered":"<p>Augstas iztur\u012bbas ledus cirtnis drait\u016blingam (dry tooling) un ledus kl\u0101tiem mar&scaron;rutiem. Ergo ledus cirtnis ir ide\u0101l\u0101kais instruments visgr\u016bt\u0101kajiem mar&scaron;rutiem. \u012apa&scaron;i izliektais k\u0101ts nodro&scaron;ina lielisku kust\u012bbu br\u012bv\u012bbu. Regul\u0113jamais k\u0101ta rokturis nodro&scaron;ina poz\u012bciju daudzveid\u012bgumu un lielisku komfortu.&nbsp;Main\u0101mais DRY k\u0101ta uzgalis ir smails pa&scaron;\u0101 gal\u0101 (3mm), lai tas lab\u0101k iespiestos ar\u012b \u013coti ciet\u0101 led\u016b. T\u0101 biezums (4mm) padara [&hellip;]<\/p>\n","protected":false},"featured_media":0,"template":"","meta":[],"product_brand":[957],"product_cat":[4851,4859,4868],"product_tag":[],"class_list":{"0":"post-77270","1":"product","2":"type-product","3":"status-publish","5":"product_brand-petzl","6":"product_cat-mountaineering-equipment-recreation","7":"product_cat-for-rock-climbing-mountaineering-mountaineering-equipment-recreation","8":"product_cat-ice-axes-for-rock-climbing-mountaineering-mountaineering-equipment-recreation","10":"first","11":"instock","12":"shipping-taxable","13":"purchasable","14":"product-type-simple"},"_links":{"self":[{"href":"https:\/\/sezona.lv\/en\/wp-json\/wp\/v2\/product\/77270","targetHints":{"allow":["GET"]}}],"collection":[{"href":"https:\/\/sezona.lv\/en\/wp-json\/wp\/v2\/product"}],"about":[{"href":"https:\/\/sezona.lv\/en\/wp-json\/wp\/v2\/types\/product"}],"wp:attachment":[{"href":"https:\/\/sezona.lv\/en\/wp-json\/wp\/v2\/media?parent=77270"}],"wp:term":[{"taxonomy":"product_brand","embeddable":true,"href":"https:\/\/sezona.lv\/en\/wp-json\/wp\/v2\/product_brand?post=77270"},{"taxonomy":"product_cat","embeddable":true,"href":"https:\/\/sezona.lv\/en\/wp-json\/wp\/v2\/product_cat?post=77270"},{"taxonomy":"product_tag","embeddable":true,"href":"https:\/\/sezona.lv\/en\/wp-json\/wp\/v2\/product_tag?post=77270"}],"curies":[{"name":"wp","href":"https:\/\/api.w.org\/{rel}","templated":true}]}}