{"id":77271,"date":"2025-07-14T15:03:52","date_gmt":"2025-07-14T12:03:52","guid":{"rendered":"https:\/\/demo8.ecube.lv\/sezona.lv\/products\/matracis-edelrid-crash-pad-sit-start\/"},"modified":"2025-07-14T15:03:52","modified_gmt":"2025-07-14T12:03:52","slug":"matracis-edelrid-crash-pad-sit-start","status":"publish","type":"product","link":"https:\/\/sezona.lv\/en\/products\/matracis-edelrid-crash-pad-sit-start\/","title":{"rendered":"Matracis Edelrid Crash Pad Sit Start"},"content":{"rendered":"<p><label>Vid\u0113jais svars: 1.6 kg<\/label><\/p>\n<p id=\"item-description\">Kompakts matracis, kas piem\u0113rots k\u0101p&scaron;anai ar zemu, s\u0113do&scaron;as poz\u012bcijas startu vai k\u0101 papildus piezem\u0113&scaron;an\u0101s atbalsts. Matracis veidots dubult\u0101 putu pild\u012bjuma konstrukcij\u0101, lai nodro&scaron;in\u0101tu izcilu trieciena absorbciju. Matra\u010da \u0101r\u0113j\u0101 virsam veidota no iztur\u012bga, \u016bdeni atgr\u016bdo&scaron;a ballistiska neilona. Integr\u0113ts Edelrid pakl\u0101ji\u0146&scaron; p\u0113d\u0101m (kurpju not\u012br\u012b&scaron;anai).<br \/>Izm\u0113ri: 100 x 55 x 5 cm.<\/p>\n","protected":false},"excerpt":{"rendered":"<p>Vid\u0113jais svars: 1.6 kg Kompakts matracis, kas piem\u0113rots k\u0101p&scaron;anai ar zemu, s\u0113do&scaron;as poz\u012bcijas startu vai k\u0101 papildus piezem\u0113&scaron;an\u0101s atbalsts. Matracis veidots dubult\u0101 putu pild\u012bjuma konstrukcij\u0101, lai nodro&scaron;in\u0101tu izcilu trieciena absorbciju. Matra\u010da \u0101r\u0113j\u0101 virsam veidota no iztur\u012bga, \u016bdeni atgr\u016bdo&scaron;a ballistiska neilona. Integr\u0113ts Edelrid pakl\u0101ji\u0146&scaron; p\u0113d\u0101m (kurpju not\u012br\u012b&scaron;anai).Izm\u0113ri: 100 x 55 x 5 cm.<\/p>\n","protected":false},"featured_media":0,"template":"","meta":[],"product_brand":[3348],"product_cat":[4851,4859,4861],"product_tag":[],"class_list":{"0":"post-77271","1":"product","2":"type-product","3":"status-publish","5":"product_brand-edelrid","6":"product_cat-mountaineering-equipment-recreation","7":"product_cat-for-rock-climbing-mountaineering-mountaineering-equipment-recreation","8":"product_cat-magnesia-and-magnesium-bags-for-rock-climbing-mountaineering-mountaineering-equipment-recreation","10":"first","11":"instock","12":"shipping-taxable","13":"purchasable","14":"product-type-simple"},"_links":{"self":[{"href":"https:\/\/sezona.lv\/en\/wp-json\/wp\/v2\/product\/77271","targetHints":{"allow":["GET"]}}],"collection":[{"href":"https:\/\/sezona.lv\/en\/wp-json\/wp\/v2\/product"}],"about":[{"href":"https:\/\/sezona.lv\/en\/wp-json\/wp\/v2\/types\/product"}],"wp:attachment":[{"href":"https:\/\/sezona.lv\/en\/wp-json\/wp\/v2\/media?parent=77271"}],"wp:term":[{"taxonomy":"product_brand","embeddable":true,"href":"https:\/\/sezona.lv\/en\/wp-json\/wp\/v2\/product_brand?post=77271"},{"taxonomy":"product_cat","embeddable":true,"href":"https:\/\/sezona.lv\/en\/wp-json\/wp\/v2\/product_cat?post=77271"},{"taxonomy":"product_tag","embeddable":true,"href":"https:\/\/sezona.lv\/en\/wp-json\/wp\/v2\/product_tag?post=77271"}],"curies":[{"name":"wp","href":"https:\/\/api.w.org\/{rel}","templated":true}]}}