{"id":77272,"date":"2025-07-14T15:03:53","date_gmt":"2025-07-14T12:03:53","guid":{"rendered":"https:\/\/demo8.ecube.lv\/sezona.lv\/products\/matracis-millet-crash-pad\/"},"modified":"2025-07-14T15:03:53","modified_gmt":"2025-07-14T12:03:53","slug":"matracis-millet-crash-pad","status":"publish","type":"product","link":"https:\/\/sezona.lv\/en\/products\/matracis-millet-crash-pad\/","title":{"rendered":"Matracis Millet Crash Pad"},"content":{"rendered":"<p><label>Vid\u0113jais svars: 3.54 kg<\/label><\/p>\n<p id=\"item-description\">Kompakts, augsta izpild\u012bjuma tehniskais bolderinga matracis. Tam piem\u012bt augsta trieciena absorbcija. Matracis ir \u013coti iztur\u012bgs un tam ir stiprin\u0101ti st\u016bri. Matraci iesp\u0113jams \u0113rti savietot un p\u0101rvad\u0101t. Tas apr\u012bkots ar \u0113rt\u0101m plecu lenc\u0113m, rokturi, tr\u012bs siksn\u0101m un met\u0101la spr\u0101dz\u0113m matra\u010da aizv\u0113r&scaron;anai, ekip\u0113juma tur\u0113&scaron;anas atloku un siksn\u0101m. Izm\u0113ri atv\u0113rt\u0101 veid\u0101: 109 cm x 99 cm; Biezums: 10 cm; Izm\u0113ri salikt\u0101 veid\u0101: 99 cm x 61 cm x 20 cm. Materi\u0101ls: P 600D PES, N 1000 D Kodura.<\/p>\n","protected":false},"excerpt":{"rendered":"<p>Vid\u0113jais svars: 3.54 kg Kompakts, augsta izpild\u012bjuma tehniskais bolderinga matracis. Tam piem\u012bt augsta trieciena absorbcija. Matracis ir \u013coti iztur\u012bgs un tam ir stiprin\u0101ti st\u016bri. Matraci iesp\u0113jams \u0113rti savietot un p\u0101rvad\u0101t. Tas apr\u012bkots ar \u0113rt\u0101m plecu lenc\u0113m, rokturi, tr\u012bs siksn\u0101m un met\u0101la spr\u0101dz\u0113m matra\u010da aizv\u0113r&scaron;anai, ekip\u0113juma tur\u0113&scaron;anas atloku un siksn\u0101m. Izm\u0113ri atv\u0113rt\u0101 veid\u0101: 109 cm x [&hellip;]<\/p>\n","protected":false},"featured_media":0,"template":"","meta":[],"product_brand":[],"product_cat":[4851,4859,4861],"product_tag":[],"class_list":{"0":"post-77272","1":"product","2":"type-product","3":"status-publish","5":"product_cat-mountaineering-equipment-recreation","6":"product_cat-for-rock-climbing-mountaineering-mountaineering-equipment-recreation","7":"product_cat-magnesia-and-magnesium-bags-for-rock-climbing-mountaineering-mountaineering-equipment-recreation","9":"first","10":"instock","11":"shipping-taxable","12":"purchasable","13":"product-type-simple"},"_links":{"self":[{"href":"https:\/\/sezona.lv\/en\/wp-json\/wp\/v2\/product\/77272","targetHints":{"allow":["GET"]}}],"collection":[{"href":"https:\/\/sezona.lv\/en\/wp-json\/wp\/v2\/product"}],"about":[{"href":"https:\/\/sezona.lv\/en\/wp-json\/wp\/v2\/types\/product"}],"wp:attachment":[{"href":"https:\/\/sezona.lv\/en\/wp-json\/wp\/v2\/media?parent=77272"}],"wp:term":[{"taxonomy":"product_brand","embeddable":true,"href":"https:\/\/sezona.lv\/en\/wp-json\/wp\/v2\/product_brand?post=77272"},{"taxonomy":"product_cat","embeddable":true,"href":"https:\/\/sezona.lv\/en\/wp-json\/wp\/v2\/product_cat?post=77272"},{"taxonomy":"product_tag","embeddable":true,"href":"https:\/\/sezona.lv\/en\/wp-json\/wp\/v2\/product_tag?post=77272"}],"curies":[{"name":"wp","href":"https:\/\/api.w.org\/{rel}","templated":true}]}}