{"id":77273,"date":"2025-07-14T15:03:54","date_gmt":"2025-07-14T12:03:54","guid":{"rendered":"https:\/\/demo8.ecube.lv\/sezona.lv\/products\/dinamiska-virve-tendon-ambition-9-8-std\/"},"modified":"2025-07-14T15:03:54","modified_gmt":"2025-07-14T12:03:54","slug":"dinamiska-virve-tendon-ambition-9-8-std","status":"publish","type":"product","link":"https:\/\/sezona.lv\/en\/products\/dinamiska-virve-tendon-ambition-9-8-std\/","title":{"rendered":"Dinamisk\u0101 virve Tendon Ambition 9.8 STD"},"content":{"rendered":"<p><span>\u012apa&scaron;i viegla un iztur\u012bga pamatvirve ar mazu diametru, bet ar ilgu kalpo&scaron;anas laiku. Piem\u0113rota sporta k\u0101p&scaron;anai, k\u0101 ar\u012b k\u0101p&scaron;anai sporta z\u0101l\u0113s. Laba izv\u0113le sausiem apst\u0101k\u013ciem.<\/span><br \/><span>Virve atbilst EN 892 un CE 1019 standartu pras\u012bb\u0101m.<\/span><\/p>\n<ul class=\"item_traits\">\n<li class=\"odd\"><label>Apvalka nob\u012bde:<\/label>o mm<\/li>\n<li><label>Diametrs:<\/label>9.8 mm<\/li>\n<li class=\"odd\"><label>Dinamisk\u0101 izstiep&scaron;an\u0101s, %:<\/label>35<\/li>\n<li><label>Kritiena sp\u0113ks, kN:<\/label>7.6<\/li>\n<li class=\"odd\"><label>Statisk\u0101 izstiep&scaron;an\u0101s, %:<\/label>7.6<\/li>\n<li><label>UIAA kritienu skaits:<\/label>9-10<\/li>\n<li class=\"odd\"><label>Virves apstr\u0101de:<\/label>Standart<\/li>\n<li><label>Svars:<\/label>60 g<\/li>\n<\/ul>\n","protected":false},"excerpt":{"rendered":"<p>\u012apa&scaron;i viegla un iztur\u012bga pamatvirve ar mazu diametru, bet ar ilgu kalpo&scaron;anas laiku. Piem\u0113rota sporta k\u0101p&scaron;anai, k\u0101 ar\u012b k\u0101p&scaron;anai sporta z\u0101l\u0113s. Laba izv\u0113le sausiem apst\u0101k\u013ciem.Virve atbilst EN 892 un CE 1019 standartu pras\u012bb\u0101m. Apvalka nob\u012bde:o mm Diametrs:9.8 mm Dinamisk\u0101 izstiep&scaron;an\u0101s, %:35 Kritiena sp\u0113ks, kN:7.6 Statisk\u0101 izstiep&scaron;an\u0101s, %:7.6 UIAA kritienu skaits:9-10 Virves apstr\u0101de:Standart Svars:60 g<\/p>\n","protected":false},"featured_media":0,"template":"","meta":[],"product_brand":[3351],"product_cat":[4851,4885,4886],"product_tag":[],"class_list":{"0":"post-77273","1":"product","2":"type-product","3":"status-publish","5":"product_brand-tendon","6":"product_cat-mountaineering-equipment-recreation","7":"product_cat-ropes-mountaineering-equipment-recreation","8":"product_cat-dynamic-ropes-ropes-mountaineering-equipment-recreation","10":"first","11":"instock","12":"shipping-taxable","13":"purchasable","14":"product-type-simple"},"_links":{"self":[{"href":"https:\/\/sezona.lv\/en\/wp-json\/wp\/v2\/product\/77273","targetHints":{"allow":["GET"]}}],"collection":[{"href":"https:\/\/sezona.lv\/en\/wp-json\/wp\/v2\/product"}],"about":[{"href":"https:\/\/sezona.lv\/en\/wp-json\/wp\/v2\/types\/product"}],"wp:attachment":[{"href":"https:\/\/sezona.lv\/en\/wp-json\/wp\/v2\/media?parent=77273"}],"wp:term":[{"taxonomy":"product_brand","embeddable":true,"href":"https:\/\/sezona.lv\/en\/wp-json\/wp\/v2\/product_brand?post=77273"},{"taxonomy":"product_cat","embeddable":true,"href":"https:\/\/sezona.lv\/en\/wp-json\/wp\/v2\/product_cat?post=77273"},{"taxonomy":"product_tag","embeddable":true,"href":"https:\/\/sezona.lv\/en\/wp-json\/wp\/v2\/product_tag?post=77273"}],"curies":[{"name":"wp","href":"https:\/\/api.w.org\/{rel}","templated":true}]}}