{"id":77276,"date":"2025-07-14T15:03:56","date_gmt":"2025-07-14T12:03:56","guid":{"rendered":"https:\/\/demo8.ecube.lv\/sezona.lv\/products\/dinamiska-virve-tendon-ambition-9-8-mm-s-zala\/"},"modified":"2025-07-14T15:03:56","modified_gmt":"2025-07-14T12:03:56","slug":"dinamiska-virve-tendon-ambition-9-8-mm-s-zala","status":"publish","type":"product","link":"https:\/\/sezona.lv\/en\/products\/dinamiska-virve-tendon-ambition-9-8-mm-s-zala\/","title":{"rendered":"Dinamisk\u0101 virve Tendon Ambition 9.8 mm S za\u013ca"},"content":{"rendered":"<p><span>Viegla un iztur\u012bga sporta k\u0101p&scaron;anas virve, kas paredz\u0113ta k\u0101p\u0113jiem, kuru m\u0113r\u0137is ir sasniegt lab\u0101kus rezult\u0101tus. Lai gan virvei ir mazs diametrs, tai piem\u012bt augsta abraz\u012bv\u0101 iztur\u012bba un t\u0101 kalpos ilgi. Pateicoties virves mazajam svaram, t\u0101 ir viegli un \u0113rti vad\u0101ma. Virve apstr\u0101d\u0101ta ar Standart virves impregn\u0113jumu, kas nodro&scaron;ina tai lielisku \u016bdens un abraz\u012bvo iztur\u012bbu.<\/span><br \/><span>Sertifik\u0101cija: EN 892\/CE 1019.<\/span><\/p>\n<ul class=\"item_traits\">\n<li class=\"odd\"><label>Apvalka nob\u012bde:<\/label>o mm<\/li>\n<li><label>Diametrs:<\/label>9.8 mm<\/li>\n<li class=\"odd\"><label>Dinamisk\u0101 izstiep&scaron;an\u0101s, %:<\/label>35<\/li>\n<li><label>Kritiena sp\u0113ks, kN:<\/label>7.1 kN<\/li>\n<li class=\"odd\"><label>Statisk\u0101 izstiep&scaron;an\u0101s, %:<\/label>6.2<\/li>\n<li><label>Virves apstr\u0101de:<\/label>Standart<\/li>\n<li class=\"odd\"><label>Svars:<\/label>60 g<\/li>\n<\/ul>\n","protected":false},"excerpt":{"rendered":"<p>Viegla un iztur\u012bga sporta k\u0101p&scaron;anas virve, kas paredz\u0113ta k\u0101p\u0113jiem, kuru m\u0113r\u0137is ir sasniegt lab\u0101kus rezult\u0101tus. Lai gan virvei ir mazs diametrs, tai piem\u012bt augsta abraz\u012bv\u0101 iztur\u012bba un t\u0101 kalpos ilgi. Pateicoties virves mazajam svaram, t\u0101 ir viegli un \u0113rti vad\u0101ma. Virve apstr\u0101d\u0101ta ar Standart virves impregn\u0113jumu, kas nodro&scaron;ina tai lielisku \u016bdens un abraz\u012bvo iztur\u012bbu.Sertifik\u0101cija: EN [&hellip;]<\/p>\n","protected":false},"featured_media":0,"template":"","meta":[],"product_brand":[3351],"product_cat":[4851,4885,4886],"product_tag":[],"class_list":{"0":"post-77276","1":"product","2":"type-product","3":"status-publish","5":"product_brand-tendon","6":"product_cat-mountaineering-equipment-recreation","7":"product_cat-ropes-mountaineering-equipment-recreation","8":"product_cat-dynamic-ropes-ropes-mountaineering-equipment-recreation","10":"first","11":"instock","12":"shipping-taxable","13":"purchasable","14":"product-type-simple"},"_links":{"self":[{"href":"https:\/\/sezona.lv\/en\/wp-json\/wp\/v2\/product\/77276","targetHints":{"allow":["GET"]}}],"collection":[{"href":"https:\/\/sezona.lv\/en\/wp-json\/wp\/v2\/product"}],"about":[{"href":"https:\/\/sezona.lv\/en\/wp-json\/wp\/v2\/types\/product"}],"wp:attachment":[{"href":"https:\/\/sezona.lv\/en\/wp-json\/wp\/v2\/media?parent=77276"}],"wp:term":[{"taxonomy":"product_brand","embeddable":true,"href":"https:\/\/sezona.lv\/en\/wp-json\/wp\/v2\/product_brand?post=77276"},{"taxonomy":"product_cat","embeddable":true,"href":"https:\/\/sezona.lv\/en\/wp-json\/wp\/v2\/product_cat?post=77276"},{"taxonomy":"product_tag","embeddable":true,"href":"https:\/\/sezona.lv\/en\/wp-json\/wp\/v2\/product_tag?post=77276"}],"curies":[{"name":"wp","href":"https:\/\/api.w.org\/{rel}","templated":true}]}}