{"id":77278,"date":"2025-07-14T15:03:57","date_gmt":"2025-07-14T12:03:57","guid":{"rendered":"https:\/\/demo8.ecube.lv\/sezona.lv\/products\/dinamiska-virve-tendon-ambition-10-5-violeta\/"},"modified":"2025-07-14T15:03:57","modified_gmt":"2025-07-14T12:03:57","slug":"dinamiska-virve-tendon-ambition-10-5-violeta","status":"publish","type":"product","link":"https:\/\/sezona.lv\/en\/products\/dinamiska-virve-tendon-ambition-10-5-violeta\/","title":{"rendered":"Dinamisk\u0101 virve Tendon Ambition 10.5 violeta"},"content":{"rendered":"<p><span>Nodilumiztur\u012bga pamatvirve ar labu vad\u0101m\u012bbu un lielu dro&scaron;\u012bbas rezervi. Piem\u0113rota visiem k\u0101p&scaron;anas veidiem. Lieliski piem\u0113rota tiem, kas izmanto tikai vienu virvi.<\/span><br \/><span>Virve atbilst EN 892 un CE 1019 standartu pras\u012bb\u0101m.<\/span><\/p>\n<ul id=\"traits_29348\" class=\"item_traits\">\n<li class=\"odd\"><label>Kr\u0101sa:<\/label>Violeta<\/li>\n<li><label>Izm\u0113rs:<\/label>1 m<\/li>\n<li class=\"odd\"><label>Apvalka nob\u012bde:<\/label>o mm<\/li>\n<li><label>Diametrs:<\/label>10.5 mm<\/li>\n<li class=\"odd\"><label>Dinamisk\u0101 izstiep&scaron;an\u0101s, %:<\/label>34<\/li>\n<li><label>Kritiena sp\u0113ks, kN:<\/label>8.5<\/li>\n<li class=\"odd\"><label>Statisk\u0101 izstiep&scaron;an\u0101s, %:<\/label>7.2<\/li>\n<li><label>UIAA kritienu skaits:<\/label>9-11<\/li>\n<li class=\"odd\"><label>Virves apstr\u0101de:<\/label>Standart<\/li>\n<li><label>Svars:<\/label>70 g<\/li>\n<\/ul>\n","protected":false},"excerpt":{"rendered":"<p>Nodilumiztur\u012bga pamatvirve ar labu vad\u0101m\u012bbu un lielu dro&scaron;\u012bbas rezervi. Piem\u0113rota visiem k\u0101p&scaron;anas veidiem. Lieliski piem\u0113rota tiem, kas izmanto tikai vienu virvi.Virve atbilst EN 892 un CE 1019 standartu pras\u012bb\u0101m. Kr\u0101sa:Violeta Izm\u0113rs:1 m Apvalka nob\u012bde:o mm Diametrs:10.5 mm Dinamisk\u0101 izstiep&scaron;an\u0101s, %:34 Kritiena sp\u0113ks, kN:8.5 Statisk\u0101 izstiep&scaron;an\u0101s, %:7.2 UIAA kritienu skaits:9-11 Virves apstr\u0101de:Standart Svars:70 g<\/p>\n","protected":false},"featured_media":0,"template":"","meta":[],"product_brand":[3351],"product_cat":[4851,4885,4886],"product_tag":[],"class_list":{"0":"post-77278","1":"product","2":"type-product","3":"status-publish","5":"product_brand-tendon","6":"product_cat-mountaineering-equipment-recreation","7":"product_cat-ropes-mountaineering-equipment-recreation","8":"product_cat-dynamic-ropes-ropes-mountaineering-equipment-recreation","10":"first","11":"instock","12":"shipping-taxable","13":"purchasable","14":"product-type-simple"},"_links":{"self":[{"href":"https:\/\/sezona.lv\/en\/wp-json\/wp\/v2\/product\/77278","targetHints":{"allow":["GET"]}}],"collection":[{"href":"https:\/\/sezona.lv\/en\/wp-json\/wp\/v2\/product"}],"about":[{"href":"https:\/\/sezona.lv\/en\/wp-json\/wp\/v2\/types\/product"}],"wp:attachment":[{"href":"https:\/\/sezona.lv\/en\/wp-json\/wp\/v2\/media?parent=77278"}],"wp:term":[{"taxonomy":"product_brand","embeddable":true,"href":"https:\/\/sezona.lv\/en\/wp-json\/wp\/v2\/product_brand?post=77278"},{"taxonomy":"product_cat","embeddable":true,"href":"https:\/\/sezona.lv\/en\/wp-json\/wp\/v2\/product_cat?post=77278"},{"taxonomy":"product_tag","embeddable":true,"href":"https:\/\/sezona.lv\/en\/wp-json\/wp\/v2\/product_tag?post=77278"}],"curies":[{"name":"wp","href":"https:\/\/api.w.org\/{rel}","templated":true}]}}