{"id":77279,"date":"2025-07-14T15:03:58","date_gmt":"2025-07-14T12:03:58","guid":{"rendered":"https:\/\/demo8.ecube.lv\/sezona.lv\/products\/dinamiska-virve-tendon-ambition-10-2-s\/"},"modified":"2025-07-14T15:03:58","modified_gmt":"2025-07-14T12:03:58","slug":"dinamiska-virve-tendon-ambition-10-2-s","status":"publish","type":"product","link":"https:\/\/sezona.lv\/en\/products\/dinamiska-virve-tendon-ambition-10-2-s\/","title":{"rendered":"Dinamisk\u0101 virve Tendon Ambition 10.2 S"},"content":{"rendered":"<p><span>Lieliska dizaina un augstv\u0113rt\u012bgas kvalit\u0101tes dinamisk\u0101 virve. Tai piem\u012bt lieliska lokan\u012bba un taj\u0101 viegli iesiet mezglus, k\u0101 ar\u012b t\u0101 ir iztur\u012bga un dro&scaron;a. Izgatavota p\u0113c EN 892 un CE 1019 standartiem.<\/span><\/p>\n<ul class=\"item_traits\">\n<li class=\"odd\"><label>Apvalka nob\u012bde:<\/label>o mm<\/li>\n<li><label>Diametrs:<\/label>10.2 mm<\/li>\n<li class=\"odd\"><label>Dinamisk\u0101 izstiep&scaron;an\u0101s, %:<\/label>135<\/li>\n<li><label>Kritiena sp\u0113ks, kN:<\/label>8<\/li>\n<li class=\"odd\"><label>Statisk\u0101 izstiep&scaron;an\u0101s, %:<\/label>7.4<\/li>\n<li><label>UIAA kritienu skaits:<\/label>Minim\u0101lais: 12; Maksim\u0101lais: 13<\/li>\n<li class=\"odd\"><label>Virves apstr\u0101de:<\/label>Standart<\/li>\n<li><label>Svars:<\/label>70 g<\/li>\n<\/ul>\n","protected":false},"excerpt":{"rendered":"<p>Lieliska dizaina un augstv\u0113rt\u012bgas kvalit\u0101tes dinamisk\u0101 virve. Tai piem\u012bt lieliska lokan\u012bba un taj\u0101 viegli iesiet mezglus, k\u0101 ar\u012b t\u0101 ir iztur\u012bga un dro&scaron;a. Izgatavota p\u0113c EN 892 un CE 1019 standartiem. Apvalka nob\u012bde:o mm Diametrs:10.2 mm Dinamisk\u0101 izstiep&scaron;an\u0101s, %:135 Kritiena sp\u0113ks, kN:8 Statisk\u0101 izstiep&scaron;an\u0101s, %:7.4 UIAA kritienu skaits:Minim\u0101lais: 12; Maksim\u0101lais: 13 Virves apstr\u0101de:Standart Svars:70 g<\/p>\n","protected":false},"featured_media":0,"template":"","meta":[],"product_brand":[3351],"product_cat":[4851,4885,4886],"product_tag":[],"class_list":{"0":"post-77279","1":"product","2":"type-product","3":"status-publish","5":"product_brand-tendon","6":"product_cat-mountaineering-equipment-recreation","7":"product_cat-ropes-mountaineering-equipment-recreation","8":"product_cat-dynamic-ropes-ropes-mountaineering-equipment-recreation","10":"first","11":"instock","12":"shipping-taxable","13":"purchasable","14":"product-type-simple"},"_links":{"self":[{"href":"https:\/\/sezona.lv\/en\/wp-json\/wp\/v2\/product\/77279","targetHints":{"allow":["GET"]}}],"collection":[{"href":"https:\/\/sezona.lv\/en\/wp-json\/wp\/v2\/product"}],"about":[{"href":"https:\/\/sezona.lv\/en\/wp-json\/wp\/v2\/types\/product"}],"wp:attachment":[{"href":"https:\/\/sezona.lv\/en\/wp-json\/wp\/v2\/media?parent=77279"}],"wp:term":[{"taxonomy":"product_brand","embeddable":true,"href":"https:\/\/sezona.lv\/en\/wp-json\/wp\/v2\/product_brand?post=77279"},{"taxonomy":"product_cat","embeddable":true,"href":"https:\/\/sezona.lv\/en\/wp-json\/wp\/v2\/product_cat?post=77279"},{"taxonomy":"product_tag","embeddable":true,"href":"https:\/\/sezona.lv\/en\/wp-json\/wp\/v2\/product_tag?post=77279"}],"curies":[{"name":"wp","href":"https:\/\/api.w.org\/{rel}","templated":true}]}}