{"id":77285,"date":"2025-07-14T15:04:04","date_gmt":"2025-07-14T12:04:04","guid":{"rendered":"https:\/\/demo8.ecube.lv\/sezona.lv\/products\/dinamiska-virve-tendon-master-9-4-w\/"},"modified":"2025-07-14T15:04:04","modified_gmt":"2025-07-14T12:04:04","slug":"dinamiska-virve-tendon-master-9-4-w","status":"publish","type":"product","link":"https:\/\/sezona.lv\/en\/products\/dinamiska-virve-tendon-master-9-4-w\/","title":{"rendered":"Dinamisk\u0101 virve Tendon Master 9.4 W"},"content":{"rendered":"<p><span>Lieliska pamatvirve ar mazu svaru un teicamiem tehniskajiem parametriem. Virve izgatavota \u012bpa&scaron;\u0101 SBS (Simple Braiding System) konstrukcij\u0101, kur katrs virves pavediens tiek v\u012bts atsevi&scaron;\u0137i, ne p\u0101ros, k\u0101 ar\u012b &scaron;\u012b konstrukcija paredz \u0101r\u0113j\u0101 apvalka liel\u0101ku iztur\u012bbu un gludumu. Virve ir m\u012bksta un viegli kontrol\u0113jama. Lieliska izv\u0113le k\u0101 gr\u016btiem un sare\u017e\u0123\u012btiem mar&scaron;rutiem, t\u0101 sporta klin&scaron;u k\u0101p&scaron;anai.<\/span><\/p>\n<ul class=\"item_traits\">\n<li class=\"odd\"><label>Apvalka nob\u012bde:<\/label>0.0 mm<\/li>\n<li><label>Diametrs:<\/label>9.4 mm<\/li>\n<li class=\"odd\"><label>Dinamisk\u0101 izstiep&scaron;an\u0101s, %:<\/label>35<\/li>\n<li><label>Kritiena sp\u0113ks, kN:<\/label>7<\/li>\n<li class=\"odd\"><label>Statisk\u0101 izstiep&scaron;an\u0101s, %:<\/label>8.9<\/li>\n<li><label>UIAA kritienu skaits:<\/label>Maksim\u0101lais: 7; Minim\u0101lais: 5<\/li>\n<li class=\"odd\"><label>Virves apstr\u0101de:<\/label>Protect Shiels<\/li>\n<li><label>Svars:<\/label>60 g<\/li>\n<\/ul>\n","protected":false},"excerpt":{"rendered":"<p>Lieliska pamatvirve ar mazu svaru un teicamiem tehniskajiem parametriem. Virve izgatavota \u012bpa&scaron;\u0101 SBS (Simple Braiding System) konstrukcij\u0101, kur katrs virves pavediens tiek v\u012bts atsevi&scaron;\u0137i, ne p\u0101ros, k\u0101 ar\u012b &scaron;\u012b konstrukcija paredz \u0101r\u0113j\u0101 apvalka liel\u0101ku iztur\u012bbu un gludumu. Virve ir m\u012bksta un viegli kontrol\u0113jama. Lieliska izv\u0113le k\u0101 gr\u016btiem un sare\u017e\u0123\u012btiem mar&scaron;rutiem, t\u0101 sporta klin&scaron;u k\u0101p&scaron;anai. Apvalka [&hellip;]<\/p>\n","protected":false},"featured_media":0,"template":"","meta":[],"product_brand":[3351],"product_cat":[4851,4885,4886],"product_tag":[],"class_list":{"0":"post-77285","1":"product","2":"type-product","3":"status-publish","5":"product_brand-tendon","6":"product_cat-mountaineering-equipment-recreation","7":"product_cat-ropes-mountaineering-equipment-recreation","8":"product_cat-dynamic-ropes-ropes-mountaineering-equipment-recreation","10":"first","11":"instock","12":"shipping-taxable","13":"purchasable","14":"product-type-simple"},"_links":{"self":[{"href":"https:\/\/sezona.lv\/en\/wp-json\/wp\/v2\/product\/77285","targetHints":{"allow":["GET"]}}],"collection":[{"href":"https:\/\/sezona.lv\/en\/wp-json\/wp\/v2\/product"}],"about":[{"href":"https:\/\/sezona.lv\/en\/wp-json\/wp\/v2\/types\/product"}],"wp:attachment":[{"href":"https:\/\/sezona.lv\/en\/wp-json\/wp\/v2\/media?parent=77285"}],"wp:term":[{"taxonomy":"product_brand","embeddable":true,"href":"https:\/\/sezona.lv\/en\/wp-json\/wp\/v2\/product_brand?post=77285"},{"taxonomy":"product_cat","embeddable":true,"href":"https:\/\/sezona.lv\/en\/wp-json\/wp\/v2\/product_cat?post=77285"},{"taxonomy":"product_tag","embeddable":true,"href":"https:\/\/sezona.lv\/en\/wp-json\/wp\/v2\/product_tag?post=77285"}],"curies":[{"name":"wp","href":"https:\/\/api.w.org\/{rel}","templated":true}]}}