{"id":77287,"date":"2025-07-14T15:04:06","date_gmt":"2025-07-14T12:04:06","guid":{"rendered":"https:\/\/demo8.ecube.lv\/sezona.lv\/products\/dinamiska-virve-tendon-master-9-1-mm-c-sarkana\/"},"modified":"2025-07-14T15:04:06","modified_gmt":"2025-07-14T12:04:06","slug":"dinamiska-virve-tendon-master-9-1-mm-c-sarkana","status":"publish","type":"product","link":"https:\/\/sezona.lv\/en\/products\/dinamiska-virve-tendon-master-9-1-mm-c-sarkana\/","title":{"rendered":"Dinamisk\u0101 virve Tendon Master 9.1 mm C sarkana"},"content":{"rendered":"<p><span>\u013boti viegla, maza diametra un zema svara virve, ko iesp\u0113jams lietot k\u0101 pamatvirvi, dubulto virvi vai pusvirvi. T\u0101 lieliski piem\u0113rota sare\u017e\u0123\u012btiem sporta klin&scaron;u k\u0101p&scaron;anas mar&scaron;rutiem, kuros noz\u012bme ir katram gramam. Virve impregn\u0113ta \u012bpa&scaron;\u0101 Complete Shield p\u0101rkl\u0101jum\u0101, kuras laik\u0101 gan uz virves apvalka, gan kodola tiek uzkl\u0101ts Nano Technology Teflon p\u0101rkl\u0101jums, kas ne\u013cauj kodol\u0101 un virves apvalk\u0101 ies\u016bkties \u016bdenim un net\u012brumiem, t\u0101d\u0101 veid\u0101 padarot virvi \u0101rk\u0101rt\u012bgi abraz\u012bvi iztur\u012bgu un paildzinot virves kalpo&scaron;anas ilgumu.<\/span><\/p>\n<ul class=\"item_traits\">\n<li class=\"odd\"><label>Apvalka nob\u012bde:<\/label>0.3 mm<\/li>\n<li><label>Diametrs:<\/label>9.1 mm<\/li>\n<li class=\"odd\"><label>Dinamisk\u0101 izstiep&scaron;an\u0101s, %:<\/label>Pamatvirve: 29; Pusvirve: 27; Dubult\u0101 virve: 24<\/li>\n<li><label>Kritiena sp\u0113ks, kN:<\/label>Pamatvirve: 9 kN; Pusvirve: 6.9 kN; Dubult\u0101 virve: 11.1 kN<\/li>\n<li class=\"odd\"><label>Statisk\u0101 izstiep&scaron;an\u0101s, %:<\/label>Pamatvirve: 6.4; Pusvirve: 6.4; Dubult\u0101 virve: 3.7<\/li>\n<li><label>Virves apstr\u0101de:<\/label>Complete Shield<\/li>\n<li class=\"odd\"><label>Svars:<\/label>50 g<\/li>\n<\/ul>\n","protected":false},"excerpt":{"rendered":"<p>\u013boti viegla, maza diametra un zema svara virve, ko iesp\u0113jams lietot k\u0101 pamatvirvi, dubulto virvi vai pusvirvi. T\u0101 lieliski piem\u0113rota sare\u017e\u0123\u012btiem sporta klin&scaron;u k\u0101p&scaron;anas mar&scaron;rutiem, kuros noz\u012bme ir katram gramam. Virve impregn\u0113ta \u012bpa&scaron;\u0101 Complete Shield p\u0101rkl\u0101jum\u0101, kuras laik\u0101 gan uz virves apvalka, gan kodola tiek uzkl\u0101ts Nano Technology Teflon p\u0101rkl\u0101jums, kas ne\u013cauj kodol\u0101 un virves [&hellip;]<\/p>\n","protected":false},"featured_media":0,"template":"","meta":[],"product_brand":[3351],"product_cat":[4851,4885,4886],"product_tag":[],"class_list":{"0":"post-77287","1":"product","2":"type-product","3":"status-publish","5":"product_brand-tendon","6":"product_cat-mountaineering-equipment-recreation","7":"product_cat-ropes-mountaineering-equipment-recreation","8":"product_cat-dynamic-ropes-ropes-mountaineering-equipment-recreation","10":"first","11":"instock","12":"shipping-taxable","13":"purchasable","14":"product-type-simple"},"_links":{"self":[{"href":"https:\/\/sezona.lv\/en\/wp-json\/wp\/v2\/product\/77287","targetHints":{"allow":["GET"]}}],"collection":[{"href":"https:\/\/sezona.lv\/en\/wp-json\/wp\/v2\/product"}],"about":[{"href":"https:\/\/sezona.lv\/en\/wp-json\/wp\/v2\/types\/product"}],"wp:attachment":[{"href":"https:\/\/sezona.lv\/en\/wp-json\/wp\/v2\/media?parent=77287"}],"wp:term":[{"taxonomy":"product_brand","embeddable":true,"href":"https:\/\/sezona.lv\/en\/wp-json\/wp\/v2\/product_brand?post=77287"},{"taxonomy":"product_cat","embeddable":true,"href":"https:\/\/sezona.lv\/en\/wp-json\/wp\/v2\/product_cat?post=77287"},{"taxonomy":"product_tag","embeddable":true,"href":"https:\/\/sezona.lv\/en\/wp-json\/wp\/v2\/product_tag?post=77287"}],"curies":[{"name":"wp","href":"https:\/\/api.w.org\/{rel}","templated":true}]}}