{"id":77288,"date":"2025-07-14T15:04:07","date_gmt":"2025-07-14T12:04:07","guid":{"rendered":"https:\/\/demo8.ecube.lv\/sezona.lv\/products\/dinamiska-virve-tendon-master-9-2-w\/"},"modified":"2025-07-14T15:04:07","modified_gmt":"2025-07-14T12:04:07","slug":"dinamiska-virve-tendon-master-9-2-w","status":"publish","type":"product","link":"https:\/\/sezona.lv\/en\/products\/dinamiska-virve-tendon-master-9-2-w\/","title":{"rendered":"Dinamisk\u0101 virve Tendon Master 9.2 W"},"content":{"rendered":"<p><span>Viegla, iztur\u012bga, &scaron;aura diametra dinamisk\u0101 virve, kas ide\u0101li piem\u0113rota sporta klin&scaron;u k\u0101p&scaron;anai. \u012apa&scaron;i piem\u0113rota ekstr\u0113miem k\u0101p&scaron;anas veidiem, kuros katrs ietaup\u012btais grams ir noz\u012bm\u012bgs. Virvei ir \u012bpa&scaron;a Protect Shield apstr\u0101de, kuras laik\u0101 virves apvalks tiek apstr\u0101d\u0101ts ar Nano Technology Teflon p\u0101rkl\u0101jumu, kas ne\u013cauj virves apvalk\u0101 ies\u016bkties \u016bdenim un net\u012brumiem, t\u0101d\u0101 veid\u0101 palielinot virves abraz\u012bvo iztur\u012bbu un \u016bdens neuzs\u016bk&scaron;anas sp\u0113jas.<\/span><\/p>\n<ul class=\"item_traits\">\n<li class=\"odd\"><label>Apvalka nob\u012bde:<\/label>o mm<\/li>\n<li><label>Diametrs:<\/label>9.2 mm<\/li>\n<li class=\"odd\"><label>Dinamisk\u0101 izstiep&scaron;an\u0101s, %:<\/label>35<\/li>\n<li><label>Kritiena sp\u0113ks, kN:<\/label>6.8<\/li>\n<li class=\"odd\"><label>Statisk\u0101 izstiep&scaron;an\u0101s, %:<\/label>9<\/li>\n<li><label>UIAA kritienu skaits:<\/label>5-6<\/li>\n<li class=\"odd\"><label>Virves apstr\u0101de:<\/label>Protect Shiels<\/li>\n<li><label>Svars:<\/label>50 g<\/li>\n<\/ul>\n","protected":false},"excerpt":{"rendered":"<p>Viegla, iztur\u012bga, &scaron;aura diametra dinamisk\u0101 virve, kas ide\u0101li piem\u0113rota sporta klin&scaron;u k\u0101p&scaron;anai. \u012apa&scaron;i piem\u0113rota ekstr\u0113miem k\u0101p&scaron;anas veidiem, kuros katrs ietaup\u012btais grams ir noz\u012bm\u012bgs. Virvei ir \u012bpa&scaron;a Protect Shield apstr\u0101de, kuras laik\u0101 virves apvalks tiek apstr\u0101d\u0101ts ar Nano Technology Teflon p\u0101rkl\u0101jumu, kas ne\u013cauj virves apvalk\u0101 ies\u016bkties \u016bdenim un net\u012brumiem, t\u0101d\u0101 veid\u0101 palielinot virves abraz\u012bvo iztur\u012bbu un [&hellip;]<\/p>\n","protected":false},"featured_media":0,"template":"","meta":[],"product_brand":[3351],"product_cat":[4851,4885,4886],"product_tag":[],"class_list":{"0":"post-77288","1":"product","2":"type-product","3":"status-publish","5":"product_brand-tendon","6":"product_cat-mountaineering-equipment-recreation","7":"product_cat-ropes-mountaineering-equipment-recreation","8":"product_cat-dynamic-ropes-ropes-mountaineering-equipment-recreation","10":"first","11":"instock","12":"shipping-taxable","13":"purchasable","14":"product-type-simple"},"_links":{"self":[{"href":"https:\/\/sezona.lv\/en\/wp-json\/wp\/v2\/product\/77288","targetHints":{"allow":["GET"]}}],"collection":[{"href":"https:\/\/sezona.lv\/en\/wp-json\/wp\/v2\/product"}],"about":[{"href":"https:\/\/sezona.lv\/en\/wp-json\/wp\/v2\/types\/product"}],"wp:attachment":[{"href":"https:\/\/sezona.lv\/en\/wp-json\/wp\/v2\/media?parent=77288"}],"wp:term":[{"taxonomy":"product_brand","embeddable":true,"href":"https:\/\/sezona.lv\/en\/wp-json\/wp\/v2\/product_brand?post=77288"},{"taxonomy":"product_cat","embeddable":true,"href":"https:\/\/sezona.lv\/en\/wp-json\/wp\/v2\/product_cat?post=77288"},{"taxonomy":"product_tag","embeddable":true,"href":"https:\/\/sezona.lv\/en\/wp-json\/wp\/v2\/product_tag?post=77288"}],"curies":[{"name":"wp","href":"https:\/\/api.w.org\/{rel}","templated":true}]}}