{"id":77289,"date":"2025-07-14T15:04:08","date_gmt":"2025-07-14T12:04:08","guid":{"rendered":"https:\/\/demo8.ecube.lv\/sezona.lv\/products\/dinamiska-virve-tendon-trust-11-sarkana\/"},"modified":"2025-07-14T15:04:08","modified_gmt":"2025-07-14T12:04:08","slug":"dinamiska-virve-tendon-trust-11-sarkana","status":"publish","type":"product","link":"https:\/\/sezona.lv\/en\/products\/dinamiska-virve-tendon-trust-11-sarkana\/","title":{"rendered":"Dinamisk\u0101 virve Tendon Trust 11 sarkana"},"content":{"rendered":"<p><span>Dinamisk\u0101 pamatvirve ar augstu dro&scaron;\u012bbas koeficientu un maksim\u0101li lielu iztur\u012bbu. Paredz\u0113ta izmanto&scaron;anai gr\u016btos apst\u0101k\u013cos virvju k\u0101p&scaron;anas m\u0101c\u012bbu centros.<\/span><br \/><span>Virve atbilst EN 892 un CE 1019 standartu pras\u012bb\u0101m.<\/span><\/p>\n<ul id=\"traits_18116\" class=\"item_traits\">\n<li class=\"odd\"><label>Kr\u0101sa:<\/label>Sarkana<\/li>\n<li><label>Izm\u0113rs:<\/label>1 m<\/li>\n<li class=\"odd\"><label>Apvalka nob\u012bde:<\/label>o mm<\/li>\n<li><label>Diametrs:<\/label>11 mm<\/li>\n<li class=\"odd\"><label>Dinamisk\u0101 izstiep&scaron;an\u0101s, %:<\/label>35<\/li>\n<li><label>Kritiena sp\u0113ks, kN:<\/label>8.4<\/li>\n<li class=\"odd\"><label>Statisk\u0101 izstiep&scaron;an\u0101s, %:<\/label>7<\/li>\n<li><label>UIAA kritienu skaits:<\/label>16-17<\/li>\n<li class=\"odd\"><label>Virves apstr\u0101de:<\/label>Standart<\/li>\n<li><label>Svars:<\/label>80 g<\/li>\n<\/ul>\n","protected":false},"excerpt":{"rendered":"<p>Dinamisk\u0101 pamatvirve ar augstu dro&scaron;\u012bbas koeficientu un maksim\u0101li lielu iztur\u012bbu. Paredz\u0113ta izmanto&scaron;anai gr\u016btos apst\u0101k\u013cos virvju k\u0101p&scaron;anas m\u0101c\u012bbu centros.Virve atbilst EN 892 un CE 1019 standartu pras\u012bb\u0101m. Kr\u0101sa:Sarkana Izm\u0113rs:1 m Apvalka nob\u012bde:o mm Diametrs:11 mm Dinamisk\u0101 izstiep&scaron;an\u0101s, %:35 Kritiena sp\u0113ks, kN:8.4 Statisk\u0101 izstiep&scaron;an\u0101s, %:7 UIAA kritienu skaits:16-17 Virves apstr\u0101de:Standart Svars:80 g<\/p>\n","protected":false},"featured_media":0,"template":"","meta":[],"product_brand":[3351],"product_cat":[4851,4885,4886],"product_tag":[],"class_list":{"0":"post-77289","1":"product","2":"type-product","3":"status-publish","5":"product_brand-tendon","6":"product_cat-mountaineering-equipment-recreation","7":"product_cat-ropes-mountaineering-equipment-recreation","8":"product_cat-dynamic-ropes-ropes-mountaineering-equipment-recreation","10":"first","11":"instock","12":"shipping-taxable","13":"purchasable","14":"product-type-simple"},"_links":{"self":[{"href":"https:\/\/sezona.lv\/en\/wp-json\/wp\/v2\/product\/77289","targetHints":{"allow":["GET"]}}],"collection":[{"href":"https:\/\/sezona.lv\/en\/wp-json\/wp\/v2\/product"}],"about":[{"href":"https:\/\/sezona.lv\/en\/wp-json\/wp\/v2\/types\/product"}],"wp:attachment":[{"href":"https:\/\/sezona.lv\/en\/wp-json\/wp\/v2\/media?parent=77289"}],"wp:term":[{"taxonomy":"product_brand","embeddable":true,"href":"https:\/\/sezona.lv\/en\/wp-json\/wp\/v2\/product_brand?post=77289"},{"taxonomy":"product_cat","embeddable":true,"href":"https:\/\/sezona.lv\/en\/wp-json\/wp\/v2\/product_cat?post=77289"},{"taxonomy":"product_tag","embeddable":true,"href":"https:\/\/sezona.lv\/en\/wp-json\/wp\/v2\/product_tag?post=77289"}],"curies":[{"name":"wp","href":"https:\/\/api.w.org\/{rel}","templated":true}]}}