{"id":77292,"date":"2025-07-14T15:04:11","date_gmt":"2025-07-14T12:04:11","guid":{"rendered":"https:\/\/demo8.ecube.lv\/sezona.lv\/products\/dinamiska-virve-tendon-master-9-7-zala\/"},"modified":"2025-07-14T15:04:11","modified_gmt":"2025-07-14T12:04:11","slug":"dinamiska-virve-tendon-master-9-7-zala","status":"publish","type":"product","link":"https:\/\/sezona.lv\/en\/products\/dinamiska-virve-tendon-master-9-7-zala\/","title":{"rendered":"Dinamisk\u0101 virve Tendon Master 9.7 za\u013ca"},"content":{"rendered":"<p><span>Lieliskas kvalit\u0101tes un iztur\u012bbas pamatvirve ar mazu svaru un teicamiem tehniskajiem parametriem. Virve izgatavota \u012bpa&scaron;\u0101 SBS (Simple Braiding System) konstrukcij\u0101, kur katrs virves pavediens tiek v\u012bts atsevi&scaron;\u0137i, ne p\u0101ros, k\u0101 ar\u012b &scaron;\u012b konstrukcija paredz \u0101r\u0113j\u0101 apvalka liel\u0101ku iztur\u012bbu un gludumu. Virve ir m\u012bksta un viegli kontrol\u0113jama. Lieliska izv\u0113le k\u0101 gr\u016btiem un sare\u017e\u0123\u012btiem mar&scaron;rutiem, t\u0101 sporta klin&scaron;u k\u0101p&scaron;anai.<\/span><br \/><span>Virve atbilst EN 892 un CE 1019 standartu pras\u012bb\u0101m.<\/span><\/p>\n<ul id=\"traits_29316\" class=\"item_traits\">\n<li class=\"odd\"><label>Kr\u0101sa:<\/label>Za\u013ca<\/li>\n<li><label>Izm\u0113rs:<\/label>1 m<\/li>\n<li class=\"odd\"><label>Apvalka nob\u012bde:<\/label>o mm<\/li>\n<li><label>Diametrs:<\/label>9.7 mm<\/li>\n<li class=\"odd\"><label>Dinamisk\u0101 izstiep&scaron;an\u0101s, %:<\/label>35<\/li>\n<li><label>Kritiena sp\u0113ks, kN:<\/label>7.6<\/li>\n<li class=\"odd\"><label>Statisk\u0101 izstiep&scaron;an\u0101s, %:<\/label>7.6<\/li>\n<li><label>UIAA kritienu skaits:<\/label>Minim\u0101lais: 9; Maksim\u0101lais: 10<\/li>\n<li class=\"odd\"><label>Virves apstr\u0101de:<\/label>Protect Shiels<\/li>\n<li><label>Svars:<\/label>50 g<\/li>\n<\/ul>\n","protected":false},"excerpt":{"rendered":"<p>Lieliskas kvalit\u0101tes un iztur\u012bbas pamatvirve ar mazu svaru un teicamiem tehniskajiem parametriem. Virve izgatavota \u012bpa&scaron;\u0101 SBS (Simple Braiding System) konstrukcij\u0101, kur katrs virves pavediens tiek v\u012bts atsevi&scaron;\u0137i, ne p\u0101ros, k\u0101 ar\u012b &scaron;\u012b konstrukcija paredz \u0101r\u0113j\u0101 apvalka liel\u0101ku iztur\u012bbu un gludumu. Virve ir m\u012bksta un viegli kontrol\u0113jama. Lieliska izv\u0113le k\u0101 gr\u016btiem un sare\u017e\u0123\u012btiem mar&scaron;rutiem, t\u0101 sporta [&hellip;]<\/p>\n","protected":false},"featured_media":0,"template":"","meta":[],"product_brand":[3351],"product_cat":[4851,4885,4886],"product_tag":[],"class_list":{"0":"post-77292","1":"product","2":"type-product","3":"status-publish","5":"product_brand-tendon","6":"product_cat-mountaineering-equipment-recreation","7":"product_cat-ropes-mountaineering-equipment-recreation","8":"product_cat-dynamic-ropes-ropes-mountaineering-equipment-recreation","10":"first","11":"instock","12":"shipping-taxable","13":"purchasable","14":"product-type-simple"},"_links":{"self":[{"href":"https:\/\/sezona.lv\/en\/wp-json\/wp\/v2\/product\/77292","targetHints":{"allow":["GET"]}}],"collection":[{"href":"https:\/\/sezona.lv\/en\/wp-json\/wp\/v2\/product"}],"about":[{"href":"https:\/\/sezona.lv\/en\/wp-json\/wp\/v2\/types\/product"}],"wp:attachment":[{"href":"https:\/\/sezona.lv\/en\/wp-json\/wp\/v2\/media?parent=77292"}],"wp:term":[{"taxonomy":"product_brand","embeddable":true,"href":"https:\/\/sezona.lv\/en\/wp-json\/wp\/v2\/product_brand?post=77292"},{"taxonomy":"product_cat","embeddable":true,"href":"https:\/\/sezona.lv\/en\/wp-json\/wp\/v2\/product_cat?post=77292"},{"taxonomy":"product_tag","embeddable":true,"href":"https:\/\/sezona.lv\/en\/wp-json\/wp\/v2\/product_tag?post=77292"}],"curies":[{"name":"wp","href":"https:\/\/api.w.org\/{rel}","templated":true}]}}