{"id":77293,"date":"2025-07-14T15:04:11","date_gmt":"2025-07-14T12:04:11","guid":{"rendered":"https:\/\/demo8.ecube.lv\/sezona.lv\/products\/dinamiska-virve-edelrid-cobra-10-3-mm\/"},"modified":"2025-07-14T15:04:11","modified_gmt":"2025-07-14T12:04:11","slug":"dinamiska-virve-edelrid-cobra-10-3-mm","status":"publish","type":"product","link":"https:\/\/sezona.lv\/en\/products\/dinamiska-virve-edelrid-cobra-10-3-mm\/","title":{"rendered":"Dinamisk\u0101 virve Edelrid Cobra 10.3 mm"},"content":{"rendered":"<p><span>Sp\u0113c\u012bga, abraz\u012bvi iztur\u012bga dinamisk\u0101 pamatvirve. T\u0101s iztur\u012bg\u0101 konstrukcija un Thermo Shield apstr\u0101de padara &scaron;o virvi uzticamu, viegli kontrol\u0113jamu un ide\u0101li piem\u0113rotu sabiedroto klin&scaron;u k\u0101p&scaron;anai un k\u0101p&scaron;anai iek&scaron;telp\u0101s.<\/span><\/p>\n<ul class=\"item_traits\">\n<li class=\"odd\"><label>Apvalka nob\u012bde:<\/label>o mm<\/li>\n<li><label>Diametrs:<\/label>10.3 mm<\/li>\n<li class=\"odd\"><label>Dinamisk\u0101 izstiep&scaron;an\u0101s, %:<\/label>32<\/li>\n<li><label>Kritiena sp\u0113ks, kN:<\/label>9.1 kN<\/li>\n<li class=\"odd\"><label>Statisk\u0101 izstiep&scaron;an\u0101s, %:<\/label>7.5 &#8211; 8.0<\/li>\n<li><label>Svars:<\/label>70 g<\/li>\n<\/ul>\n","protected":false},"excerpt":{"rendered":"<p>Sp\u0113c\u012bga, abraz\u012bvi iztur\u012bga dinamisk\u0101 pamatvirve. T\u0101s iztur\u012bg\u0101 konstrukcija un Thermo Shield apstr\u0101de padara &scaron;o virvi uzticamu, viegli kontrol\u0113jamu un ide\u0101li piem\u0113rotu sabiedroto klin&scaron;u k\u0101p&scaron;anai un k\u0101p&scaron;anai iek&scaron;telp\u0101s. Apvalka nob\u012bde:o mm Diametrs:10.3 mm Dinamisk\u0101 izstiep&scaron;an\u0101s, %:32 Kritiena sp\u0113ks, kN:9.1 kN Statisk\u0101 izstiep&scaron;an\u0101s, %:7.5 &#8211; 8.0 Svars:70 g<\/p>\n","protected":false},"featured_media":0,"template":"","meta":[],"product_brand":[3348],"product_cat":[4851,4885,4886],"product_tag":[],"class_list":{"0":"post-77293","1":"product","2":"type-product","3":"status-publish","5":"product_brand-edelrid","6":"product_cat-mountaineering-equipment-recreation","7":"product_cat-ropes-mountaineering-equipment-recreation","8":"product_cat-dynamic-ropes-ropes-mountaineering-equipment-recreation","10":"first","11":"instock","12":"shipping-taxable","13":"purchasable","14":"product-type-simple"},"_links":{"self":[{"href":"https:\/\/sezona.lv\/en\/wp-json\/wp\/v2\/product\/77293","targetHints":{"allow":["GET"]}}],"collection":[{"href":"https:\/\/sezona.lv\/en\/wp-json\/wp\/v2\/product"}],"about":[{"href":"https:\/\/sezona.lv\/en\/wp-json\/wp\/v2\/types\/product"}],"wp:attachment":[{"href":"https:\/\/sezona.lv\/en\/wp-json\/wp\/v2\/media?parent=77293"}],"wp:term":[{"taxonomy":"product_brand","embeddable":true,"href":"https:\/\/sezona.lv\/en\/wp-json\/wp\/v2\/product_brand?post=77293"},{"taxonomy":"product_cat","embeddable":true,"href":"https:\/\/sezona.lv\/en\/wp-json\/wp\/v2\/product_cat?post=77293"},{"taxonomy":"product_tag","embeddable":true,"href":"https:\/\/sezona.lv\/en\/wp-json\/wp\/v2\/product_tag?post=77293"}],"curies":[{"name":"wp","href":"https:\/\/api.w.org\/{rel}","templated":true}]}}