{"id":77294,"date":"2025-07-14T15:04:12","date_gmt":"2025-07-14T12:04:12","guid":{"rendered":"https:\/\/demo8.ecube.lv\/sezona.lv\/products\/dinamiska-virve-tendon-master-9-2-c\/"},"modified":"2025-07-14T15:04:12","modified_gmt":"2025-07-14T12:04:12","slug":"dinamiska-virve-tendon-master-9-2-c","status":"publish","type":"product","link":"https:\/\/sezona.lv\/en\/products\/dinamiska-virve-tendon-master-9-2-c\/","title":{"rendered":"Dinamisk\u0101 virve Tendon Master 9.2 C"},"content":{"rendered":"<p><span>Virve ir paredz\u0113ta profesion\u0101\u013ciem.<\/span><br \/><span>Mazs svars un mazs diametrs &ndash; ide\u0101li piem\u0113rots ekstr\u0113miem k\u0101p&scaron;anas veidiem, kuros katrs grams ir svar\u012bgs. Virvei ir \u012bpa&scaron;a Complete Shield apstr\u0101de, kuras laik\u0101, izmantojot jaunu, progres\u012bvu Nano Technology Teflon metodi, gan virves \u0101r\u0113jais apvalks, gan kodols, kas ne\u013cauj \u016bdenim ies\u016bkties virv\u0113, t\u0101d\u0101 veid\u0101 padarot to iztur\u012bg\u0101ku un viegl\u0101ku (slapja virve ir v\u0101j\u0101ka un smag\u0101ka).<\/span><br \/><span>Virve atbilst EN 892 un CE 1019 standartu pras\u012bb\u0101m.<\/span><\/p>\n<ul class=\"item_traits\">\n<li class=\"odd\"><label>Apvalka nob\u012bde:<\/label>o mm<\/li>\n<li><label>Diametrs:<\/label>9.2 mm<\/li>\n<li class=\"odd\"><label>Dinamisk\u0101 izstiep&scaron;an\u0101s, %:<\/label>35<\/li>\n<li><label>Kritiena sp\u0113ks, kN:<\/label>6.8<\/li>\n<li class=\"odd\"><label>Statisk\u0101 izstiep&scaron;an\u0101s, %:<\/label>9<\/li>\n<li><label>UIAA kritienu skaits:<\/label>5-6<\/li>\n<li class=\"odd\"><label>Virves apstr\u0101de:<\/label>Complete Shield<\/li>\n<li><label>Svars:<\/label>50 g<\/li>\n<\/ul>\n","protected":false},"excerpt":{"rendered":"<p>Virve ir paredz\u0113ta profesion\u0101\u013ciem.Mazs svars un mazs diametrs &ndash; ide\u0101li piem\u0113rots ekstr\u0113miem k\u0101p&scaron;anas veidiem, kuros katrs grams ir svar\u012bgs. Virvei ir \u012bpa&scaron;a Complete Shield apstr\u0101de, kuras laik\u0101, izmantojot jaunu, progres\u012bvu Nano Technology Teflon metodi, gan virves \u0101r\u0113jais apvalks, gan kodols, kas ne\u013cauj \u016bdenim ies\u016bkties virv\u0113, t\u0101d\u0101 veid\u0101 padarot to iztur\u012bg\u0101ku un viegl\u0101ku (slapja virve ir [&hellip;]<\/p>\n","protected":false},"featured_media":0,"template":"","meta":[],"product_brand":[3351],"product_cat":[4851,4885,4886],"product_tag":[],"class_list":{"0":"post-77294","1":"product","2":"type-product","3":"status-publish","5":"product_brand-tendon","6":"product_cat-mountaineering-equipment-recreation","7":"product_cat-ropes-mountaineering-equipment-recreation","8":"product_cat-dynamic-ropes-ropes-mountaineering-equipment-recreation","10":"first","11":"instock","12":"shipping-taxable","13":"purchasable","14":"product-type-simple"},"_links":{"self":[{"href":"https:\/\/sezona.lv\/en\/wp-json\/wp\/v2\/product\/77294","targetHints":{"allow":["GET"]}}],"collection":[{"href":"https:\/\/sezona.lv\/en\/wp-json\/wp\/v2\/product"}],"about":[{"href":"https:\/\/sezona.lv\/en\/wp-json\/wp\/v2\/types\/product"}],"wp:attachment":[{"href":"https:\/\/sezona.lv\/en\/wp-json\/wp\/v2\/media?parent=77294"}],"wp:term":[{"taxonomy":"product_brand","embeddable":true,"href":"https:\/\/sezona.lv\/en\/wp-json\/wp\/v2\/product_brand?post=77294"},{"taxonomy":"product_cat","embeddable":true,"href":"https:\/\/sezona.lv\/en\/wp-json\/wp\/v2\/product_cat?post=77294"},{"taxonomy":"product_tag","embeddable":true,"href":"https:\/\/sezona.lv\/en\/wp-json\/wp\/v2\/product_tag?post=77294"}],"curies":[{"name":"wp","href":"https:\/\/api.w.org\/{rel}","templated":true}]}}