{"id":77295,"date":"2025-07-14T15:04:13","date_gmt":"2025-07-14T12:04:13","guid":{"rendered":"https:\/\/demo8.ecube.lv\/sezona.lv\/products\/dinamiska-virve-tendon-ambition-10-2-dzeltena\/"},"modified":"2025-07-14T15:04:13","modified_gmt":"2025-07-14T12:04:13","slug":"dinamiska-virve-tendon-ambition-10-2-dzeltena","status":"publish","type":"product","link":"https:\/\/sezona.lv\/en\/products\/dinamiska-virve-tendon-ambition-10-2-dzeltena\/","title":{"rendered":"Dinamisk\u0101 virve Tendon Ambition 10.2 dzeltena"},"content":{"rendered":"<p><span>Nodilumiztur\u012bga pamatvirve ar labu vad\u0101m\u012bbu un lielu dro&scaron;\u012bbas rezervi. Optim\u0101li piem\u0113rota k\u0101p&scaron;anai sporta z\u0101l\u0113s un treni\u0146u k\u0101p&scaron;anai. Lieliska izv\u0113le ies\u0101c\u0113jiem.<\/span><br \/><span>Virve atbilst EN 892 un CE 1019 standartu pras\u012bb\u0101m.<\/span><\/p>\n<ul id=\"traits_24346\" class=\"item_traits\">\n<li class=\"odd\"><label>Kr\u0101sa:<\/label>Dzeltena<\/li>\n<li><label>Izm\u0113rs:<\/label>1 m<\/li>\n<li class=\"odd\"><label>Apvalka nob\u012bde:<\/label>o mm<\/li>\n<li><label>Diametrs:<\/label>10.2 mm<\/li>\n<li class=\"odd\"><label>Dinamisk\u0101 izstiep&scaron;an\u0101s, %:<\/label>34<\/li>\n<li><label>Kritiena sp\u0113ks, kN:<\/label>8<\/li>\n<li class=\"odd\"><label>Statisk\u0101 izstiep&scaron;an\u0101s, %:<\/label>7.4<\/li>\n<li><label>UIAA kritienu skaits:<\/label>12-13<\/li>\n<li class=\"odd\"><label>Virves apstr\u0101de:<\/label>Complete Shield<\/li>\n<li><label>Svars:<\/label>70 g<\/li>\n<\/ul>\n","protected":false},"excerpt":{"rendered":"<p>Nodilumiztur\u012bga pamatvirve ar labu vad\u0101m\u012bbu un lielu dro&scaron;\u012bbas rezervi. Optim\u0101li piem\u0113rota k\u0101p&scaron;anai sporta z\u0101l\u0113s un treni\u0146u k\u0101p&scaron;anai. Lieliska izv\u0113le ies\u0101c\u0113jiem.Virve atbilst EN 892 un CE 1019 standartu pras\u012bb\u0101m. Kr\u0101sa:Dzeltena Izm\u0113rs:1 m Apvalka nob\u012bde:o mm Diametrs:10.2 mm Dinamisk\u0101 izstiep&scaron;an\u0101s, %:34 Kritiena sp\u0113ks, kN:8 Statisk\u0101 izstiep&scaron;an\u0101s, %:7.4 UIAA kritienu skaits:12-13 Virves apstr\u0101de:Complete Shield Svars:70 g<\/p>\n","protected":false},"featured_media":0,"template":"","meta":[],"product_brand":[3351],"product_cat":[4851,4885,4886],"product_tag":[],"class_list":{"0":"post-77295","1":"product","2":"type-product","3":"status-publish","5":"product_brand-tendon","6":"product_cat-mountaineering-equipment-recreation","7":"product_cat-ropes-mountaineering-equipment-recreation","8":"product_cat-dynamic-ropes-ropes-mountaineering-equipment-recreation","10":"first","11":"instock","12":"shipping-taxable","13":"purchasable","14":"product-type-simple"},"_links":{"self":[{"href":"https:\/\/sezona.lv\/en\/wp-json\/wp\/v2\/product\/77295","targetHints":{"allow":["GET"]}}],"collection":[{"href":"https:\/\/sezona.lv\/en\/wp-json\/wp\/v2\/product"}],"about":[{"href":"https:\/\/sezona.lv\/en\/wp-json\/wp\/v2\/types\/product"}],"wp:attachment":[{"href":"https:\/\/sezona.lv\/en\/wp-json\/wp\/v2\/media?parent=77295"}],"wp:term":[{"taxonomy":"product_brand","embeddable":true,"href":"https:\/\/sezona.lv\/en\/wp-json\/wp\/v2\/product_brand?post=77295"},{"taxonomy":"product_cat","embeddable":true,"href":"https:\/\/sezona.lv\/en\/wp-json\/wp\/v2\/product_cat?post=77295"},{"taxonomy":"product_tag","embeddable":true,"href":"https:\/\/sezona.lv\/en\/wp-json\/wp\/v2\/product_tag?post=77295"}],"curies":[{"name":"wp","href":"https:\/\/api.w.org\/{rel}","templated":true}]}}