{"id":77296,"date":"2025-07-14T15:04:14","date_gmt":"2025-07-14T12:04:14","guid":{"rendered":"https:\/\/demo8.ecube.lv\/sezona.lv\/products\/dinamiska-virve-tendon-trust-11-4-w\/"},"modified":"2025-07-14T15:04:14","modified_gmt":"2025-07-14T12:04:14","slug":"dinamiska-virve-tendon-trust-11-4-w","status":"publish","type":"product","link":"https:\/\/sezona.lv\/en\/products\/dinamiska-virve-tendon-trust-11-4-w\/","title":{"rendered":"Dinamisk\u0101 virve Tendon Trust 11.4 W"},"content":{"rendered":"<p><span>Augstas iztur\u012bbas dinamisk\u0101 virve, kas ide\u0101li piem\u0113rota lieto&scaron;anai pie klin&scaron;u k\u0101p&scaron;anas sien\u0101m, alp\u012bnisma, klin&scaron;u k\u0101p&scaron;anas un gl\u0101b&scaron;anas darbu skol\u0101s. Virves apvalks un\/vai kodols impregn\u0113ts ar \u012bpa&scaron;u Teflon Eco impregn\u0113t\u0101ju, izmantojot revolucion\u0101ro Tendon Nanotechnology metodi. Trust ir \u013coti elast\u012bga virve ar augstu dro&scaron;\u012bbas faktoru un garu dz\u012bves ilgumu. Lieliska izv\u0113le profesion\u0101lai ikdienas lieto&scaron;anai.<\/span><\/p>\n<ul class=\"item_traits\">\n<li class=\"odd\"><label>Apvalka nob\u012bde:<\/label>o mm<\/li>\n<li><label>Dinamisk\u0101 izstiep&scaron;an\u0101s, %:<\/label>36<\/li>\n<li class=\"odd\"><label>Kritiena sp\u0113ks, kN:<\/label>8.6<\/li>\n<li><label>Statisk\u0101 izstiep&scaron;an\u0101s, %:<\/label>6.5<\/li>\n<li class=\"odd\"><label>UIAA kritienu skaits:<\/label>20 &#8211; 21<\/li>\n<li><label>Virves apstr\u0101de:<\/label>Protect Shiels<\/li>\n<li class=\"odd\"><label>Svars:<\/label>80 g<\/li>\n<\/ul>\n","protected":false},"excerpt":{"rendered":"<p>Augstas iztur\u012bbas dinamisk\u0101 virve, kas ide\u0101li piem\u0113rota lieto&scaron;anai pie klin&scaron;u k\u0101p&scaron;anas sien\u0101m, alp\u012bnisma, klin&scaron;u k\u0101p&scaron;anas un gl\u0101b&scaron;anas darbu skol\u0101s. Virves apvalks un\/vai kodols impregn\u0113ts ar \u012bpa&scaron;u Teflon Eco impregn\u0113t\u0101ju, izmantojot revolucion\u0101ro Tendon Nanotechnology metodi. Trust ir \u013coti elast\u012bga virve ar augstu dro&scaron;\u012bbas faktoru un garu dz\u012bves ilgumu. Lieliska izv\u0113le profesion\u0101lai ikdienas lieto&scaron;anai. Apvalka nob\u012bde:o mm [&hellip;]<\/p>\n","protected":false},"featured_media":0,"template":"","meta":[],"product_brand":[3351],"product_cat":[4851,4885,4886],"product_tag":[],"class_list":{"0":"post-77296","1":"product","2":"type-product","3":"status-publish","5":"product_brand-tendon","6":"product_cat-mountaineering-equipment-recreation","7":"product_cat-ropes-mountaineering-equipment-recreation","8":"product_cat-dynamic-ropes-ropes-mountaineering-equipment-recreation","10":"first","11":"instock","12":"shipping-taxable","13":"purchasable","14":"product-type-simple"},"_links":{"self":[{"href":"https:\/\/sezona.lv\/en\/wp-json\/wp\/v2\/product\/77296","targetHints":{"allow":["GET"]}}],"collection":[{"href":"https:\/\/sezona.lv\/en\/wp-json\/wp\/v2\/product"}],"about":[{"href":"https:\/\/sezona.lv\/en\/wp-json\/wp\/v2\/types\/product"}],"wp:attachment":[{"href":"https:\/\/sezona.lv\/en\/wp-json\/wp\/v2\/media?parent=77296"}],"wp:term":[{"taxonomy":"product_brand","embeddable":true,"href":"https:\/\/sezona.lv\/en\/wp-json\/wp\/v2\/product_brand?post=77296"},{"taxonomy":"product_cat","embeddable":true,"href":"https:\/\/sezona.lv\/en\/wp-json\/wp\/v2\/product_cat?post=77296"},{"taxonomy":"product_tag","embeddable":true,"href":"https:\/\/sezona.lv\/en\/wp-json\/wp\/v2\/product_tag?post=77296"}],"curies":[{"name":"wp","href":"https:\/\/api.w.org\/{rel}","templated":true}]}}