{"id":77297,"date":"2025-07-14T15:04:15","date_gmt":"2025-07-14T12:04:15","guid":{"rendered":"https:\/\/demo8.ecube.lv\/sezona.lv\/products\/dinamiska-virve-tendon-hardrope-10-4\/"},"modified":"2025-07-14T15:04:15","modified_gmt":"2025-07-14T12:04:15","slug":"dinamiska-virve-tendon-hardrope-10-4","status":"publish","type":"product","link":"https:\/\/sezona.lv\/en\/products\/dinamiska-virve-tendon-hardrope-10-4\/","title":{"rendered":"Dinamisk\u0101 virve Tendon HardRope 10.4"},"content":{"rendered":"<p><span>Augstas veiktsp\u0113jas virve. T\u0101s konstrukcija, materi\u0101li, biez\u0101ks un raupj\u0101ks apvalks nodro&scaron;ina \u013coti ilgu m\u016b\u017eu un augstu nodilumiztur\u012bbu, vienlaikus saglab\u0101jot visas dinamisk\u0101s virves priek&scaron;roc\u012bbas &ndash; lielu kritienu skaitu, minimiz\u0113tu trieciena sp\u0113ku un \u013coti labu vad\u0101m\u012bbu.<\/span><br \/><span>Paredz\u0113ta bie\u017eai lieto&scaron;anai ekstr\u0113mos apst\u0101k\u013cos, piem\u0113ram, k\u0101p&scaron;anas skol\u0101s vai \u0101ra centriem.<\/span><br \/><span>Virve atbilst EN 892 un CE 1019 standartu pras\u012bb\u0101m.<\/span><\/p>\n<ul class=\"item_traits\">\n<li class=\"odd\"><label>Apvalka nob\u012bde:<\/label>o mm<\/li>\n<li><label>Diametrs:<\/label>10.4 mm<\/li>\n<li class=\"odd\"><label>Dinamisk\u0101 izstiep&scaron;an\u0101s, %:<\/label>39<\/li>\n<li><label>Kritiena sp\u0113ks, kN:<\/label>8.2<\/li>\n<li class=\"odd\"><label>Statisk\u0101 izstiep&scaron;an\u0101s, %:<\/label>6<\/li>\n<li><label>UIAA kritienu skaits:<\/label>7-9<\/li>\n<li class=\"odd\"><label>Virves apstr\u0101de:<\/label>Complete Shield<\/li>\n<li><label>Svars:<\/label>680 g<\/li>\n<\/ul>\n","protected":false},"excerpt":{"rendered":"<p>Augstas veiktsp\u0113jas virve. T\u0101s konstrukcija, materi\u0101li, biez\u0101ks un raupj\u0101ks apvalks nodro&scaron;ina \u013coti ilgu m\u016b\u017eu un augstu nodilumiztur\u012bbu, vienlaikus saglab\u0101jot visas dinamisk\u0101s virves priek&scaron;roc\u012bbas &ndash; lielu kritienu skaitu, minimiz\u0113tu trieciena sp\u0113ku un \u013coti labu vad\u0101m\u012bbu.Paredz\u0113ta bie\u017eai lieto&scaron;anai ekstr\u0113mos apst\u0101k\u013cos, piem\u0113ram, k\u0101p&scaron;anas skol\u0101s vai \u0101ra centriem.Virve atbilst EN 892 un CE 1019 standartu pras\u012bb\u0101m. Apvalka nob\u012bde:o mm [&hellip;]<\/p>\n","protected":false},"featured_media":0,"template":"","meta":[],"product_brand":[3351],"product_cat":[4851,4885,4886],"product_tag":[],"class_list":{"0":"post-77297","1":"product","2":"type-product","3":"status-publish","5":"product_brand-tendon","6":"product_cat-mountaineering-equipment-recreation","7":"product_cat-ropes-mountaineering-equipment-recreation","8":"product_cat-dynamic-ropes-ropes-mountaineering-equipment-recreation","10":"first","11":"instock","12":"shipping-taxable","13":"purchasable","14":"product-type-simple"},"_links":{"self":[{"href":"https:\/\/sezona.lv\/en\/wp-json\/wp\/v2\/product\/77297","targetHints":{"allow":["GET"]}}],"collection":[{"href":"https:\/\/sezona.lv\/en\/wp-json\/wp\/v2\/product"}],"about":[{"href":"https:\/\/sezona.lv\/en\/wp-json\/wp\/v2\/types\/product"}],"wp:attachment":[{"href":"https:\/\/sezona.lv\/en\/wp-json\/wp\/v2\/media?parent=77297"}],"wp:term":[{"taxonomy":"product_brand","embeddable":true,"href":"https:\/\/sezona.lv\/en\/wp-json\/wp\/v2\/product_brand?post=77297"},{"taxonomy":"product_cat","embeddable":true,"href":"https:\/\/sezona.lv\/en\/wp-json\/wp\/v2\/product_cat?post=77297"},{"taxonomy":"product_tag","embeddable":true,"href":"https:\/\/sezona.lv\/en\/wp-json\/wp\/v2\/product_tag?post=77297"}],"curies":[{"name":"wp","href":"https:\/\/api.w.org\/{rel}","templated":true}]}}