{"id":77298,"date":"2025-07-14T15:04:15","date_gmt":"2025-07-14T12:04:15","guid":{"rendered":"https:\/\/demo8.ecube.lv\/sezona.lv\/products\/dinamiska-virve-tendon-master-8-9\/"},"modified":"2025-07-14T15:04:15","modified_gmt":"2025-07-14T12:04:15","slug":"dinamiska-virve-tendon-master-8-9","status":"publish","type":"product","link":"https:\/\/sezona.lv\/en\/products\/dinamiska-virve-tendon-master-8-9\/","title":{"rendered":"Dinamisk\u0101 virve Tendon Master 8.9"},"content":{"rendered":"<p><span>\u013boti viegla virve, ko var izmantot gan k\u0101 pamatvirvi, gan k\u0101 pusvirvi, gan ar\u012b k\u0101 dubulto virvi.&nbsp;<\/span><br \/><span>&Scaron;\u012b virve ir apstr\u0101d\u0101ta ar jaun\u0101ko TEFLON &reg; Eco tehnolo\u0123iju, kas nodro&scaron;ina aizsardz\u012bbu pret mitrumu un nodilumu, vienlaikus iev\u0113rojot vides aizsardz\u012bbas principus (videi draudz\u012bgs z\u012bmols).<\/span><br \/><span>Virve atbilst EN 892 un CE 1019 standartu pras\u012bb\u0101m.<\/span><\/p>\n<ul class=\"item_traits\">\n<li class=\"odd\"><label>Apvalka nob\u012bde:<\/label>o mm<\/li>\n<li><label>Diametrs:<\/label>8.9 mm<\/li>\n<li class=\"odd\"><label>Dinamisk\u0101 izstiep&scaron;an\u0101s, %:<\/label>33(pamatvirve) \/27 (dubultvirve)\/ 30(pusvirve)<\/li>\n<li><label>Kritiena sp\u0113ks, kN:<\/label>8.7 (pamatvirve) \/9.6 (dubultvirve) \/6.1\/(pusvirve)<\/li>\n<li class=\"odd\"><label>Statisk\u0101 izstiep&scaron;an\u0101s, %:<\/label>6.9<\/li>\n<li><label>UIAA kritienu skaits:<\/label>5 (pamatvirve) \/29 (dubultvirve) \/16 (pusvirve)<\/li>\n<li class=\"odd\"><label>Virves apstr\u0101de:<\/label>Complete Shield<\/li>\n<li><label>Svars:<\/label>50 g<\/li>\n<\/ul>\n","protected":false},"excerpt":{"rendered":"<p>\u013boti viegla virve, ko var izmantot gan k\u0101 pamatvirvi, gan k\u0101 pusvirvi, gan ar\u012b k\u0101 dubulto virvi.&nbsp;&Scaron;\u012b virve ir apstr\u0101d\u0101ta ar jaun\u0101ko TEFLON &reg; Eco tehnolo\u0123iju, kas nodro&scaron;ina aizsardz\u012bbu pret mitrumu un nodilumu, vienlaikus iev\u0113rojot vides aizsardz\u012bbas principus (videi draudz\u012bgs z\u012bmols).Virve atbilst EN 892 un CE 1019 standartu pras\u012bb\u0101m. Apvalka nob\u012bde:o mm Diametrs:8.9 mm Dinamisk\u0101 [&hellip;]<\/p>\n","protected":false},"featured_media":0,"template":"","meta":[],"product_brand":[3351],"product_cat":[4851,4885,4886],"product_tag":[],"class_list":{"0":"post-77298","1":"product","2":"type-product","3":"status-publish","5":"product_brand-tendon","6":"product_cat-mountaineering-equipment-recreation","7":"product_cat-ropes-mountaineering-equipment-recreation","8":"product_cat-dynamic-ropes-ropes-mountaineering-equipment-recreation","10":"first","11":"instock","12":"shipping-taxable","13":"purchasable","14":"product-type-simple"},"_links":{"self":[{"href":"https:\/\/sezona.lv\/en\/wp-json\/wp\/v2\/product\/77298","targetHints":{"allow":["GET"]}}],"collection":[{"href":"https:\/\/sezona.lv\/en\/wp-json\/wp\/v2\/product"}],"about":[{"href":"https:\/\/sezona.lv\/en\/wp-json\/wp\/v2\/types\/product"}],"wp:attachment":[{"href":"https:\/\/sezona.lv\/en\/wp-json\/wp\/v2\/media?parent=77298"}],"wp:term":[{"taxonomy":"product_brand","embeddable":true,"href":"https:\/\/sezona.lv\/en\/wp-json\/wp\/v2\/product_brand?post=77298"},{"taxonomy":"product_cat","embeddable":true,"href":"https:\/\/sezona.lv\/en\/wp-json\/wp\/v2\/product_cat?post=77298"},{"taxonomy":"product_tag","embeddable":true,"href":"https:\/\/sezona.lv\/en\/wp-json\/wp\/v2\/product_tag?post=77298"}],"curies":[{"name":"wp","href":"https:\/\/api.w.org\/{rel}","templated":true}]}}