{"id":77300,"date":"2025-07-14T15:04:17","date_gmt":"2025-07-14T12:04:17","guid":{"rendered":"https:\/\/demo8.ecube.lv\/sezona.lv\/products\/dinamiska-virve-edelrid-harrier-10-mm\/"},"modified":"2025-07-14T15:04:17","modified_gmt":"2025-07-14T12:04:17","slug":"dinamiska-virve-edelrid-harrier-10-mm","status":"publish","type":"product","link":"https:\/\/sezona.lv\/en\/products\/dinamiska-virve-edelrid-harrier-10-mm\/","title":{"rendered":"Dinamisk\u0101 virve Edelrid Harrier 10 mm"},"content":{"rendered":"<p><span>Klasiska, daudzfunkcion\u0101la Edelrid ra\u017eot\u0101ja dinamisk\u0101 pamatvirve, kas piem\u0113rota gan alp\u012bnismam, gan sporta klin&scaron;u k\u0101p&scaron;anai. T\u0101 ir \u013coti iztur\u012bgas konstrukcijas virve ar \u012bpa&scaron;u Dry Shield apdari, kas padara to iztur\u012bgu pret net\u012brumiem un mitrumu. Thermo Shield apstr\u0101de garant\u0113 vieglu virves lieto&scaron;anu pat p\u0113c ilgas un nopietnas lieto&scaron;anas.<\/span><\/p>\n<ul class=\"item_traits\">\n<li class=\"odd\"><label>Apvalka nob\u012bde:<\/label>o mm<\/li>\n<li><label>Diametrs:<\/label>10.0 mm<\/li>\n<li class=\"odd\"><label>Dinamisk\u0101 izstiep&scaron;an\u0101s, %:<\/label>32<\/li>\n<li><label>Kritiena sp\u0113ks, kN:<\/label>9.0<\/li>\n<li class=\"odd\"><label>Statisk\u0101 izstiep&scaron;an\u0101s, %:<\/label>9.3<\/li>\n<li><label>UIAA kritienu skaits:<\/label>9<\/li>\n<li class=\"odd\"><label>Svars:<\/label>70 g<\/li>\n<\/ul>\n","protected":false},"excerpt":{"rendered":"<p>Klasiska, daudzfunkcion\u0101la Edelrid ra\u017eot\u0101ja dinamisk\u0101 pamatvirve, kas piem\u0113rota gan alp\u012bnismam, gan sporta klin&scaron;u k\u0101p&scaron;anai. T\u0101 ir \u013coti iztur\u012bgas konstrukcijas virve ar \u012bpa&scaron;u Dry Shield apdari, kas padara to iztur\u012bgu pret net\u012brumiem un mitrumu. Thermo Shield apstr\u0101de garant\u0113 vieglu virves lieto&scaron;anu pat p\u0113c ilgas un nopietnas lieto&scaron;anas. Apvalka nob\u012bde:o mm Diametrs:10.0 mm Dinamisk\u0101 izstiep&scaron;an\u0101s, %:32 Kritiena [&hellip;]<\/p>\n","protected":false},"featured_media":0,"template":"","meta":[],"product_brand":[3348],"product_cat":[4851,4885,4886],"product_tag":[],"class_list":{"0":"post-77300","1":"product","2":"type-product","3":"status-publish","5":"product_brand-edelrid","6":"product_cat-mountaineering-equipment-recreation","7":"product_cat-ropes-mountaineering-equipment-recreation","8":"product_cat-dynamic-ropes-ropes-mountaineering-equipment-recreation","10":"first","11":"instock","12":"shipping-taxable","13":"purchasable","14":"product-type-simple"},"_links":{"self":[{"href":"https:\/\/sezona.lv\/en\/wp-json\/wp\/v2\/product\/77300","targetHints":{"allow":["GET"]}}],"collection":[{"href":"https:\/\/sezona.lv\/en\/wp-json\/wp\/v2\/product"}],"about":[{"href":"https:\/\/sezona.lv\/en\/wp-json\/wp\/v2\/types\/product"}],"wp:attachment":[{"href":"https:\/\/sezona.lv\/en\/wp-json\/wp\/v2\/media?parent=77300"}],"wp:term":[{"taxonomy":"product_brand","embeddable":true,"href":"https:\/\/sezona.lv\/en\/wp-json\/wp\/v2\/product_brand?post=77300"},{"taxonomy":"product_cat","embeddable":true,"href":"https:\/\/sezona.lv\/en\/wp-json\/wp\/v2\/product_cat?post=77300"},{"taxonomy":"product_tag","embeddable":true,"href":"https:\/\/sezona.lv\/en\/wp-json\/wp\/v2\/product_tag?post=77300"}],"curies":[{"name":"wp","href":"https:\/\/api.w.org\/{rel}","templated":true}]}}