{"id":77301,"date":"2025-07-14T15:04:18","date_gmt":"2025-07-14T12:04:18","guid":{"rendered":"https:\/\/demo8.ecube.lv\/sezona.lv\/products\/dinamiska-virve-edelrid-tower-10-5-mm\/"},"modified":"2025-07-14T15:04:18","modified_gmt":"2025-07-14T12:04:18","slug":"dinamiska-virve-edelrid-tower-10-5-mm","status":"publish","type":"product","link":"https:\/\/sezona.lv\/en\/products\/dinamiska-virve-edelrid-tower-10-5-mm\/","title":{"rendered":"Dinamisk\u0101 virve Edelrid Tower 10.5 mm"},"content":{"rendered":"<p><span>Iztur\u012bga dinamisk\u0101 virve. Virves speci\u0101li p\u012bt\u0101 kodola konstrukcija ir \u0101rk\u0101rt\u012bgi elast\u012bga un iztur\u012bga &#8211; tas padara to labi piem\u0113rotu lieto&scaron;anai k\u0101 aug&scaron;\u0113jo virvi un k\u0101p&scaron;anas sienu virvi \u013coti sausos un putek\u013cainos apst\u0101k\u013cos. Unik\u0101l\u0101 kodola konstrukcija samazina ar\u012b kodola pl\u012bsuma\/izspie&scaron;an\u0101s iesp\u0113jam\u012bbu. Ar Dry Shield apdari un Thermo Shield p\u0101rkl\u0101jumu, &scaron;ai virvei piem\u012bt&nbsp;<\/span><br \/><span>lokanums, viegla lietojam\u012bba un abraz\u012bv\u0101 iztur\u012bba. T\u0101 ir lieliski piem\u0113rota ies\u0101c\u0113jiem k\u0101p&scaron;anas sport\u0101.<\/span><\/p>\n<ul class=\"item_traits\">\n<li class=\"odd\"><label>Apvalka nob\u012bde:<\/label>o mm<\/li>\n<li><label>Diametrs:<\/label>10.5 mm<\/li>\n<li class=\"odd\"><label>Dinamisk\u0101 izstiep&scaron;an\u0101s, %:<\/label>34<\/li>\n<li><label>Kritiena sp\u0113ks, kN:<\/label>8,4<\/li>\n<li class=\"odd\"><label>Statisk\u0101 izstiep&scaron;an\u0101s, %:<\/label>9,2<\/li>\n<li><label>Svars:<\/label>70 g<\/li>\n<\/ul>\n","protected":false},"excerpt":{"rendered":"<p>Iztur\u012bga dinamisk\u0101 virve. Virves speci\u0101li p\u012bt\u0101 kodola konstrukcija ir \u0101rk\u0101rt\u012bgi elast\u012bga un iztur\u012bga &#8211; tas padara to labi piem\u0113rotu lieto&scaron;anai k\u0101 aug&scaron;\u0113jo virvi un k\u0101p&scaron;anas sienu virvi \u013coti sausos un putek\u013cainos apst\u0101k\u013cos. Unik\u0101l\u0101 kodola konstrukcija samazina ar\u012b kodola pl\u012bsuma\/izspie&scaron;an\u0101s iesp\u0113jam\u012bbu. Ar Dry Shield apdari un Thermo Shield p\u0101rkl\u0101jumu, &scaron;ai virvei piem\u012bt&nbsp;lokanums, viegla lietojam\u012bba un abraz\u012bv\u0101 [&hellip;]<\/p>\n","protected":false},"featured_media":0,"template":"","meta":[],"product_brand":[3348],"product_cat":[4851,4885,4886],"product_tag":[],"class_list":{"0":"post-77301","1":"product","2":"type-product","3":"status-publish","5":"product_brand-edelrid","6":"product_cat-mountaineering-equipment-recreation","7":"product_cat-ropes-mountaineering-equipment-recreation","8":"product_cat-dynamic-ropes-ropes-mountaineering-equipment-recreation","10":"first","11":"instock","12":"shipping-taxable","13":"purchasable","14":"product-type-simple"},"_links":{"self":[{"href":"https:\/\/sezona.lv\/en\/wp-json\/wp\/v2\/product\/77301","targetHints":{"allow":["GET"]}}],"collection":[{"href":"https:\/\/sezona.lv\/en\/wp-json\/wp\/v2\/product"}],"about":[{"href":"https:\/\/sezona.lv\/en\/wp-json\/wp\/v2\/types\/product"}],"wp:attachment":[{"href":"https:\/\/sezona.lv\/en\/wp-json\/wp\/v2\/media?parent=77301"}],"wp:term":[{"taxonomy":"product_brand","embeddable":true,"href":"https:\/\/sezona.lv\/en\/wp-json\/wp\/v2\/product_brand?post=77301"},{"taxonomy":"product_cat","embeddable":true,"href":"https:\/\/sezona.lv\/en\/wp-json\/wp\/v2\/product_cat?post=77301"},{"taxonomy":"product_tag","embeddable":true,"href":"https:\/\/sezona.lv\/en\/wp-json\/wp\/v2\/product_tag?post=77301"}],"curies":[{"name":"wp","href":"https:\/\/api.w.org\/{rel}","templated":true}]}}