{"id":77303,"date":"2025-07-14T15:04:19","date_gmt":"2025-07-14T12:04:19","guid":{"rendered":"https:\/\/demo8.ecube.lv\/sezona.lv\/products\/dinamiska-virve-edelrid-hawk-10-mm-oranza-60m\/"},"modified":"2025-07-14T15:04:19","modified_gmt":"2025-07-14T12:04:19","slug":"dinamiska-virve-edelrid-hawk-10-mm-oranza-60m","status":"publish","type":"product","link":"https:\/\/sezona.lv\/en\/products\/dinamiska-virve-edelrid-hawk-10-mm-oranza-60m\/","title":{"rendered":"Dinamisk\u0101 virve Edelrid Hawk 10 mm oran\u017ea 60m"},"content":{"rendered":"<p><span>\u013boti viegla un iztur\u012bga dinamisk\u0101 virve. Virvei ir \u012bpa&scaron;a sporta pinuma apvalks, kas padara t\u0101 konstrukciju \u012bpa&scaron;i gludu un kompaktu. Thermo Shield virves apstr\u0101de nodro&scaron;ina vieglu un \u0113rtu virves lietojam\u012bbu. Virves mazais svars apvienojum\u0101 ar unik\u0101lo apvalka konstrukciju un apstr\u0101di padara to ide\u0101li piem\u0113rotu visa veida sporta klin&scaron;u k\u0101p&scaron;anai.<\/span><\/p>\n<ul class=\"item_traits\">\n<li class=\"odd\"><label>Apvalka nob\u012bde:<\/label>o mm<\/li>\n<li><label>Diametrs:<\/label>10 mm<\/li>\n<li class=\"odd\"><label>Dinamisk\u0101 izstiep&scaron;an\u0101s, %:<\/label>32<\/li>\n<li><label>Kritiena sp\u0113ks, kN:<\/label>8,9 kN<\/li>\n<li class=\"odd\"><label>Statisk\u0101 izstiep&scaron;an\u0101s, %:<\/label>9,2<\/li>\n<li><label>Svars:<\/label>60 g<\/li>\n<\/ul>\n","protected":false},"excerpt":{"rendered":"<p>\u013boti viegla un iztur\u012bga dinamisk\u0101 virve. Virvei ir \u012bpa&scaron;a sporta pinuma apvalks, kas padara t\u0101 konstrukciju \u012bpa&scaron;i gludu un kompaktu. Thermo Shield virves apstr\u0101de nodro&scaron;ina vieglu un \u0113rtu virves lietojam\u012bbu. Virves mazais svars apvienojum\u0101 ar unik\u0101lo apvalka konstrukciju un apstr\u0101di padara to ide\u0101li piem\u0113rotu visa veida sporta klin&scaron;u k\u0101p&scaron;anai. Apvalka nob\u012bde:o mm Diametrs:10 mm Dinamisk\u0101 [&hellip;]<\/p>\n","protected":false},"featured_media":0,"template":"","meta":[],"product_brand":[3348],"product_cat":[4851,4885,4886],"product_tag":[],"class_list":{"0":"post-77303","1":"product","2":"type-product","3":"status-publish","5":"product_brand-edelrid","6":"product_cat-mountaineering-equipment-recreation","7":"product_cat-ropes-mountaineering-equipment-recreation","8":"product_cat-dynamic-ropes-ropes-mountaineering-equipment-recreation","10":"first","11":"instock","12":"shipping-taxable","13":"purchasable","14":"product-type-simple"},"_links":{"self":[{"href":"https:\/\/sezona.lv\/en\/wp-json\/wp\/v2\/product\/77303","targetHints":{"allow":["GET"]}}],"collection":[{"href":"https:\/\/sezona.lv\/en\/wp-json\/wp\/v2\/product"}],"about":[{"href":"https:\/\/sezona.lv\/en\/wp-json\/wp\/v2\/types\/product"}],"wp:attachment":[{"href":"https:\/\/sezona.lv\/en\/wp-json\/wp\/v2\/media?parent=77303"}],"wp:term":[{"taxonomy":"product_brand","embeddable":true,"href":"https:\/\/sezona.lv\/en\/wp-json\/wp\/v2\/product_brand?post=77303"},{"taxonomy":"product_cat","embeddable":true,"href":"https:\/\/sezona.lv\/en\/wp-json\/wp\/v2\/product_cat?post=77303"},{"taxonomy":"product_tag","embeddable":true,"href":"https:\/\/sezona.lv\/en\/wp-json\/wp\/v2\/product_tag?post=77303"}],"curies":[{"name":"wp","href":"https:\/\/api.w.org\/{rel}","templated":true}]}}