{"id":77306,"date":"2025-07-14T15:04:22","date_gmt":"2025-07-14T12:04:22","guid":{"rendered":"https:\/\/demo8.ecube.lv\/sezona.lv\/products\/dinamiska-virve-petzl-volta-9-2-mm-oranza-50m\/"},"modified":"2025-07-14T15:04:22","modified_gmt":"2025-07-14T12:04:22","slug":"dinamiska-virve-petzl-volta-9-2-mm-oranza-50m","status":"publish","type":"product","link":"https:\/\/sezona.lv\/en\/products\/dinamiska-virve-petzl-volta-9-2-mm-oranza-50m\/","title":{"rendered":"Dinamisk\u0101 virve Petzl Volta 9.2 mm oran\u017ea 50m"},"content":{"rendered":"<p><span>\u013boti viegla 9.2 mm diametra virve, kas piem\u0113rota klasiskajam alp\u012bnismam un elites klin&scaron;u k\u0101p&scaron;anai. Piem\u0113rota klin&scaron;ainai, jauktai, sniegotai vai ledainai videi. T\u0101 ir \u013coti viegla, nodro&scaron;ina maksim\u0101lu ilgm\u016b\u017e\u012bbu un izpild\u012bjumu jebkuros apst\u0101k\u013cos, pateicoties t\u0101s Duratec Dry p\u0101rkl\u0101jumam, kas padara virvi iztur\u012bg\u0101ku pret \u016bdeni, net\u012brumiem un abraz\u012bviem boj\u0101jumiem; viegla vad\u0101m\u012bba, sa\u0137ere un citas \u012bpa&scaron;\u012bbas mitro un aukstos saglab\u0101jas ilg\u0101k. T\u0101 ir \u012bpa&scaron;a multi-standartu virve &#8211; to iesp\u0113jams lietot k\u0101 pamatvirvi, pusvirvi vai dubulto virvi. Nodro&scaron;ina optim\u0101lu funkcionalit\u0101ti dro&scaron;in\u0101&scaron;anas ier\u012bc\u0113. UltraSonic Finish tehnolo\u0123ij\u0101 virves kodols un apvalks virves galos tiek savienots kop\u0101 ar ultraska\u0146as procesu. Vidusda\u013cas mar\u0137\u0113jums nor\u0101da uz virves garuma viduspunktu, lai veicin\u0101tu manevrus. EverFlex p\u0101rkl\u0101jums: speci\u0101ls termisks p\u0101rkl\u0101jums, kas stabiliz\u0113 kodola pavedienus un uzlabo virves kop\u0113jo sniegumu.<\/span><\/p>\n<ul class=\"item_traits\">\n<li class=\"odd\"><label>Diametrs:<\/label>9.2 mm<\/li>\n<li><label>Dinamisk\u0101 izstiep&scaron;an\u0101s, %:<\/label>33 % (pamatvirve), 30 % (pusvirve), 26 % (dubult\u0101 virve)<\/li>\n<li class=\"odd\"><label>Kritiena sp\u0113ks, kN:<\/label>8.6 kN (pamatvirve), 6.8 kN (pusvirve)), 10.5 kN (dubult\u0101 virve)<\/li>\n<li><label>Statisk\u0101 izstiep&scaron;an\u0101s, %:<\/label>7.5 % (pamatvirve), 7.5 % (pusvirve), 6 % (dubult\u0101 virve)<\/li>\n<li class=\"odd\"><label>Svars:<\/label>2.75 kg<\/li>\n<\/ul>\n","protected":false},"excerpt":{"rendered":"<p>\u013boti viegla 9.2 mm diametra virve, kas piem\u0113rota klasiskajam alp\u012bnismam un elites klin&scaron;u k\u0101p&scaron;anai. Piem\u0113rota klin&scaron;ainai, jauktai, sniegotai vai ledainai videi. T\u0101 ir \u013coti viegla, nodro&scaron;ina maksim\u0101lu ilgm\u016b\u017e\u012bbu un izpild\u012bjumu jebkuros apst\u0101k\u013cos, pateicoties t\u0101s Duratec Dry p\u0101rkl\u0101jumam, kas padara virvi iztur\u012bg\u0101ku pret \u016bdeni, net\u012brumiem un abraz\u012bviem boj\u0101jumiem; viegla vad\u0101m\u012bba, sa\u0137ere un citas \u012bpa&scaron;\u012bbas mitro un [&hellip;]<\/p>\n","protected":false},"featured_media":0,"template":"","meta":[],"product_brand":[957],"product_cat":[4851,4885,4886],"product_tag":[],"class_list":{"0":"post-77306","1":"product","2":"type-product","3":"status-publish","5":"product_brand-petzl","6":"product_cat-mountaineering-equipment-recreation","7":"product_cat-ropes-mountaineering-equipment-recreation","8":"product_cat-dynamic-ropes-ropes-mountaineering-equipment-recreation","10":"first","11":"instock","12":"shipping-taxable","13":"purchasable","14":"product-type-simple"},"_links":{"self":[{"href":"https:\/\/sezona.lv\/en\/wp-json\/wp\/v2\/product\/77306","targetHints":{"allow":["GET"]}}],"collection":[{"href":"https:\/\/sezona.lv\/en\/wp-json\/wp\/v2\/product"}],"about":[{"href":"https:\/\/sezona.lv\/en\/wp-json\/wp\/v2\/types\/product"}],"wp:attachment":[{"href":"https:\/\/sezona.lv\/en\/wp-json\/wp\/v2\/media?parent=77306"}],"wp:term":[{"taxonomy":"product_brand","embeddable":true,"href":"https:\/\/sezona.lv\/en\/wp-json\/wp\/v2\/product_brand?post=77306"},{"taxonomy":"product_cat","embeddable":true,"href":"https:\/\/sezona.lv\/en\/wp-json\/wp\/v2\/product_cat?post=77306"},{"taxonomy":"product_tag","embeddable":true,"href":"https:\/\/sezona.lv\/en\/wp-json\/wp\/v2\/product_tag?post=77306"}],"curies":[{"name":"wp","href":"https:\/\/api.w.org\/{rel}","templated":true}]}}