{"id":77308,"date":"2025-07-14T15:04:24","date_gmt":"2025-07-14T12:04:24","guid":{"rendered":"https:\/\/demo8.ecube.lv\/sezona.lv\/products\/dinamiska-virve-edelrid-eagle-9-8-mm-peleka-60m\/"},"modified":"2025-07-14T15:04:24","modified_gmt":"2025-07-14T12:04:24","slug":"dinamiska-virve-edelrid-eagle-9-8-mm-peleka-60m","status":"publish","type":"product","link":"https:\/\/sezona.lv\/en\/products\/dinamiska-virve-edelrid-eagle-9-8-mm-peleka-60m\/","title":{"rendered":"Dinamisk\u0101 virve Edelrid Eagle 9.8 mm pel\u0113ka 60m"},"content":{"rendered":"<p><span>Viegla, univers\u0101la virve, kas piem\u0113rota alp\u012bnismam, klin&scaron;u k\u0101p&scaron;anai vai k\u0101p&scaron;anai iek&scaron;telp\u0101s. Virve apstr\u0101d\u0101ta ar augstas efektivit\u0101tes Pro Shield p\u0101rkl\u0101jumu, kas padara to \u013coti iztur\u012bgu, ta\u010du joproj\u0101m vieglu. Dry Shield virves apdare nov\u0113r&scaron; mitruma un net\u012brumu ies\u016bk&scaron;anos, t\u0101d\u0113j\u0101di nodro&scaron;inot liel\u0101ku virves iztur\u012bbu un dz\u012bves ilgumu. Virve ir viegli un \u0113rti lietojama.<\/span><br \/><span>Alp\u012bnisma mar&scaron;ruti, kur gaid\u0101ms sniegs vai lietus, vai silta, saulaina diena klint\u012bs &#8211; Eagle sp\u0113s paveikt &scaron;o uzdevumu!<\/span><\/p>\n<ul class=\"item_traits\">\n<li class=\"odd\"><label>Apvalka nob\u012bde:<\/label>o mm<\/li>\n<li><label>Diametrs:<\/label>9.8 mm<\/li>\n<li class=\"odd\"><label>Dinamisk\u0101 izstiep&scaron;an\u0101s, %:<\/label>28<\/li>\n<li><label>Kritiena sp\u0113ks, kN:<\/label>9,4 kN<\/li>\n<li class=\"odd\"><label>Statisk\u0101 izstiep&scaron;an\u0101s, %:<\/label>7,6<\/li>\n<li><label>Svars:<\/label>60 g<\/li>\n<\/ul>\n","protected":false},"excerpt":{"rendered":"<p>Viegla, univers\u0101la virve, kas piem\u0113rota alp\u012bnismam, klin&scaron;u k\u0101p&scaron;anai vai k\u0101p&scaron;anai iek&scaron;telp\u0101s. Virve apstr\u0101d\u0101ta ar augstas efektivit\u0101tes Pro Shield p\u0101rkl\u0101jumu, kas padara to \u013coti iztur\u012bgu, ta\u010du joproj\u0101m vieglu. Dry Shield virves apdare nov\u0113r&scaron; mitruma un net\u012brumu ies\u016bk&scaron;anos, t\u0101d\u0113j\u0101di nodro&scaron;inot liel\u0101ku virves iztur\u012bbu un dz\u012bves ilgumu. Virve ir viegli un \u0113rti lietojama.Alp\u012bnisma mar&scaron;ruti, kur gaid\u0101ms sniegs vai [&hellip;]<\/p>\n","protected":false},"featured_media":0,"template":"","meta":[],"product_brand":[3348],"product_cat":[4851,4885,4886],"product_tag":[],"class_list":{"0":"post-77308","1":"product","2":"type-product","3":"status-publish","5":"product_brand-edelrid","6":"product_cat-mountaineering-equipment-recreation","7":"product_cat-ropes-mountaineering-equipment-recreation","8":"product_cat-dynamic-ropes-ropes-mountaineering-equipment-recreation","10":"first","11":"instock","12":"shipping-taxable","13":"purchasable","14":"product-type-simple"},"_links":{"self":[{"href":"https:\/\/sezona.lv\/en\/wp-json\/wp\/v2\/product\/77308","targetHints":{"allow":["GET"]}}],"collection":[{"href":"https:\/\/sezona.lv\/en\/wp-json\/wp\/v2\/product"}],"about":[{"href":"https:\/\/sezona.lv\/en\/wp-json\/wp\/v2\/types\/product"}],"wp:attachment":[{"href":"https:\/\/sezona.lv\/en\/wp-json\/wp\/v2\/media?parent=77308"}],"wp:term":[{"taxonomy":"product_brand","embeddable":true,"href":"https:\/\/sezona.lv\/en\/wp-json\/wp\/v2\/product_brand?post=77308"},{"taxonomy":"product_cat","embeddable":true,"href":"https:\/\/sezona.lv\/en\/wp-json\/wp\/v2\/product_cat?post=77308"},{"taxonomy":"product_tag","embeddable":true,"href":"https:\/\/sezona.lv\/en\/wp-json\/wp\/v2\/product_tag?post=77308"}],"curies":[{"name":"wp","href":"https:\/\/api.w.org\/{rel}","templated":true}]}}