{"id":77309,"date":"2025-07-14T15:04:24","date_gmt":"2025-07-14T12:04:24","guid":{"rendered":"https:\/\/demo8.ecube.lv\/sezona.lv\/products\/dinamiska-virve-edelrid-anniversary-9-7-mm-60m-virvju-soma-caddy\/"},"modified":"2025-07-14T15:04:24","modified_gmt":"2025-07-14T12:04:24","slug":"dinamiska-virve-edelrid-anniversary-9-7-mm-60m-virvju-soma-caddy","status":"publish","type":"product","link":"https:\/\/sezona.lv\/en\/products\/dinamiska-virve-edelrid-anniversary-9-7-mm-60m-virvju-soma-caddy\/","title":{"rendered":"Dinamisk\u0101 virve Edelrid Anniversary 9.7 mm 60m + virvju soma Caddy"},"content":{"rendered":"<p><span>\u012apa&scaron;a izdevuma dinamisk\u0101 pamatvirve, kas izgatavota par godu Edelrid 150. gadadienai un t\u0101 p\u0101rst\u0101v 150 gadus virvju ra\u017eo&scaron;anas pieredzi. Pateicoties virves Pro Shield un Dry Shield apdarei, tai ir \u0101rk\u0101rt\u012bgi iztur\u012bga un dro&scaron;a konstrukcija un t\u0101 ir iztur\u012bga pret mitrumu un net\u012brumiem. Pateicoties Thermo Shield apstr\u0101dei, virve ir viegli kontrol\u0113jama un lietojama. Komplekt\u0101 iek\u013cauta Caddy virves soma.<\/span><\/p>\n<ul class=\"item_traits\">\n<li class=\"odd\"><label>Apvalka nob\u012bde:<\/label>o mm<\/li>\n<li><label>Diametrs:<\/label>9.7 mm<\/li>\n<li class=\"odd\"><label>Dinamisk\u0101 izstiep&scaron;an\u0101s, %:<\/label>31<\/li>\n<li><label>Kritiena sp\u0113ks, kN:<\/label>8.7<\/li>\n<li class=\"odd\"><label>Statisk\u0101 izstiep&scaron;an\u0101s, %:<\/label>9.2<\/li>\n<li><label>UIAA kritienu skaits:<\/label>9<\/li>\n<li class=\"odd\"><label>Svars:<\/label>4.4 kg<\/li>\n<\/ul>\n","protected":false},"excerpt":{"rendered":"<p>\u012apa&scaron;a izdevuma dinamisk\u0101 pamatvirve, kas izgatavota par godu Edelrid 150. gadadienai un t\u0101 p\u0101rst\u0101v 150 gadus virvju ra\u017eo&scaron;anas pieredzi. Pateicoties virves Pro Shield un Dry Shield apdarei, tai ir \u0101rk\u0101rt\u012bgi iztur\u012bga un dro&scaron;a konstrukcija un t\u0101 ir iztur\u012bga pret mitrumu un net\u012brumiem. Pateicoties Thermo Shield apstr\u0101dei, virve ir viegli kontrol\u0113jama un lietojama. Komplekt\u0101 iek\u013cauta Caddy [&hellip;]<\/p>\n","protected":false},"featured_media":0,"template":"","meta":[],"product_brand":[3348],"product_cat":[4851,4885,4886],"product_tag":[],"class_list":{"0":"post-77309","1":"product","2":"type-product","3":"status-publish","5":"product_brand-edelrid","6":"product_cat-mountaineering-equipment-recreation","7":"product_cat-ropes-mountaineering-equipment-recreation","8":"product_cat-dynamic-ropes-ropes-mountaineering-equipment-recreation","10":"first","11":"instock","12":"shipping-taxable","13":"purchasable","14":"product-type-simple"},"_links":{"self":[{"href":"https:\/\/sezona.lv\/en\/wp-json\/wp\/v2\/product\/77309","targetHints":{"allow":["GET"]}}],"collection":[{"href":"https:\/\/sezona.lv\/en\/wp-json\/wp\/v2\/product"}],"about":[{"href":"https:\/\/sezona.lv\/en\/wp-json\/wp\/v2\/types\/product"}],"wp:attachment":[{"href":"https:\/\/sezona.lv\/en\/wp-json\/wp\/v2\/media?parent=77309"}],"wp:term":[{"taxonomy":"product_brand","embeddable":true,"href":"https:\/\/sezona.lv\/en\/wp-json\/wp\/v2\/product_brand?post=77309"},{"taxonomy":"product_cat","embeddable":true,"href":"https:\/\/sezona.lv\/en\/wp-json\/wp\/v2\/product_cat?post=77309"},{"taxonomy":"product_tag","embeddable":true,"href":"https:\/\/sezona.lv\/en\/wp-json\/wp\/v2\/product_tag?post=77309"}],"curies":[{"name":"wp","href":"https:\/\/api.w.org\/{rel}","templated":true}]}}