{"id":77310,"date":"2025-07-14T15:04:25","date_gmt":"2025-07-14T12:04:25","guid":{"rendered":"https:\/\/demo8.ecube.lv\/sezona.lv\/products\/dinamiska-virve-tendon-ambition-7-9\/"},"modified":"2025-07-14T15:04:25","modified_gmt":"2025-07-14T12:04:25","slug":"dinamiska-virve-tendon-ambition-7-9","status":"publish","type":"product","link":"https:\/\/sezona.lv\/en\/products\/dinamiska-virve-tendon-ambition-7-9\/","title":{"rendered":"Dinamisk\u0101 virve Tendon Ambition 7.9"},"content":{"rendered":"<p><span>Viegla virve, kas sertific\u0113ta gan k\u0101 pusvirve, gan ar\u012b k\u0101 dubultvirve. Laba iztur\u012bba un mazs svars padara &scaron;o virvi par lab\u0101ko ce\u013cabiedru led\u0101ju &scaron;\u0137\u0113rso&scaron;an\u0101 un ledus k\u0101p&scaron;an\u0101.&nbsp;<\/span><br \/><span>Virve atbilst EN 892 un CE 1019 standartu pras\u012bb\u0101m.<\/span><\/p>\n<ul class=\"item_traits\">\n<li class=\"odd\"><label>Apvalka nob\u012bde:<\/label>o mm<\/li>\n<li><label>Diametrs:<\/label>7.9 mm<\/li>\n<li class=\"odd\"><label>Dinamisk\u0101 izstiep&scaron;an\u0101s, %:<\/label>35 (pusvirve)\/ 30 (dubultvirve)<\/li>\n<li><label>Kritiena sp\u0113ks, kN:<\/label>5.6 (pusvirve)\/ 8 (dubultvirve)<\/li>\n<li class=\"odd\"><label>Statisk\u0101 izstiep&scaron;an\u0101s, %:<\/label>7.8<\/li>\n<li><label>UIAA kritienu skaits:<\/label>6 (pusvirve)\/ 16-17 (dubultvirve)<\/li>\n<li class=\"odd\"><label>Virves apstr\u0101de:<\/label>Complete Shield<\/li>\n<li><label>Svars:<\/label>70 g<\/li>\n<\/ul>\n","protected":false},"excerpt":{"rendered":"<p>Viegla virve, kas sertific\u0113ta gan k\u0101 pusvirve, gan ar\u012b k\u0101 dubultvirve. Laba iztur\u012bba un mazs svars padara &scaron;o virvi par lab\u0101ko ce\u013cabiedru led\u0101ju &scaron;\u0137\u0113rso&scaron;an\u0101 un ledus k\u0101p&scaron;an\u0101.&nbsp;Virve atbilst EN 892 un CE 1019 standartu pras\u012bb\u0101m. Apvalka nob\u012bde:o mm Diametrs:7.9 mm Dinamisk\u0101 izstiep&scaron;an\u0101s, %:35 (pusvirve)\/ 30 (dubultvirve) Kritiena sp\u0113ks, kN:5.6 (pusvirve)\/ 8 (dubultvirve) Statisk\u0101 izstiep&scaron;an\u0101s, %:7.8 [&hellip;]<\/p>\n","protected":false},"featured_media":0,"template":"","meta":[],"product_brand":[3351],"product_cat":[4851,4885,4886],"product_tag":[],"class_list":{"0":"post-77310","1":"product","2":"type-product","3":"status-publish","5":"product_brand-tendon","6":"product_cat-mountaineering-equipment-recreation","7":"product_cat-ropes-mountaineering-equipment-recreation","8":"product_cat-dynamic-ropes-ropes-mountaineering-equipment-recreation","10":"first","11":"instock","12":"shipping-taxable","13":"purchasable","14":"product-type-simple"},"_links":{"self":[{"href":"https:\/\/sezona.lv\/en\/wp-json\/wp\/v2\/product\/77310","targetHints":{"allow":["GET"]}}],"collection":[{"href":"https:\/\/sezona.lv\/en\/wp-json\/wp\/v2\/product"}],"about":[{"href":"https:\/\/sezona.lv\/en\/wp-json\/wp\/v2\/types\/product"}],"wp:attachment":[{"href":"https:\/\/sezona.lv\/en\/wp-json\/wp\/v2\/media?parent=77310"}],"wp:term":[{"taxonomy":"product_brand","embeddable":true,"href":"https:\/\/sezona.lv\/en\/wp-json\/wp\/v2\/product_brand?post=77310"},{"taxonomy":"product_cat","embeddable":true,"href":"https:\/\/sezona.lv\/en\/wp-json\/wp\/v2\/product_cat?post=77310"},{"taxonomy":"product_tag","embeddable":true,"href":"https:\/\/sezona.lv\/en\/wp-json\/wp\/v2\/product_tag?post=77310"}],"curies":[{"name":"wp","href":"https:\/\/api.w.org\/{rel}","templated":true}]}}