{"id":77312,"date":"2025-07-14T15:04:27","date_gmt":"2025-07-14T12:04:27","guid":{"rendered":"https:\/\/demo8.ecube.lv\/sezona.lv\/products\/dinamiska-virve-edelrid-apus-7-9-mm-zila-50m\/"},"modified":"2025-07-14T15:04:27","modified_gmt":"2025-07-14T12:04:27","slug":"dinamiska-virve-edelrid-apus-7-9-mm-zila-50m","status":"publish","type":"product","link":"https:\/\/sezona.lv\/en\/products\/dinamiska-virve-edelrid-apus-7-9-mm-zila-50m\/","title":{"rendered":"Dinamisk\u0101 virve Edelrid Apus 7.9 mm zila 50m"},"content":{"rendered":"<p>Jaun\u0101 Apus dinamisk\u0101 dubult\u0101 virve \/ pusvirve, kam piem\u012bt izcila iztur\u012bba, dro&scaron;\u012bbas \u012bpa&scaron;\u012bbas un viegla vad\u0101m\u012bba. Virve apstr\u0101d\u0101ta ar augstas efektivit\u0101tes Pro Shield p\u0101rkl\u0101jumu, kas padara to \u013coti iztur\u012bgu, ta\u010du joproj\u0101m vieglu. Dry Shield virves apdare nov\u0113r&scaron; mitruma un net\u012brumu ies\u016bk&scaron;anos, t\u0101d\u0113j\u0101di nodro&scaron;inot liel\u0101ku virves iztur\u012bbu un dz\u012bves ilgumu. Thermo Shield p\u0101rkl\u0101jums nodro&scaron;ina vieglu virves vad\u012bbu. Lieliski piem\u0113rota visda\u017e\u0101d\u0101kajiem alp\u012bnisma\/kalnu piedz\u012bvojumiem.<\/p>\n<ul class=\"item_traits\">\n<li class=\"odd\"><label>Apvalka nob\u012bde:<\/label>o mm<\/li>\n<li><label>Diametrs:<\/label>7.9 mm<\/li>\n<li class=\"odd\"><label>Dinamisk\u0101 izstiep&scaron;an\u0101s, %:<\/label>31 \/ 27%<\/li>\n<li><label>Kritiena sp\u0113ks, kN:<\/label>6.7 (k\u0101 pusvirve) \/ 10.3 (k\u0101 dubult\u0101 virve)<\/li>\n<li class=\"odd\"><label>Statisk\u0101 izstiep&scaron;an\u0101s, %:<\/label>9.2 \/ 6.7%<\/li>\n<li><label>Svars:<\/label>40 g<\/li>\n<\/ul>\n","protected":false},"excerpt":{"rendered":"<p>Jaun\u0101 Apus dinamisk\u0101 dubult\u0101 virve \/ pusvirve, kam piem\u012bt izcila iztur\u012bba, dro&scaron;\u012bbas \u012bpa&scaron;\u012bbas un viegla vad\u0101m\u012bba. Virve apstr\u0101d\u0101ta ar augstas efektivit\u0101tes Pro Shield p\u0101rkl\u0101jumu, kas padara to \u013coti iztur\u012bgu, ta\u010du joproj\u0101m vieglu. Dry Shield virves apdare nov\u0113r&scaron; mitruma un net\u012brumu ies\u016bk&scaron;anos, t\u0101d\u0113j\u0101di nodro&scaron;inot liel\u0101ku virves iztur\u012bbu un dz\u012bves ilgumu. Thermo Shield p\u0101rkl\u0101jums nodro&scaron;ina vieglu virves [&hellip;]<\/p>\n","protected":false},"featured_media":0,"template":"","meta":[],"product_brand":[3348],"product_cat":[4851,4885,4886],"product_tag":[],"class_list":{"0":"post-77312","1":"product","2":"type-product","3":"status-publish","5":"product_brand-edelrid","6":"product_cat-mountaineering-equipment-recreation","7":"product_cat-ropes-mountaineering-equipment-recreation","8":"product_cat-dynamic-ropes-ropes-mountaineering-equipment-recreation","10":"first","11":"instock","12":"shipping-taxable","13":"purchasable","14":"product-type-simple"},"_links":{"self":[{"href":"https:\/\/sezona.lv\/en\/wp-json\/wp\/v2\/product\/77312","targetHints":{"allow":["GET"]}}],"collection":[{"href":"https:\/\/sezona.lv\/en\/wp-json\/wp\/v2\/product"}],"about":[{"href":"https:\/\/sezona.lv\/en\/wp-json\/wp\/v2\/types\/product"}],"wp:attachment":[{"href":"https:\/\/sezona.lv\/en\/wp-json\/wp\/v2\/media?parent=77312"}],"wp:term":[{"taxonomy":"product_brand","embeddable":true,"href":"https:\/\/sezona.lv\/en\/wp-json\/wp\/v2\/product_brand?post=77312"},{"taxonomy":"product_cat","embeddable":true,"href":"https:\/\/sezona.lv\/en\/wp-json\/wp\/v2\/product_cat?post=77312"},{"taxonomy":"product_tag","embeddable":true,"href":"https:\/\/sezona.lv\/en\/wp-json\/wp\/v2\/product_tag?post=77312"}],"curies":[{"name":"wp","href":"https:\/\/api.w.org\/{rel}","templated":true}]}}