{"id":77313,"date":"2025-07-14T15:04:27","date_gmt":"2025-07-14T12:04:27","guid":{"rendered":"https:\/\/demo8.ecube.lv\/sezona.lv\/products\/dinamiska-virve-tendon-ambition-8-5-w\/"},"modified":"2025-07-14T15:04:27","modified_gmt":"2025-07-14T12:04:27","slug":"dinamiska-virve-tendon-ambition-8-5-w","status":"publish","type":"product","link":"https:\/\/sezona.lv\/en\/products\/dinamiska-virve-tendon-ambition-8-5-w\/","title":{"rendered":"Dinamisk\u0101 virve Tendon Ambition 8.5 W"},"content":{"rendered":"<p><span>Viegla, daudzfunkcion\u0101la un \u013coti iztur\u012bga pusvirve.&nbsp;<\/span><br \/><span>Visa virves tehnisk\u0101 specifik\u0101cija veidota t\u0101, lai palielin\u0101tu dro&scaron;\u012bbu un papla&scaron;in\u0101tu t\u0101s funkcionalit\u0101ti. Virve izgatavota atbilsto&scaron;i EN 892 un CE 1019 standartiem.<\/span><\/p>\n<ul class=\"item_traits\">\n<li class=\"odd\"><label>Apvalka nob\u012bde:<\/label>o mm<\/li>\n<li><label>Diametrs:<\/label>8.5 mm<\/li>\n<li class=\"odd\"><label>Dinamisk\u0101 izstiep&scaron;an\u0101s, %:<\/label>35<\/li>\n<li><label>Kritiena sp\u0113ks, kN:<\/label>5.5 kN<\/li>\n<li class=\"odd\"><label>Statisk\u0101 izstiep&scaron;an\u0101s, %:<\/label>6<\/li>\n<li><label>UIAA kritienu skaits:<\/label>Minim\u0101lais: 10; Maksim\u0101lais: 12<\/li>\n<li class=\"odd\"><label>Virves apstr\u0101de:<\/label>Protect Shiels<\/li>\n<li><label>Svars:<\/label>50 g<\/li>\n<\/ul>\n","protected":false},"excerpt":{"rendered":"<p>Viegla, daudzfunkcion\u0101la un \u013coti iztur\u012bga pusvirve.&nbsp;Visa virves tehnisk\u0101 specifik\u0101cija veidota t\u0101, lai palielin\u0101tu dro&scaron;\u012bbu un papla&scaron;in\u0101tu t\u0101s funkcionalit\u0101ti. Virve izgatavota atbilsto&scaron;i EN 892 un CE 1019 standartiem. Apvalka nob\u012bde:o mm Diametrs:8.5 mm Dinamisk\u0101 izstiep&scaron;an\u0101s, %:35 Kritiena sp\u0113ks, kN:5.5 kN Statisk\u0101 izstiep&scaron;an\u0101s, %:6 UIAA kritienu skaits:Minim\u0101lais: 10; Maksim\u0101lais: 12 Virves apstr\u0101de:Protect Shiels Svars:50 g<\/p>\n","protected":false},"featured_media":0,"template":"","meta":[],"product_brand":[3351],"product_cat":[4851,4885,4886],"product_tag":[],"class_list":{"0":"post-77313","1":"product","2":"type-product","3":"status-publish","5":"product_brand-tendon","6":"product_cat-mountaineering-equipment-recreation","7":"product_cat-ropes-mountaineering-equipment-recreation","8":"product_cat-dynamic-ropes-ropes-mountaineering-equipment-recreation","10":"first","11":"instock","12":"shipping-taxable","13":"purchasable","14":"product-type-simple"},"_links":{"self":[{"href":"https:\/\/sezona.lv\/en\/wp-json\/wp\/v2\/product\/77313","targetHints":{"allow":["GET"]}}],"collection":[{"href":"https:\/\/sezona.lv\/en\/wp-json\/wp\/v2\/product"}],"about":[{"href":"https:\/\/sezona.lv\/en\/wp-json\/wp\/v2\/types\/product"}],"wp:attachment":[{"href":"https:\/\/sezona.lv\/en\/wp-json\/wp\/v2\/media?parent=77313"}],"wp:term":[{"taxonomy":"product_brand","embeddable":true,"href":"https:\/\/sezona.lv\/en\/wp-json\/wp\/v2\/product_brand?post=77313"},{"taxonomy":"product_cat","embeddable":true,"href":"https:\/\/sezona.lv\/en\/wp-json\/wp\/v2\/product_cat?post=77313"},{"taxonomy":"product_tag","embeddable":true,"href":"https:\/\/sezona.lv\/en\/wp-json\/wp\/v2\/product_tag?post=77313"}],"curies":[{"name":"wp","href":"https:\/\/api.w.org\/{rel}","templated":true}]}}