{"id":77314,"date":"2025-07-14T15:04:28","date_gmt":"2025-07-14T12:04:28","guid":{"rendered":"https:\/\/demo8.ecube.lv\/sezona.lv\/products\/dinamiska-virve-tendon-ambition-9-1-mm-w\/"},"modified":"2025-07-14T15:04:28","modified_gmt":"2025-07-14T12:04:28","slug":"dinamiska-virve-tendon-ambition-9-1-mm-w","status":"publish","type":"product","link":"https:\/\/sezona.lv\/en\/products\/dinamiska-virve-tendon-ambition-9-1-mm-w\/","title":{"rendered":"Dinamisk\u0101 virve Tendon Ambition 9.1 mm W"},"content":{"rendered":"<p><span>Dro&scaron;\u0101k\u0101 no Tendon pusvirv\u0113m, kam piem\u012bt augsta iztur\u012bba, lieliska mezglojam\u012bba un fantastiska abraz\u012bv\u0101 iztur\u012bba. T\u0101s \u012bpa&scaron;\u012bbas padara to ide\u0101li piem\u0113rotu tradicion\u0101lajai k\u0101p&scaron;anai visa gada garum\u0101. Virve p\u0101rkl\u0101ta ar Teflon Eco impregn\u0113jumu revolucion\u0101raj\u0101 Nano Technology tehnolo\u0123ij\u0101.<\/span><\/p>\n<ul class=\"item_traits\">\n<li class=\"odd\"><label>Apvalka nob\u012bde:<\/label>o mm<\/li>\n<li><label>Diametrs:<\/label>9.1 mm<\/li>\n<li class=\"odd\"><label>Dinamisk\u0101 izstiep&scaron;an\u0101s, %:<\/label>36<\/li>\n<li><label>Kritiena sp\u0113ks, kN:<\/label>5.5<\/li>\n<li class=\"odd\"><label>Statisk\u0101 izstiep&scaron;an\u0101s, %:<\/label>7.2<\/li>\n<li><label>UIAA kritienu skaits:<\/label>13 &#8211; 14<\/li>\n<li class=\"odd\"><label>Virves apstr\u0101de:<\/label>Protect Shiels<\/li>\n<li><label>Svars:<\/label>60 g<\/li>\n<\/ul>\n","protected":false},"excerpt":{"rendered":"<p>Dro&scaron;\u0101k\u0101 no Tendon pusvirv\u0113m, kam piem\u012bt augsta iztur\u012bba, lieliska mezglojam\u012bba un fantastiska abraz\u012bv\u0101 iztur\u012bba. T\u0101s \u012bpa&scaron;\u012bbas padara to ide\u0101li piem\u0113rotu tradicion\u0101lajai k\u0101p&scaron;anai visa gada garum\u0101. Virve p\u0101rkl\u0101ta ar Teflon Eco impregn\u0113jumu revolucion\u0101raj\u0101 Nano Technology tehnolo\u0123ij\u0101. Apvalka nob\u012bde:o mm Diametrs:9.1 mm Dinamisk\u0101 izstiep&scaron;an\u0101s, %:36 Kritiena sp\u0113ks, kN:5.5 Statisk\u0101 izstiep&scaron;an\u0101s, %:7.2 UIAA kritienu skaits:13 &#8211; 14 Virves [&hellip;]<\/p>\n","protected":false},"featured_media":0,"template":"","meta":[],"product_brand":[3351],"product_cat":[4851,4885,4886],"product_tag":[],"class_list":{"0":"post-77314","1":"product","2":"type-product","3":"status-publish","5":"product_brand-tendon","6":"product_cat-mountaineering-equipment-recreation","7":"product_cat-ropes-mountaineering-equipment-recreation","8":"product_cat-dynamic-ropes-ropes-mountaineering-equipment-recreation","10":"first","11":"instock","12":"shipping-taxable","13":"purchasable","14":"product-type-simple"},"_links":{"self":[{"href":"https:\/\/sezona.lv\/en\/wp-json\/wp\/v2\/product\/77314","targetHints":{"allow":["GET"]}}],"collection":[{"href":"https:\/\/sezona.lv\/en\/wp-json\/wp\/v2\/product"}],"about":[{"href":"https:\/\/sezona.lv\/en\/wp-json\/wp\/v2\/types\/product"}],"wp:attachment":[{"href":"https:\/\/sezona.lv\/en\/wp-json\/wp\/v2\/media?parent=77314"}],"wp:term":[{"taxonomy":"product_brand","embeddable":true,"href":"https:\/\/sezona.lv\/en\/wp-json\/wp\/v2\/product_brand?post=77314"},{"taxonomy":"product_cat","embeddable":true,"href":"https:\/\/sezona.lv\/en\/wp-json\/wp\/v2\/product_cat?post=77314"},{"taxonomy":"product_tag","embeddable":true,"href":"https:\/\/sezona.lv\/en\/wp-json\/wp\/v2\/product_tag?post=77314"}],"curies":[{"name":"wp","href":"https:\/\/api.w.org\/{rel}","templated":true}]}}