{"id":77315,"date":"2025-07-14T15:04:29","date_gmt":"2025-07-14T12:04:29","guid":{"rendered":"https:\/\/demo8.ecube.lv\/sezona.lv\/products\/dinamiska-virve-tendon-master-8-5\/"},"modified":"2025-07-14T15:04:29","modified_gmt":"2025-07-14T12:04:29","slug":"dinamiska-virve-tendon-master-8-5","status":"publish","type":"product","link":"https:\/\/sezona.lv\/en\/products\/dinamiska-virve-tendon-master-8-5\/","title":{"rendered":"Dinamisk\u0101 virve Tendon Master 8.5"},"content":{"rendered":"<p><span>Viegla virve, kas sertific\u0113ta gan k\u0101 pusvirve, gan ar\u012b k\u0101 dubultvirve. Augsta nodilumiztur\u012bba un dz\u012bves ilgums lieliski noder\u0113s gan garos klin&scaron;u mar&scaron;rutos, gan ekstr\u0113mos ziemas mar&scaron;rutos. Virve atbilst EN 892 un CE 1019 standartu pras\u012bb\u0101m.<\/span><\/p>\n<ul class=\"item_traits\">\n<li class=\"odd\"><label>Apvalka nob\u012bde:<\/label>o mm<\/li>\n<li><label>Diametrs:<\/label>8.5 mm<\/li>\n<li class=\"odd\"><label>Dinamisk\u0101 izstiep&scaron;an\u0101s, %:<\/label>34<\/li>\n<li><label>Kritiena sp\u0113ks, kN:<\/label>8 (dubultvirve)\/ 5.5 (pusvirve)<\/li>\n<li class=\"odd\"><label>Statisk\u0101 izstiep&scaron;an\u0101s, %:<\/label>8<\/li>\n<li><label>UIAA kritienu skaits:<\/label>14-17 (dubultvirve)\/ 10 (pusvirve)<\/li>\n<li class=\"odd\"><label>Virves apstr\u0101de:<\/label>Complete Shield<\/li>\n<li><label>Svars:<\/label>50 g<\/li>\n<\/ul>\n","protected":false},"excerpt":{"rendered":"<p>Viegla virve, kas sertific\u0113ta gan k\u0101 pusvirve, gan ar\u012b k\u0101 dubultvirve. Augsta nodilumiztur\u012bba un dz\u012bves ilgums lieliski noder\u0113s gan garos klin&scaron;u mar&scaron;rutos, gan ekstr\u0113mos ziemas mar&scaron;rutos. Virve atbilst EN 892 un CE 1019 standartu pras\u012bb\u0101m. Apvalka nob\u012bde:o mm Diametrs:8.5 mm Dinamisk\u0101 izstiep&scaron;an\u0101s, %:34 Kritiena sp\u0113ks, kN:8 (dubultvirve)\/ 5.5 (pusvirve) Statisk\u0101 izstiep&scaron;an\u0101s, %:8 UIAA kritienu skaits:14-17 [&hellip;]<\/p>\n","protected":false},"featured_media":0,"template":"","meta":[],"product_brand":[3351],"product_cat":[4851,4885,4886],"product_tag":[],"class_list":{"0":"post-77315","1":"product","2":"type-product","3":"status-publish","5":"product_brand-tendon","6":"product_cat-mountaineering-equipment-recreation","7":"product_cat-ropes-mountaineering-equipment-recreation","8":"product_cat-dynamic-ropes-ropes-mountaineering-equipment-recreation","10":"first","11":"instock","12":"shipping-taxable","13":"purchasable","14":"product-type-simple"},"_links":{"self":[{"href":"https:\/\/sezona.lv\/en\/wp-json\/wp\/v2\/product\/77315","targetHints":{"allow":["GET"]}}],"collection":[{"href":"https:\/\/sezona.lv\/en\/wp-json\/wp\/v2\/product"}],"about":[{"href":"https:\/\/sezona.lv\/en\/wp-json\/wp\/v2\/types\/product"}],"wp:attachment":[{"href":"https:\/\/sezona.lv\/en\/wp-json\/wp\/v2\/media?parent=77315"}],"wp:term":[{"taxonomy":"product_brand","embeddable":true,"href":"https:\/\/sezona.lv\/en\/wp-json\/wp\/v2\/product_brand?post=77315"},{"taxonomy":"product_cat","embeddable":true,"href":"https:\/\/sezona.lv\/en\/wp-json\/wp\/v2\/product_cat?post=77315"},{"taxonomy":"product_tag","embeddable":true,"href":"https:\/\/sezona.lv\/en\/wp-json\/wp\/v2\/product_tag?post=77315"}],"curies":[{"name":"wp","href":"https:\/\/api.w.org\/{rel}","templated":true}]}}