{"id":77316,"date":"2025-07-14T15:04:30","date_gmt":"2025-07-14T12:04:30","guid":{"rendered":"https:\/\/demo8.ecube.lv\/sezona.lv\/products\/dinamiska-virve-edelrid-kestrel-8-5-mm-zila-50m\/"},"modified":"2025-07-14T15:04:30","modified_gmt":"2025-07-14T12:04:30","slug":"dinamiska-virve-edelrid-kestrel-8-5-mm-zila-50m","status":"publish","type":"product","link":"https:\/\/sezona.lv\/en\/products\/dinamiska-virve-edelrid-kestrel-8-5-mm-zila-50m\/","title":{"rendered":"Dinamisk\u0101 virve Edelrid Kestrel 8.5 mm zila 50m"},"content":{"rendered":"<p><span>Augstas kvalit\u0101tes un iztur\u012bbas dinamisk\u0101 pusvirve.&nbsp;<\/span><br \/><span>Virves biez\u0101kais apvalks un \u016bdeni &#8211; net\u012brumus atgr\u016bdo&scaron;\u0101 Dry Shield apdare padara to \u012bpa&scaron;i piem\u0113rotu profesion\u0101lai lieto&scaron;anai alp\u012bniem klanu mar&scaron;rutiem un ledus k\u0101p&scaron;anai, k\u0101 ar\u012b k\u0101 papildus dro&scaron;\u012bbas elementu k\u0101pjot komand\u0101 pa trim.<\/span><\/p>\n<ul class=\"item_traits\">\n<li class=\"odd\"><label>Apvalka nob\u012bde:<\/label>o mm<\/li>\n<li><label>Diametrs:<\/label>8.5 mm<\/li>\n<li class=\"odd\"><label>Dinamisk\u0101 izstiep&scaron;an\u0101s, %:<\/label>29<\/li>\n<li><label>Kritiena sp\u0113ks, kN:<\/label>6,4 kN<\/li>\n<li class=\"odd\"><label>Statisk\u0101 izstiep&scaron;an\u0101s, %:<\/label>9,5<\/li>\n<li><label>Svars:<\/label>50 g<\/li>\n<\/ul>\n","protected":false},"excerpt":{"rendered":"<p>Augstas kvalit\u0101tes un iztur\u012bbas dinamisk\u0101 pusvirve.&nbsp;Virves biez\u0101kais apvalks un \u016bdeni &#8211; net\u012brumus atgr\u016bdo&scaron;\u0101 Dry Shield apdare padara to \u012bpa&scaron;i piem\u0113rotu profesion\u0101lai lieto&scaron;anai alp\u012bniem klanu mar&scaron;rutiem un ledus k\u0101p&scaron;anai, k\u0101 ar\u012b k\u0101 papildus dro&scaron;\u012bbas elementu k\u0101pjot komand\u0101 pa trim. Apvalka nob\u012bde:o mm Diametrs:8.5 mm Dinamisk\u0101 izstiep&scaron;an\u0101s, %:29 Kritiena sp\u0113ks, kN:6,4 kN Statisk\u0101 izstiep&scaron;an\u0101s, %:9,5 Svars:50 g<\/p>\n","protected":false},"featured_media":0,"template":"","meta":[],"product_brand":[3348],"product_cat":[4851,4885,4886],"product_tag":[],"class_list":{"0":"post-77316","1":"product","2":"type-product","3":"status-publish","5":"product_brand-edelrid","6":"product_cat-mountaineering-equipment-recreation","7":"product_cat-ropes-mountaineering-equipment-recreation","8":"product_cat-dynamic-ropes-ropes-mountaineering-equipment-recreation","10":"first","11":"instock","12":"shipping-taxable","13":"purchasable","14":"product-type-simple"},"_links":{"self":[{"href":"https:\/\/sezona.lv\/en\/wp-json\/wp\/v2\/product\/77316","targetHints":{"allow":["GET"]}}],"collection":[{"href":"https:\/\/sezona.lv\/en\/wp-json\/wp\/v2\/product"}],"about":[{"href":"https:\/\/sezona.lv\/en\/wp-json\/wp\/v2\/types\/product"}],"wp:attachment":[{"href":"https:\/\/sezona.lv\/en\/wp-json\/wp\/v2\/media?parent=77316"}],"wp:term":[{"taxonomy":"product_brand","embeddable":true,"href":"https:\/\/sezona.lv\/en\/wp-json\/wp\/v2\/product_brand?post=77316"},{"taxonomy":"product_cat","embeddable":true,"href":"https:\/\/sezona.lv\/en\/wp-json\/wp\/v2\/product_cat?post=77316"},{"taxonomy":"product_tag","embeddable":true,"href":"https:\/\/sezona.lv\/en\/wp-json\/wp\/v2\/product_tag?post=77316"}],"curies":[{"name":"wp","href":"https:\/\/api.w.org\/{rel}","templated":true}]}}