{"id":77321,"date":"2025-07-14T15:04:34","date_gmt":"2025-07-14T12:04:34","guid":{"rendered":"https:\/\/demo8.ecube.lv\/sezona.lv\/products\/virve-tendon-static-military-10-5-mm-200-m-kamuflaza\/"},"modified":"2025-07-14T15:04:34","modified_gmt":"2025-07-14T12:04:34","slug":"virve-tendon-static-military-10-5-mm-200-m-kamuflaza","status":"publish","type":"product","link":"https:\/\/sezona.lv\/en\/products\/virve-tendon-static-military-10-5-mm-200-m-kamuflaza\/","title":{"rendered":"Virve Tendon Static Military 10.5 mm (200 m) kamufl\u0101\u017ea"},"content":{"rendered":"<p>\u012apa&scaron;i nodilumiztur\u012bga statisk\u0101 virve ar zemu stiep&scaron;an\u0101s koeficientu, lielu iztur\u012bbu un ilgu kalpo&scaron;anas laiku. Izgatavota \u012bpa&scaron;i armijas un policijas vajadz\u012bb\u0101m. Virve atbilst EN 1891 un CE 1019 standartu pras\u012bb\u0101m.<\/p>\n<ul id=\"traits_42476\" class=\"item_traits\">\n<li class=\"odd\"><label>Kr\u0101sa:<\/label>Kamufl\u0101\u017ea<\/li>\n<li><label>Izm\u0113rs:<\/label>1 m<\/li>\n<li class=\"odd\"><label>Diametrs:<\/label>10.5 mm<\/li>\n<li><label>Iztur\u012bba:<\/label>32 kN<\/li>\n<li class=\"odd\"><label>Apvalka nob\u012bde:<\/label>3 mm<\/li>\n<li><label>Statisk\u0101 izstiep&scaron;an\u0101s (50-150kg):<\/label>3.4 %<\/li>\n<li class=\"odd\"><label>Materi\u0101ls:<\/label>PA<\/li>\n<li><label>Tips:<\/label>A<\/li>\n<li class=\"odd\"><label>Svars:<\/label>70 g<\/li>\n<\/ul>\n","protected":false},"excerpt":{"rendered":"<p>\u012apa&scaron;i nodilumiztur\u012bga statisk\u0101 virve ar zemu stiep&scaron;an\u0101s koeficientu, lielu iztur\u012bbu un ilgu kalpo&scaron;anas laiku. Izgatavota \u012bpa&scaron;i armijas un policijas vajadz\u012bb\u0101m. Virve atbilst EN 1891 un CE 1019 standartu pras\u012bb\u0101m. Kr\u0101sa:Kamufl\u0101\u017ea Izm\u0113rs:1 m Diametrs:10.5 mm Iztur\u012bba:32 kN Apvalka nob\u012bde:3 mm Statisk\u0101 izstiep&scaron;an\u0101s (50-150kg):3.4 % Materi\u0101ls:PA Tips:A Svars:70 g<\/p>\n","protected":false},"featured_media":0,"template":"","meta":[],"product_brand":[3351],"product_cat":[4851,4885,4889],"product_tag":[],"class_list":{"0":"post-77321","1":"product","2":"type-product","3":"status-publish","5":"product_brand-tendon","6":"product_cat-mountaineering-equipment-recreation","7":"product_cat-ropes-mountaineering-equipment-recreation","8":"product_cat-military-ropes-ropes-mountaineering-equipment-recreation","10":"first","11":"instock","12":"shipping-taxable","13":"purchasable","14":"product-type-simple"},"_links":{"self":[{"href":"https:\/\/sezona.lv\/en\/wp-json\/wp\/v2\/product\/77321","targetHints":{"allow":["GET"]}}],"collection":[{"href":"https:\/\/sezona.lv\/en\/wp-json\/wp\/v2\/product"}],"about":[{"href":"https:\/\/sezona.lv\/en\/wp-json\/wp\/v2\/types\/product"}],"wp:attachment":[{"href":"https:\/\/sezona.lv\/en\/wp-json\/wp\/v2\/media?parent=77321"}],"wp:term":[{"taxonomy":"product_brand","embeddable":true,"href":"https:\/\/sezona.lv\/en\/wp-json\/wp\/v2\/product_brand?post=77321"},{"taxonomy":"product_cat","embeddable":true,"href":"https:\/\/sezona.lv\/en\/wp-json\/wp\/v2\/product_cat?post=77321"},{"taxonomy":"product_tag","embeddable":true,"href":"https:\/\/sezona.lv\/en\/wp-json\/wp\/v2\/product_tag?post=77321"}],"curies":[{"name":"wp","href":"https:\/\/api.w.org\/{rel}","templated":true}]}}