{"id":77324,"date":"2025-07-14T15:04:36","date_gmt":"2025-07-14T12:04:36","guid":{"rendered":"https:\/\/demo8.ecube.lv\/sezona.lv\/products\/paligvigvirve-tendon-timber-8-mm-10m-sarkana\/"},"modified":"2025-07-14T15:04:36","modified_gmt":"2025-07-14T12:04:36","slug":"paligvigvirve-tendon-timber-8-mm-10m-sarkana","status":"publish","type":"product","link":"https:\/\/sezona.lv\/en\/products\/paligvigvirve-tendon-timber-8-mm-10m-sarkana\/","title":{"rendered":"Pal\u012bgvigvirve Tendon Timber 8 mm (10m) sarkana"},"content":{"rendered":"<p>Iztur\u012bga pal\u012bgvirve, kas da\u017e\u0101d\u0101m vajadz\u012bb\u0101m. Izgatavo&scaron;an\u0101 izmantoto PES\/TECHNORA materi\u0101lu kombin\u0101cijas rezult\u0101t\u0101 tiek ieg\u016bta lab\u0101kas term\u0101l\u0101s un meh\u0101nisk\u0101s iztur\u012bbas virves apvalks. Iztur\u012bba: 20 kN.<br \/>Sertifik\u0101cija: EN 564.<\/p>\n","protected":false},"excerpt":{"rendered":"<p>Iztur\u012bga pal\u012bgvirve, kas da\u017e\u0101d\u0101m vajadz\u012bb\u0101m. Izgatavo&scaron;an\u0101 izmantoto PES\/TECHNORA materi\u0101lu kombin\u0101cijas rezult\u0101t\u0101 tiek ieg\u016bta lab\u0101kas term\u0101l\u0101s un meh\u0101nisk\u0101s iztur\u012bbas virves apvalks. Iztur\u012bba: 20 kN.Sertifik\u0101cija: EN 564.<\/p>\n","protected":false},"featured_media":0,"template":"","meta":[],"product_brand":[3351],"product_cat":[4640,4851,4885,4890],"product_tag":[],"class_list":{"0":"post-77324","1":"product","2":"type-product","3":"status-publish","5":"product_brand-tendon","6":"product_cat-recreation","7":"product_cat-mountaineering-equipment-recreation","8":"product_cat-ropes-mountaineering-equipment-recreation","9":"product_cat-arboriculture-tree-tender-ropes-ropes-mountaineering-equipment-recreation","11":"first","12":"instock","13":"shipping-taxable","14":"purchasable","15":"product-type-simple"},"_links":{"self":[{"href":"https:\/\/sezona.lv\/en\/wp-json\/wp\/v2\/product\/77324","targetHints":{"allow":["GET"]}}],"collection":[{"href":"https:\/\/sezona.lv\/en\/wp-json\/wp\/v2\/product"}],"about":[{"href":"https:\/\/sezona.lv\/en\/wp-json\/wp\/v2\/types\/product"}],"wp:attachment":[{"href":"https:\/\/sezona.lv\/en\/wp-json\/wp\/v2\/media?parent=77324"}],"wp:term":[{"taxonomy":"product_brand","embeddable":true,"href":"https:\/\/sezona.lv\/en\/wp-json\/wp\/v2\/product_brand?post=77324"},{"taxonomy":"product_cat","embeddable":true,"href":"https:\/\/sezona.lv\/en\/wp-json\/wp\/v2\/product_cat?post=77324"},{"taxonomy":"product_tag","embeddable":true,"href":"https:\/\/sezona.lv\/en\/wp-json\/wp\/v2\/product_tag?post=77324"}],"curies":[{"name":"wp","href":"https:\/\/api.w.org\/{rel}","templated":true}]}}