{"id":77325,"date":"2025-07-14T15:04:38","date_gmt":"2025-07-14T12:04:38","guid":{"rendered":"https:\/\/demo8.ecube.lv\/sezona.lv\/products\/virve-edelrid-x-p-e-12-3-mm-50m\/"},"modified":"2025-07-14T15:04:38","modified_gmt":"2025-07-14T12:04:38","slug":"virve-edelrid-x-p-e-12-3-mm-50m","status":"publish","type":"product","link":"https:\/\/sezona.lv\/en\/products\/virve-edelrid-x-p-e-12-3-mm-50m\/","title":{"rendered":"Virve Edelrid X-P e 12.3 mm 50m"},"content":{"rendered":"<p><span>Augstas iztur\u012bbas, viegli lietojama pusdinamisk\u0101 virve arboristiem. T\u0101 izgatavota cie&scaron;\u0101 sadarb\u012bb\u0101 ar lietot\u0101jiem un profesion\u0101\u013ciem, lai izveidotu dro&scaron;u, izcilas kvalit\u0101tes virvi. &Scaron;\u012bm virv\u0113m ir iesp\u0113jams iep\u012bt &scaron;auro cilpu (splice eye) galos. Zil\u0101s kr\u0101sas virve n\u0101k ar vienu r\u016bpnieciski ie&scaron;\u016btu cilpu gal\u0101.<\/span><\/p>\n<ul class=\"item_traits\">\n<li class=\"odd\"><label>Diametrs:<\/label>12.3 mm<\/li>\n<li><label>Iztur\u012bba:<\/label>32 kN<\/li>\n<li class=\"odd\"><label>Apvalka nob\u012bde:<\/label>o mm<\/li>\n<li><label>Statisk\u0101 izstiep&scaron;an\u0101s (50-150kg):<\/label>2,2 %<\/li>\n<li class=\"odd\"><label>Tips:<\/label>A<\/li>\n<li><label>Svars:<\/label>90 g<\/li>\n<\/ul>\n","protected":false},"excerpt":{"rendered":"<p>Augstas iztur\u012bbas, viegli lietojama pusdinamisk\u0101 virve arboristiem. T\u0101 izgatavota cie&scaron;\u0101 sadarb\u012bb\u0101 ar lietot\u0101jiem un profesion\u0101\u013ciem, lai izveidotu dro&scaron;u, izcilas kvalit\u0101tes virvi. &Scaron;\u012bm virv\u0113m ir iesp\u0113jams iep\u012bt &scaron;auro cilpu (splice eye) galos. Zil\u0101s kr\u0101sas virve n\u0101k ar vienu r\u016bpnieciski ie&scaron;\u016btu cilpu gal\u0101. Diametrs:12.3 mm Iztur\u012bba:32 kN Apvalka nob\u012bde:o mm Statisk\u0101 izstiep&scaron;an\u0101s (50-150kg):2,2 % Tips:A Svars:90 g<\/p>\n","protected":false},"featured_media":0,"template":"","meta":[],"product_brand":[3348],"product_cat":[4851,4885,4890],"product_tag":[],"class_list":{"0":"post-77325","1":"product","2":"type-product","3":"status-publish","5":"product_brand-edelrid","6":"product_cat-mountaineering-equipment-recreation","7":"product_cat-ropes-mountaineering-equipment-recreation","8":"product_cat-arboriculture-tree-tender-ropes-ropes-mountaineering-equipment-recreation","10":"first","11":"instock","12":"shipping-taxable","13":"purchasable","14":"product-type-simple"},"_links":{"self":[{"href":"https:\/\/sezona.lv\/en\/wp-json\/wp\/v2\/product\/77325","targetHints":{"allow":["GET"]}}],"collection":[{"href":"https:\/\/sezona.lv\/en\/wp-json\/wp\/v2\/product"}],"about":[{"href":"https:\/\/sezona.lv\/en\/wp-json\/wp\/v2\/types\/product"}],"wp:attachment":[{"href":"https:\/\/sezona.lv\/en\/wp-json\/wp\/v2\/media?parent=77325"}],"wp:term":[{"taxonomy":"product_brand","embeddable":true,"href":"https:\/\/sezona.lv\/en\/wp-json\/wp\/v2\/product_brand?post=77325"},{"taxonomy":"product_cat","embeddable":true,"href":"https:\/\/sezona.lv\/en\/wp-json\/wp\/v2\/product_cat?post=77325"},{"taxonomy":"product_tag","embeddable":true,"href":"https:\/\/sezona.lv\/en\/wp-json\/wp\/v2\/product_tag?post=77325"}],"curies":[{"name":"wp","href":"https:\/\/api.w.org\/{rel}","templated":true}]}}