{"id":77328,"date":"2025-07-14T15:04:41","date_gmt":"2025-07-14T12:04:41","guid":{"rendered":"https:\/\/demo8.ecube.lv\/sezona.lv\/products\/virve-tendon-speleo-10-5-mm\/"},"modified":"2025-07-14T15:04:41","modified_gmt":"2025-07-14T12:04:41","slug":"virve-tendon-speleo-10-5-mm","status":"publish","type":"product","link":"https:\/\/sezona.lv\/en\/products\/virve-tendon-speleo-10-5-mm\/","title":{"rendered":"Virve Tendon Speleo 10.5 mm"},"content":{"rendered":"<p><span>\u012apa&scaron;i speleolo\u0123ijai izgatavota virve. Tai piem\u012bt \u013coti zema statisk\u0101 izstiep&scaron;an\u0101s, augsta statisk\u0101 iztur\u012bba un nep\u0101rsp\u0113jama abraz\u012bv\u0101 iztur\u012bba. Sertifik\u0101cija: EN 1891 \/ CE 1019.<\/span><\/p>\n<ul class=\"item_traits\">\n<li class=\"odd\"><label>Diametrs:<\/label>10.5 mm<\/li>\n<li><label>Iztur\u012bba:<\/label>30 kN<\/li>\n<li class=\"odd\"><label>Apvalka nob\u012bde:<\/label>2 mm<\/li>\n<li><label>Statisk\u0101 izstiep&scaron;an\u0101s (50-150kg):<\/label>3.4 %<\/li>\n<li class=\"odd\"><label>Materi\u0101ls:<\/label>PA<\/li>\n<li><label>Tips:<\/label>A<\/li>\n<li class=\"odd\"><label>Svars:<\/label>70 g<\/li>\n<\/ul>\n","protected":false},"excerpt":{"rendered":"<p>\u012apa&scaron;i speleolo\u0123ijai izgatavota virve. Tai piem\u012bt \u013coti zema statisk\u0101 izstiep&scaron;an\u0101s, augsta statisk\u0101 iztur\u012bba un nep\u0101rsp\u0113jama abraz\u012bv\u0101 iztur\u012bba. Sertifik\u0101cija: EN 1891 \/ CE 1019. Diametrs:10.5 mm Iztur\u012bba:30 kN Apvalka nob\u012bde:2 mm Statisk\u0101 izstiep&scaron;an\u0101s (50-150kg):3.4 % Materi\u0101ls:PA Tips:A Svars:70 g<\/p>\n","protected":false},"featured_media":0,"template":"","meta":[],"product_brand":[3351],"product_cat":[4851,4885,4887],"product_tag":[],"class_list":{"0":"post-77328","1":"product","2":"type-product","3":"status-publish","5":"product_brand-tendon","6":"product_cat-mountaineering-equipment-recreation","7":"product_cat-ropes-mountaineering-equipment-recreation","8":"product_cat-semi-dynamic-static-ropes-ropes-mountaineering-equipment-recreation","10":"first","11":"instock","12":"shipping-taxable","13":"purchasable","14":"product-type-simple"},"_links":{"self":[{"href":"https:\/\/sezona.lv\/en\/wp-json\/wp\/v2\/product\/77328","targetHints":{"allow":["GET"]}}],"collection":[{"href":"https:\/\/sezona.lv\/en\/wp-json\/wp\/v2\/product"}],"about":[{"href":"https:\/\/sezona.lv\/en\/wp-json\/wp\/v2\/types\/product"}],"wp:attachment":[{"href":"https:\/\/sezona.lv\/en\/wp-json\/wp\/v2\/media?parent=77328"}],"wp:term":[{"taxonomy":"product_brand","embeddable":true,"href":"https:\/\/sezona.lv\/en\/wp-json\/wp\/v2\/product_brand?post=77328"},{"taxonomy":"product_cat","embeddable":true,"href":"https:\/\/sezona.lv\/en\/wp-json\/wp\/v2\/product_cat?post=77328"},{"taxonomy":"product_tag","embeddable":true,"href":"https:\/\/sezona.lv\/en\/wp-json\/wp\/v2\/product_tag?post=77328"}],"curies":[{"name":"wp","href":"https:\/\/api.w.org\/{rel}","templated":true}]}}