{"id":77329,"date":"2025-07-14T15:04:42","date_gmt":"2025-07-14T12:04:42","guid":{"rendered":"https:\/\/demo8.ecube.lv\/sezona.lv\/products\/virve-tendon-secure-11\/"},"modified":"2025-07-14T15:04:42","modified_gmt":"2025-07-14T12:04:42","slug":"virve-tendon-secure-11","status":"publish","type":"product","link":"https:\/\/sezona.lv\/en\/products\/virve-tendon-secure-11\/","title":{"rendered":"Virve Tendon Secure 11"},"content":{"rendered":"<p><span>\u013boti iztur\u012bga un dro&scaron;a statisk\u0101 virve, kas piem\u0113rota darbiem augstum\u0101, gl\u0101b&scaron;anas darbiem un citam pielietojumam, kur virves kodolam un apvalkam ir liela noslodze un past\u0101v risks to saboj\u0101t. Pateicoties &scaron;ai virvei, iev\u0113rojami tiek paaugstin\u0101ta dro&scaron;\u012bba, gad\u012bjum\u0101, ja t\u0101 cietusi no meh\u0101niskiem boj\u0101jumiem (asas &scaron;\u0137autnes, kr\u012bto&scaron;i priek&scaron;meti u.tml.). Pateicoties virves unik\u0101lajam `sviestmaizes tipa` pinumam un \u012bpa&scaron;i izgatavot\u0101m &scaron;\u0137iedr\u0101m, virve sp\u0113s notur\u0113t cilv\u0113ku vai kravu gad\u012bjum\u0101, ja virves kodols vai apvalks cietis no meh\u0101niska boj\u0101juma (bez piln\u012bga p\u0101rr\u0101vuma un sekojo&scaron;a kritiena). Pat gad\u012bjum\u0101, kad virve cietusi no smagiem boj\u0101jumiem, b\u016bs iesp\u0113jams nog\u0101d\u0101t sevi vai citus pietiekami dro&scaron;\u0101 viet\u0101. Izgatavota un p\u0101rbaud\u012bta saska\u0146\u0101 ar EN 1891 un CE 1019 standartiem.<\/span><\/p>\n<ul class=\"item_traits\">\n<li class=\"odd\"><label>Diametrs:<\/label>11 mm<\/li>\n<li><label>Iztur\u012bba:<\/label>28 kN<\/li>\n<li class=\"odd\"><label>Apvalka nob\u012bde:<\/label>o mm<\/li>\n<li><label>Tips:<\/label>A<\/li>\n<li class=\"odd\"><label>Svars:<\/label>80 g<\/li>\n<\/ul>\n","protected":false},"excerpt":{"rendered":"<p>\u013boti iztur\u012bga un dro&scaron;a statisk\u0101 virve, kas piem\u0113rota darbiem augstum\u0101, gl\u0101b&scaron;anas darbiem un citam pielietojumam, kur virves kodolam un apvalkam ir liela noslodze un past\u0101v risks to saboj\u0101t. Pateicoties &scaron;ai virvei, iev\u0113rojami tiek paaugstin\u0101ta dro&scaron;\u012bba, gad\u012bjum\u0101, ja t\u0101 cietusi no meh\u0101niskiem boj\u0101jumiem (asas &scaron;\u0137autnes, kr\u012bto&scaron;i priek&scaron;meti u.tml.). Pateicoties virves unik\u0101lajam `sviestmaizes tipa` pinumam un \u012bpa&scaron;i [&hellip;]<\/p>\n","protected":false},"featured_media":0,"template":"","meta":[],"product_brand":[3351],"product_cat":[4851,4885,4887],"product_tag":[],"class_list":{"0":"post-77329","1":"product","2":"type-product","3":"status-publish","5":"product_brand-tendon","6":"product_cat-mountaineering-equipment-recreation","7":"product_cat-ropes-mountaineering-equipment-recreation","8":"product_cat-semi-dynamic-static-ropes-ropes-mountaineering-equipment-recreation","10":"first","11":"instock","12":"shipping-taxable","13":"purchasable","14":"product-type-simple"},"_links":{"self":[{"href":"https:\/\/sezona.lv\/en\/wp-json\/wp\/v2\/product\/77329","targetHints":{"allow":["GET"]}}],"collection":[{"href":"https:\/\/sezona.lv\/en\/wp-json\/wp\/v2\/product"}],"about":[{"href":"https:\/\/sezona.lv\/en\/wp-json\/wp\/v2\/types\/product"}],"wp:attachment":[{"href":"https:\/\/sezona.lv\/en\/wp-json\/wp\/v2\/media?parent=77329"}],"wp:term":[{"taxonomy":"product_brand","embeddable":true,"href":"https:\/\/sezona.lv\/en\/wp-json\/wp\/v2\/product_brand?post=77329"},{"taxonomy":"product_cat","embeddable":true,"href":"https:\/\/sezona.lv\/en\/wp-json\/wp\/v2\/product_cat?post=77329"},{"taxonomy":"product_tag","embeddable":true,"href":"https:\/\/sezona.lv\/en\/wp-json\/wp\/v2\/product_tag?post=77329"}],"curies":[{"name":"wp","href":"https:\/\/api.w.org\/{rel}","templated":true}]}}